{"id":2455,"date":"2023-03-29T19:26:10","date_gmt":"2023-03-29T17:26:10","guid":{"rendered":"https:\/\/test.cacciamani.com\/informatiile-mentionate-la-articolul-1-litera-c-125-din-l-04-08-2017-nr-124\/"},"modified":"2023-04-04T16:26:47","modified_gmt":"2023-04-04T14:26:47","slug":"informatiile-mentionate-la-articolul-1-litera-c-125-din-l-04-08-2017-nr-124","status":"publish","type":"page","link":"https:\/\/test.cacciamani.com\/ro\/informatiile-mentionate-la-articolul-1-litera-c-125-din-l-04-08-2017-nr-124\/","title":{"rendered":"Informa\u021biile men\u021bionate la articolul 1 litera (c). 125 din L. 04\/08\/2017 nr. 124"},"content":{"rendered":"\n\n  <div class=\"banner has-hover has-parallax\" id=\"banner-505315326\">\n          <div class=\"banner-inner fill\">\n        <div class=\"banner-bg fill\" data-parallax=\"-2\" data-parallax-container=\".banner\" data-parallax-background>\n            <div class=\"bg fill bg-fill \"><\/div>\n                        <div class=\"overlay\"><\/div>            \n                    <\/div>\n\t\t\n        <div class=\"banner-layers container\">\n            <div class=\"fill banner-link\"><\/div>            \n\n   <div id=\"text-box-1563605247\" class=\"text-box banner-layer x50 md-x50 lg-x50 y50 md-y50 lg-y50 res-text\">\n                                <div class=\"text-box-content text dark\">\n              \n              <div class=\"text-inner text-center\">\n                  \n\n<h3 class=\"uppercase\"><strong>Informa\u021biile men\u021bionate la articolul 1 litera (c). 125 din L. 04\/08\/2017 nr. 124<\/strong><\/h3>\n\n<div class=\"is-divider divider clearfix\" ><\/div>\n\n\n              <\/div>\n           <\/div>\n                            \n<style>\n#text-box-1563605247 {\n  width: 60%;\n}\n#text-box-1563605247 .text-box-content {\n  font-size: 100%;\n}\n@media (min-width:550px) {\n  #text-box-1563605247 {\n    width: 68%;\n  }\n}\n<\/style>\n    <\/div>\n \n\n        <\/div>\n      <\/div>\n\n            \n<style>\n#banner-505315326 {\n  padding-top: 300px;\n}\n#banner-505315326 .bg.bg-loaded {\n  background-image: url(https:\/\/test.cacciamani.com\/wp-content\/uploads\/2022\/12\/home_prova03.jpg);\n}\n#banner-505315326 .overlay {\n  background-color: rgba(0, 0, 0, 0.2);\n}\n#banner-505315326 .ux-shape-divider--top svg {\n  height: 150px;\n  --divider-top-width: 100%;\n}\n#banner-505315326 .ux-shape-divider--bottom svg {\n  height: 150px;\n  --divider-width: 100%;\n}\n<\/style>\n  <\/div>\n\n\n<div class=\"row\"  id=\"row-1943167787\">\n\n\n\t<div id=\"col-1008708460\" class=\"col small-12 large-12\"  >\n\t\t\t\t<div class=\"col-inner text-center\"  >\n\t\t\t\n\t\t\t\n\n<div class=\"row\"  id=\"row-1893645227\">\n\n\n\t<div id=\"col-214194509\" class=\"col medium-6 small-12 large-6\"  >\n\t\t\t\t<div class=\"col-inner text-center\"  >\n\t\t\t\n\t\t\t\n\n<p>Informa\u021biile men\u021bionate la articolul 1 litera (c). 125 din L. 04\/08\/2017 nr. 124<br>\nAjutoarele de stat \u0219i ajutoarele de minimis primite sunt cuprinse \u00een Registrul na\u021bional al ajutoarelor de stat, \u00een conformitate cu art. 52 din Legea 234\/2012&#8243; \u0219i poate fi consultat la urm\u0103torul link, introduc\u00e2nd ca \u0219i cheie de c\u0103utare \u00een c\u00e2mpul<br>\nCOD FISCAL: 00964430425<\/p>\n<p>https:\/\/www.rna.gov.it\/RegistroNazionaleTrasparenza\/faces\/pages\/TrasparenzaAiuto.jspx<\/p>\n<p>De asemenea, societatea a primit urm\u0103toarele ajutoare\/subven\u021bii:<br>\n&#8211; Anul 2020 &#8211; Agent de plat\u0103 Agen\u021bia de Venituri &#8211; art. 24 H.L. 34\/2020 &#8220;Renun\u021bare la soldul Irap 2019&#8221; 2.421 euro<br>\n&#8211; Anul 2020 &#8211; Agentul de plat\u0103 Agen\u021bia fiscal\u0103 &#8211; art. 24 din H.L. 34\/2020 &#8220;Primul avans Irap 2020&#8221; 1 593 EUR<br>\n&#8211; Anul 2020 &#8211; Grantor Agen\u021bia de Venituri &#8211; Art. 25 D.L. 34\/2020 &#8220;Subven\u021bie nerambursabil\u0103&#8221; 4,803 EUR<\/p>\n\n\n\t\t<\/div>\n\t\t\t\t\t<\/div>\n\n\t\n\n<\/div>\n\n\t\t<\/div>\n\t\t\t\t\t<\/div>\n\n\t\n\n<\/div>\n\n","protected":false},"excerpt":{"rendered":"","protected":false},"author":1,"featured_media":1147,"parent":0,"menu_order":0,"comment_status":"closed","ping_status":"closed","template":"page-blank.php","meta":{"footnotes":""},"class_list":["post-2455","page","type-page","status-publish","has-post-thumbnail","hentry"],"_links":{"self":[{"href":"https:\/\/test.cacciamani.com\/ro\/wp-json\/wp\/v2\/pages\/2455","targetHints":{"allow":["GET"]}}],"collection":[{"href":"https:\/\/test.cacciamani.com\/ro\/wp-json\/wp\/v2\/pages"}],"about":[{"href":"https:\/\/test.cacciamani.com\/ro\/wp-json\/wp\/v2\/types\/page"}],"author":[{"embeddable":true,"href":"https:\/\/test.cacciamani.com\/ro\/wp-json\/wp\/v2\/users\/1"}],"replies":[{"embeddable":true,"href":"https:\/\/test.cacciamani.com\/ro\/wp-json\/wp\/v2\/comments?post=2455"}],"version-history":[{"count":1,"href":"https:\/\/test.cacciamani.com\/ro\/wp-json\/wp\/v2\/pages\/2455\/revisions"}],"predecessor-version":[{"id":2460,"href":"https:\/\/test.cacciamani.com\/ro\/wp-json\/wp\/v2\/pages\/2455\/revisions\/2460"}],"wp:featuredmedia":[{"embeddable":true,"href":"https:\/\/test.cacciamani.com\/ro\/wp-json\/wp\/v2\/media\/1147"}],"wp:attachment":[{"href":"https:\/\/test.cacciamani.com\/ro\/wp-json\/wp\/v2\/media?parent=2455"}],"curies":[{"name":"wp","href":"https:\/\/api.w.org\/{rel}","templated":true}]}}