{"id":2324,"date":"2023-03-09T18:47:02","date_gmt":"2023-03-09T17:47:02","guid":{"rendered":"https:\/\/test.cacciamani.com\/masina-autopropulsata-pentru-blocuri-ce-105\/"},"modified":"2023-04-04T16:26:32","modified_gmt":"2023-04-04T14:26:32","slug":"masina-autopropulsata-pentru-blocuri-ce-105","status":"publish","type":"page","link":"https:\/\/test.cacciamani.com\/ro\/produse\/blocanti-autopropulsati\/masina-autopropulsata-pentru-blocuri-ce-105\/","title":{"rendered":"Ma\u0219in\u0103 autopropulsat\u0103 pentru blocuri CE 105"},"content":{"rendered":"\n\n  <div class=\"banner has-hover\" id=\"banner-1441655614\">\n          <div class=\"banner-inner fill\">\n        <div class=\"banner-bg fill\" >\n            <div class=\"bg fill bg-fill \"><\/div>\n                                    \n                    <\/div>\n\t\t\n        <div class=\"banner-layers container\">\n            <div class=\"fill banner-link\"><\/div>            \n\n   <div id=\"text-box-191982615\" class=\"text-box banner-layer x50 md-x50 lg-x50 y50 md-y50 lg-y50 res-text\">\n                                <div class=\"text-box-content text dark\">\n              \n              <div class=\"text-inner text-center\">\n                  \n\n<h3 class=\"uppercase\"><strong>BLOCATOR AUTOPROPULSAT CE 105<\/strong><\/h3>\n\n              <\/div>\n           <\/div>\n                            \n<style>\n#text-box-191982615 {\n  width: 50%;\n}\n#text-box-191982615 .text-box-content {\n  font-size: 80%;\n}\n@media (min-width:850px) {\n  #text-box-191982615 .text-box-content {\n    font-size: 100%;\n  }\n}\n<\/style>\n    <\/div>\n \n\n        <\/div>\n      <\/div>\n\n            \n<style>\n#banner-1441655614 {\n  padding-top: 80px;\n}\n#banner-1441655614 .bg.bg-loaded {\n  background-image: url(https:\/\/test.cacciamani.com\/wp-content\/uploads\/2023\/03\/DSCF3636-Medium-832x800.jpg);\n}\n#banner-1441655614 .bg {\n  background-position: 47% 42%;\n}\n#banner-1441655614 .ux-shape-divider--top svg {\n  height: 150px;\n  --divider-top-width: 100%;\n}\n#banner-1441655614 .ux-shape-divider--bottom svg {\n  height: 150px;\n  --divider-width: 100%;\n}\n@media (min-width:550px) {\n  #banner-1441655614 {\n    padding-top: 140px;\n  }\n}\n@media (min-width:850px) {\n  #banner-1441655614 {\n    padding-top: 230px;\n  }\n}\n<\/style>\n  <\/div>\n\n\n\t<section class=\"section\" id=\"section_641708241\">\n\t\t<div class=\"bg section-bg fill bg-fill  bg-loaded\" >\n\n\t\t\t\n\t\t\t\n\t\t\t\n\n\t\t<\/div>\n\n\t\t\n\n\t\t<div class=\"section-content relative\">\n\t\t\t\n\n  <div id=\"page-header-1335167678\" class=\"page-header-wrapper\">\n  <div class=\"page-title light simple-title\">\n\n    \n    <div class=\"page-title-inner container align-center flex-row medium-flex-wrap row-reverse\" >\n            <div class=\"title-content flex-col flex-left text-left medium-text-center\">\n        <div class=\"title-breadcrumbs pb-half pt-half\"><nav class=\"woocommerce-breadcrumb breadcrumbs uppercase\">Home<\/nav><\/div>      <\/div>\n    <\/div>\n\n       <\/div>\n    <\/div>\n  \n\n\t<div id=\"gap-2013712500\" class=\"gap-element clearfix\" style=\"display:block; height:auto;\">\n\t\t\n<style>\n#gap-2013712500 {\n  padding-top: 40px;\n}\n<\/style>\n\t<\/div>\n\t\n\n<div class=\"row\"  id=\"row-1901443523\">\n\n\n\t<div id=\"col-1300430480\" class=\"col medium-10 small-12 large-10\"  >\n\t\t\t\t<div class=\"col-inner\"  >\n\t\t\t\n\t\t\t\n\n<div class=\"row\"  id=\"row-1054361310\">\n\n\n\t<div id=\"col-1664958908\" class=\"col small-12 large-12\"  >\n\t\t\t\t<div class=\"col-inner\"  >\n\t\t\t\n\t\t\t\n\n\t<div id=\"text-2913717492\" class=\"text\">\n\t\t\n\n<p>BLOC CE 105\/S Autopropulsat\u0103 (SEMIAUTOMAT\u0102 SAU AUTOMAT\u0102)<\/p>\n<p>La Blocchiera produce pavaje autoblocante, pavele, borduri, burlane, canale de fum, volterane \u0219i alte articole cu \u00een\u0103l\u021bimi cuprinse \u00eentre 6 \u0219i 30 cm. Lungimi fezabile 30\/40\/50\/60.<br>\nMa\u0219ina este echipat\u0103 cu nr.2 vibratoare laterale cu motoare cu autofr\u00e2nare \u0219i cu nr.1 vibrator de pieptene suplimentar. \u00cen plus, pentru a asigura o alimentare perfect\u0103, blockchain-ul este echipat cu o transmisie dubl\u0103, cu o ax\u0103 care s\u0103 respecte paralelismul. Motorul de alimentare este cu autofr\u00e2nare pentru a permite o oprire perfect\u0103. De asemenea, ma\u0219ina este echipat\u0103 cu dispozitive cu cremalier\u0103 \u0219i pinion pentru a permite pieptenilor \u0219i matri\u021bei s\u0103 coboare perfect pentru a ob\u021bine \u00eentotdeauna aceea\u0219i \u00een\u0103l\u021bime a piesei. Avansarea ma\u0219inii \u0219i pornirea vibratoarelor este automat\u0103 \u0219i complet reglabil\u0103. Ma\u0219ina este echipat\u0103 cu protec\u021bii de siguran\u021b\u0103 \u0219i contacte electrice. \u00cen plus, \u00een partea din fa\u021b\u0103 exist\u0103 o bar\u0103 de amortizare a \u0219ocurilor, care blocheaz\u0103 instantaneu avansul atunci c\u00e2nd \u00eent\u00e2lne\u0219te un obstacol. O lumin\u0103 intermitent\u0103 indic\u0103 faptul c\u0103 ma\u0219ina este \u00een func\u021biune.<\/p>\n<p>PRODUC\u021aIE ZILNIC\u0102 5.000 BLOCURI 20x40x20 \u00een 8 ore de lucru.<\/p>\n<p>PRODUC\u021aIE ZILNIC\u0102 PARDOSEAL\u0102 AUTOBLOCANT\u0102 H 6\/8\/10 500 mp. \u00een 8 ore de lucru.<\/p>\n<p>Cutia de blocare trebuie s\u0103 fie alimentat\u0103 corespunz\u0103tor.<\/p>\n\t\t\n<style>\n#text-2913717492 {\n  text-align: center;\n}\n<\/style>\n\t<\/div>\n\t\n\n\t\t<\/div>\n\t\t\t\t\t<\/div>\n\n\t\n\n<\/div>\n\n  \n    <div class=\"row large-columns-3 medium-columns-3 small-columns-2 row-xsmall\">\n  <div class=\"gallery-col col\" >\n          <div class=\"col-inner\">\n            <a class=\"image-lightbox lightbox-gallery\" href=\"https:\/\/test.cacciamani.com\/wp-content\/uploads\/2023\/03\/DSCF3635-Medium-751x800.jpg\" title=\"\">            <div class=\"box has-hover gallery-box box-normal\">\n              <div class=\"box-image image-zoom image-cover\" style=\"padding-top:75%;\">\n                <img loading=\"lazy\" decoding=\"async\" width=\"376\" height=\"400\" src=\"https:\/\/test.cacciamani.com\/wp-content\/uploads\/2023\/03\/DSCF3635-Medium-376x400.jpg\" class=\"attachment-medium size-medium\" alt=\"\" ids=\"734,735,736,737,738,739,740,741,742\" style=\"normal\" col_spacing=\"xsmall\" columns=\"3\" columns__sm=\"2\" columns__md=\"3\" image_height=\"75%\" image_hover=\"zoom\" srcset=\"https:\/\/test.cacciamani.com\/wp-content\/uploads\/2023\/03\/DSCF3635-Medium-376x400.jpg 376w, https:\/\/test.cacciamani.com\/wp-content\/uploads\/2023\/03\/DSCF3635-Medium-751x800.jpg 751w, https:\/\/test.cacciamani.com\/wp-content\/uploads\/2023\/03\/DSCF3635-Medium-768x818.jpg 768w, https:\/\/test.cacciamani.com\/wp-content\/uploads\/2023\/03\/DSCF3635-Medium-600x639.jpg 600w, https:\/\/test.cacciamani.com\/wp-content\/uploads\/2023\/03\/DSCF3635-Medium.jpg 960w\" sizes=\"auto, (max-width: 376px) 100vw, 376px\" \/>                                                              <\/div>\n              <div class=\"box-text text-left\" >\n                 <p><\/p>\n              <\/div>\n            <\/div>\n            <\/a>          <\/div>\n         <\/div><div class=\"gallery-col col\" >\n          <div class=\"col-inner\">\n            <a class=\"image-lightbox lightbox-gallery\" href=\"https:\/\/test.cacciamani.com\/wp-content\/uploads\/2023\/03\/DSCF3636-Medium-832x800.jpg\" title=\"\">            <div class=\"box has-hover gallery-box box-normal\">\n              <div class=\"box-image image-zoom image-cover\" style=\"padding-top:75%;\">\n                <img loading=\"lazy\" decoding=\"async\" width=\"416\" height=\"400\" src=\"https:\/\/test.cacciamani.com\/wp-content\/uploads\/2023\/03\/DSCF3636-Medium-416x400.jpg\" class=\"attachment-medium size-medium\" alt=\"\" ids=\"734,735,736,737,738,739,740,741,742\" style=\"normal\" col_spacing=\"xsmall\" columns=\"3\" columns__sm=\"2\" columns__md=\"3\" image_height=\"75%\" image_hover=\"zoom\" srcset=\"https:\/\/test.cacciamani.com\/wp-content\/uploads\/2023\/03\/DSCF3636-Medium-416x400.jpg 416w, https:\/\/test.cacciamani.com\/wp-content\/uploads\/2023\/03\/DSCF3636-Medium-832x800.jpg 832w, https:\/\/test.cacciamani.com\/wp-content\/uploads\/2023\/03\/DSCF3636-Medium-768x738.jpg 768w, https:\/\/test.cacciamani.com\/wp-content\/uploads\/2023\/03\/DSCF3636-Medium-600x577.jpg 600w, https:\/\/test.cacciamani.com\/wp-content\/uploads\/2023\/03\/DSCF3636-Medium.jpg 960w\" sizes=\"auto, (max-width: 416px) 100vw, 416px\" \/>                                                              <\/div>\n              <div class=\"box-text text-left\" >\n                 <p><\/p>\n              <\/div>\n            <\/div>\n            <\/a>          <\/div>\n         <\/div><div class=\"gallery-col col\" >\n          <div class=\"col-inner\">\n            <a class=\"image-lightbox lightbox-gallery\" href=\"https:\/\/test.cacciamani.com\/wp-content\/uploads\/2023\/03\/DSCF3639-Medium-898x800.jpg\" title=\"\">            <div class=\"box has-hover gallery-box box-normal\">\n              <div class=\"box-image image-zoom image-cover\" style=\"padding-top:75%;\">\n                <img loading=\"lazy\" decoding=\"async\" width=\"449\" height=\"400\" src=\"https:\/\/test.cacciamani.com\/wp-content\/uploads\/2023\/03\/DSCF3639-Medium-449x400.jpg\" class=\"attachment-medium size-medium\" alt=\"\" ids=\"734,735,736,737,738,739,740,741,742\" style=\"normal\" col_spacing=\"xsmall\" columns=\"3\" columns__sm=\"2\" columns__md=\"3\" image_height=\"75%\" image_hover=\"zoom\" srcset=\"https:\/\/test.cacciamani.com\/wp-content\/uploads\/2023\/03\/DSCF3639-Medium-449x400.jpg 449w, https:\/\/test.cacciamani.com\/wp-content\/uploads\/2023\/03\/DSCF3639-Medium-898x800.jpg 898w, https:\/\/test.cacciamani.com\/wp-content\/uploads\/2023\/03\/DSCF3639-Medium-768x684.jpg 768w, https:\/\/test.cacciamani.com\/wp-content\/uploads\/2023\/03\/DSCF3639-Medium-600x534.jpg 600w, https:\/\/test.cacciamani.com\/wp-content\/uploads\/2023\/03\/DSCF3639-Medium.jpg 960w\" sizes=\"auto, (max-width: 449px) 100vw, 449px\" \/>                                                              <\/div>\n              <div class=\"box-text text-left\" >\n                 <p><\/p>\n              <\/div>\n            <\/div>\n            <\/a>          <\/div>\n         <\/div><div class=\"gallery-col col\" >\n          <div class=\"col-inner\">\n            <a class=\"image-lightbox lightbox-gallery\" href=\"https:\/\/test.cacciamani.com\/wp-content\/uploads\/2023\/03\/DSCF3641-Medium.jpg\" title=\"\">            <div class=\"box has-hover gallery-box box-normal\">\n              <div class=\"box-image image-zoom image-cover\" style=\"padding-top:75%;\">\n                <img loading=\"lazy\" decoding=\"async\" width=\"487\" height=\"400\" src=\"https:\/\/test.cacciamani.com\/wp-content\/uploads\/2023\/03\/DSCF3641-Medium-487x400.jpg\" class=\"attachment-medium size-medium\" alt=\"\" ids=\"734,735,736,737,738,739,740,741,742\" style=\"normal\" col_spacing=\"xsmall\" columns=\"3\" columns__sm=\"2\" columns__md=\"3\" image_height=\"75%\" image_hover=\"zoom\" srcset=\"https:\/\/test.cacciamani.com\/wp-content\/uploads\/2023\/03\/DSCF3641-Medium-487x400.jpg 487w, https:\/\/test.cacciamani.com\/wp-content\/uploads\/2023\/03\/DSCF3641-Medium-768x630.jpg 768w, https:\/\/test.cacciamani.com\/wp-content\/uploads\/2023\/03\/DSCF3641-Medium-600x493.jpg 600w, https:\/\/test.cacciamani.com\/wp-content\/uploads\/2023\/03\/DSCF3641-Medium.jpg 960w\" sizes=\"auto, (max-width: 487px) 100vw, 487px\" \/>                                                              <\/div>\n              <div class=\"box-text text-left\" >\n                 <p><\/p>\n              <\/div>\n            <\/div>\n            <\/a>          <\/div>\n         <\/div><div class=\"gallery-col col\" >\n          <div class=\"col-inner\">\n            <a class=\"image-lightbox lightbox-gallery\" href=\"https:\/\/test.cacciamani.com\/wp-content\/uploads\/2023\/03\/DSCF3675-Medium.jpg\" title=\"\">            <div class=\"box has-hover gallery-box box-normal\">\n              <div class=\"box-image image-zoom image-cover\" style=\"padding-top:75%;\">\n                <img loading=\"lazy\" decoding=\"async\" width=\"533\" height=\"400\" src=\"https:\/\/test.cacciamani.com\/wp-content\/uploads\/2023\/03\/DSCF3675-Medium-533x400.jpg\" class=\"attachment-medium size-medium\" alt=\"\" ids=\"734,735,736,737,738,739,740,741,742\" style=\"normal\" col_spacing=\"xsmall\" columns=\"3\" columns__sm=\"2\" columns__md=\"3\" image_height=\"75%\" image_hover=\"zoom\" srcset=\"https:\/\/test.cacciamani.com\/wp-content\/uploads\/2023\/03\/DSCF3675-Medium-533x400.jpg 533w, https:\/\/test.cacciamani.com\/wp-content\/uploads\/2023\/03\/DSCF3675-Medium-768x576.jpg 768w, https:\/\/test.cacciamani.com\/wp-content\/uploads\/2023\/03\/DSCF3675-Medium-600x450.jpg 600w, https:\/\/test.cacciamani.com\/wp-content\/uploads\/2023\/03\/DSCF3675-Medium.jpg 960w\" sizes=\"auto, (max-width: 533px) 100vw, 533px\" \/>                                                              <\/div>\n              <div class=\"box-text text-left\" >\n                 <p><\/p>\n              <\/div>\n            <\/div>\n            <\/a>          <\/div>\n         <\/div><div class=\"gallery-col col\" >\n          <div class=\"col-inner\">\n            <a class=\"image-lightbox lightbox-gallery\" href=\"https:\/\/test.cacciamani.com\/wp-content\/uploads\/2023\/03\/DSCF3677-Medium.jpg\" title=\"\">            <div class=\"box has-hover gallery-box box-normal\">\n              <div class=\"box-image image-zoom image-cover\" style=\"padding-top:75%;\">\n                <img loading=\"lazy\" decoding=\"async\" width=\"533\" height=\"400\" src=\"https:\/\/test.cacciamani.com\/wp-content\/uploads\/2023\/03\/DSCF3677-Medium-533x400.jpg\" class=\"attachment-medium size-medium\" alt=\"\" ids=\"734,735,736,737,738,739,740,741,742\" style=\"normal\" col_spacing=\"xsmall\" columns=\"3\" columns__sm=\"2\" columns__md=\"3\" image_height=\"75%\" image_hover=\"zoom\" srcset=\"https:\/\/test.cacciamani.com\/wp-content\/uploads\/2023\/03\/DSCF3677-Medium-533x400.jpg 533w, https:\/\/test.cacciamani.com\/wp-content\/uploads\/2023\/03\/DSCF3677-Medium-768x576.jpg 768w, https:\/\/test.cacciamani.com\/wp-content\/uploads\/2023\/03\/DSCF3677-Medium-600x450.jpg 600w, https:\/\/test.cacciamani.com\/wp-content\/uploads\/2023\/03\/DSCF3677-Medium.jpg 960w\" sizes=\"auto, (max-width: 533px) 100vw, 533px\" \/>                                                              <\/div>\n              <div class=\"box-text text-left\" >\n                 <p><\/p>\n              <\/div>\n            <\/div>\n            <\/a>          <\/div>\n         <\/div><div class=\"gallery-col col\" >\n          <div class=\"col-inner\">\n            <a class=\"image-lightbox lightbox-gallery\" href=\"https:\/\/test.cacciamani.com\/wp-content\/uploads\/2023\/03\/IMG_2687-Custom-Medium.jpg\" title=\"\">            <div class=\"box has-hover gallery-box box-normal\">\n              <div class=\"box-image image-zoom image-cover\" style=\"padding-top:75%;\">\n                <img loading=\"lazy\" decoding=\"async\" width=\"501\" height=\"400\" src=\"https:\/\/test.cacciamani.com\/wp-content\/uploads\/2023\/03\/IMG_2687-Custom-Medium-501x400.jpg\" class=\"attachment-medium size-medium\" alt=\"\" ids=\"734,735,736,737,738,739,740,741,742\" style=\"normal\" col_spacing=\"xsmall\" columns=\"3\" columns__sm=\"2\" columns__md=\"3\" image_height=\"75%\" image_hover=\"zoom\" srcset=\"https:\/\/test.cacciamani.com\/wp-content\/uploads\/2023\/03\/IMG_2687-Custom-Medium-501x400.jpg 501w, https:\/\/test.cacciamani.com\/wp-content\/uploads\/2023\/03\/IMG_2687-Custom-Medium-768x614.jpg 768w, https:\/\/test.cacciamani.com\/wp-content\/uploads\/2023\/03\/IMG_2687-Custom-Medium-600x479.jpg 600w, https:\/\/test.cacciamani.com\/wp-content\/uploads\/2023\/03\/IMG_2687-Custom-Medium.jpg 960w\" sizes=\"auto, (max-width: 501px) 100vw, 501px\" \/>                                                              <\/div>\n              <div class=\"box-text text-left\" >\n                 <p><\/p>\n              <\/div>\n            <\/div>\n            <\/a>          <\/div>\n         <\/div><div class=\"gallery-col col\" >\n          <div class=\"col-inner\">\n            <a class=\"image-lightbox lightbox-gallery\" href=\"https:\/\/test.cacciamani.com\/wp-content\/uploads\/2023\/03\/IMG_2694-Custom-Medium-533x800.jpg\" title=\"\">            <div class=\"box has-hover gallery-box box-normal\">\n              <div class=\"box-image image-zoom image-cover\" style=\"padding-top:75%;\">\n                <img loading=\"lazy\" decoding=\"async\" width=\"267\" height=\"400\" src=\"https:\/\/test.cacciamani.com\/wp-content\/uploads\/2023\/03\/IMG_2694-Custom-Medium-267x400.jpg\" class=\"attachment-medium size-medium\" alt=\"\" ids=\"734,735,736,737,738,739,740,741,742\" style=\"normal\" col_spacing=\"xsmall\" columns=\"3\" columns__sm=\"2\" columns__md=\"3\" image_height=\"75%\" image_hover=\"zoom\" srcset=\"https:\/\/test.cacciamani.com\/wp-content\/uploads\/2023\/03\/IMG_2694-Custom-Medium-267x400.jpg 267w, https:\/\/test.cacciamani.com\/wp-content\/uploads\/2023\/03\/IMG_2694-Custom-Medium-533x800.jpg 533w, https:\/\/test.cacciamani.com\/wp-content\/uploads\/2023\/03\/IMG_2694-Custom-Medium-768x1152.jpg 768w, https:\/\/test.cacciamani.com\/wp-content\/uploads\/2023\/03\/IMG_2694-Custom-Medium-600x900.jpg 600w, https:\/\/test.cacciamani.com\/wp-content\/uploads\/2023\/03\/IMG_2694-Custom-Medium.jpg 960w\" sizes=\"auto, (max-width: 267px) 100vw, 267px\" \/>                                                              <\/div>\n              <div class=\"box-text text-left\" >\n                 <p><\/p>\n              <\/div>\n            <\/div>\n            <\/a>          <\/div>\n         <\/div><div class=\"gallery-col col\" >\n          <div class=\"col-inner\">\n            <a class=\"image-lightbox lightbox-gallery\" href=\"https:\/\/test.cacciamani.com\/wp-content\/uploads\/2023\/03\/Immagine-849-Custom-Medium.jpg\" title=\"\">            <div class=\"box has-hover gallery-box box-normal\">\n              <div class=\"box-image image-zoom image-cover\" style=\"padding-top:75%;\">\n                <img loading=\"lazy\" decoding=\"async\" width=\"600\" height=\"400\" src=\"https:\/\/test.cacciamani.com\/wp-content\/uploads\/2023\/03\/Immagine-849-Custom-Medium-600x400.jpg\" class=\"attachment-medium size-medium\" alt=\"\" ids=\"734,735,736,737,738,739,740,741,742\" style=\"normal\" col_spacing=\"xsmall\" columns=\"3\" columns__sm=\"2\" columns__md=\"3\" image_height=\"75%\" image_hover=\"zoom\" srcset=\"https:\/\/test.cacciamani.com\/wp-content\/uploads\/2023\/03\/Immagine-849-Custom-Medium-600x400.jpg 600w, https:\/\/test.cacciamani.com\/wp-content\/uploads\/2023\/03\/Immagine-849-Custom-Medium-768x512.jpg 768w, https:\/\/test.cacciamani.com\/wp-content\/uploads\/2023\/03\/Immagine-849-Custom-Medium.jpg 960w\" sizes=\"auto, (max-width: 600px) 100vw, 600px\" \/>                                                              <\/div>\n              <div class=\"box-text text-left\" >\n                 <p><\/p>\n              <\/div>\n            <\/div>\n            <\/a>          <\/div>\n         <\/div><\/div>\n\n\n\t\t<\/div>\n\t\t\t\t\t<\/div>\n\n\t\n\n\t<div id=\"col-1704947352\" class=\"col medium-2 small-12 large-2\"  >\n\t\t\t\t<div class=\"col-inner\"  >\n\t\t\t\n\t\t\t\n\n<ul class=\"sidebar-wrapper ul-reset\"><aside id=\"nav_menu-2\" class=\"widget widget_nav_menu\"><div class=\"menu-laterale_it-container\"><ul id=\"menu-laterale_it\" class=\"menu\"><li id=\"menu-item-917\" class=\"menu-item menu-item-type-post_type menu-item-object-page menu-item-has-children menu-item-917\"><a href=\"https:\/\/test.cacciamani.com\/prodotti\/\">Produse<\/a>\n<ul class=\"sub-menu\">\n\t<li id=\"menu-item-918\" class=\"menu-item menu-item-type-post_type menu-item-object-page menu-item-918\"><a href=\"https:\/\/test.cacciamani.com\/prodotti\/attrezzature\/\">Echipament<\/a><\/li>\n\t<li id=\"menu-item-919\" class=\"menu-item menu-item-type-post_type menu-item-object-page menu-item-919\"><a href=\"https:\/\/test.cacciamani.com\/prodotti\/impianti-di-betonaggio\/\">Instala\u021bii de amestecare a betonului<\/a><\/li>\n\t<li id=\"menu-item-920\" class=\"menu-item menu-item-type-post_type menu-item-object-page menu-item-920\"><a href=\"https:\/\/test.cacciamani.com\/prodotti\/blocchiere-semoventi\/\">Blocan\u021bi autopropulsa\u021bi<\/a><\/li>\n<\/ul>\n<\/li>\n<li id=\"menu-item-921\" class=\"menu-item menu-item-type-post_type menu-item-object-page menu-item-921\"><a href=\"https:\/\/test.cacciamani.com\/tavoli-vibranti\/\">Mese vibrante<\/a><\/li>\n<li id=\"menu-item-1038\" class=\"menu-item menu-item-type-post_type menu-item-object-page menu-item-1038\"><a href=\"https:\/\/test.cacciamani.com\/pinze\/\">Cle\u0219te<\/a><\/li>\n<li id=\"menu-item-923\" class=\"menu-item menu-item-type-post_type menu-item-object-page menu-item-923\"><a href=\"https:\/\/test.cacciamani.com\/ricambi\/\">Piese de schimb<\/a><\/li>\n<li id=\"menu-item-922\" class=\"menu-item menu-item-type-post_type menu-item-object-page menu-item-922\"><a href=\"https:\/\/test.cacciamani.com\/usato\/\">Folosit<\/a><\/li>\n<\/ul><\/div><\/aside><\/ul>\n\n\n\t\t<\/div>\n\t\t\t\t\t<\/div>\n\n\t\n\n<\/div>\n\t<div id=\"gap-492521878\" class=\"gap-element clearfix\" style=\"display:block; height:auto;\">\n\t\t\n<style>\n#gap-492521878 {\n  padding-top: 50px;\n}\n<\/style>\n\t<\/div>\n\t\n\n<div class=\"row\"  id=\"row-345082595\">\n\n\n\t<div id=\"col-250232240\" class=\"col medium-6 small-12 large-6\"  >\n\t\t\t\t<div class=\"col-inner\"  >\n\t\t\t\n\t\t\t\n\n<div class=\"container section-title-container\" ><h3 class=\"section-title section-title-center\"><b><\/b><span class=\"section-title-main\" ><i class=\"icon-phone\" ><\/i>Solicita\u021bi o ofert\u0103<\/span><b><\/b><\/h3><\/div>\n\n\n\t\t<\/div>\n\t\t\t\t\t<\/div>\n\n\t\n\n\t<div id=\"col-1484802123\" class=\"col medium-4 small-12 large-4\"  >\n\t\t\t\t<div class=\"col-inner\"  >\n\t\t\t\n\t\t\t\n\n<div class=\"social-icons follow-icons full-width text-center\" style=\"font-size:110%\"><a href=\"mailto:info@cacciamani.com\" data-label=\"E-mail\" rel=\"nofollow\" class=\"icon primary button circle  email tooltip\" title=\"Send us an email\" aria-label=\"Send us an email\"><i class=\"icon-envelop\" ><\/i><\/a><a href=\"tel:+390732627683\" target=\"_blank\" data-label=\"Phone\" rel=\"noopener noreferrer nofollow\" class=\"icon primary button circle  phone tooltip\" title=\"Call us\" aria-label=\"Call us\"><i class=\"icon-phone\" ><\/i><\/a><\/div>\n\n\n\t\t<\/div>\n\t\t\t\t\t<\/div>\n\n\t\n\n\t<div id=\"col-1387194162\" class=\"col medium-2 small-12 large-2\"  >\n\t\t\t\t<div class=\"col-inner\"  >\n\t\t\t\n\t\t\t\n\n\t<div id=\"gap-369212501\" class=\"gap-element clearfix\" style=\"display:block; height:auto;\">\n\t\t\n<style>\n#gap-369212501 {\n  padding-top: 30px;\n}\n<\/style>\n\t<\/div>\n\t\n\n\n\t\t<\/div>\n\t\t\t\t\t<\/div>\n\n\t\n\n<\/div>\n\n\t\t<\/div>\n\n\t\t\n<style>\n#section_641708241 {\n  padding-top: 20px;\n  padding-bottom: 20px;\n  background-color: #fafafa;\n}\n#section_641708241 .ux-shape-divider--top svg {\n  height: 150px;\n  --divider-top-width: 100%;\n}\n#section_641708241 .ux-shape-divider--bottom svg {\n  height: 150px;\n  --divider-width: 100%;\n}\n<\/style>\n\t<\/section>\n\t\n\n","protected":false},"excerpt":{"rendered":"","protected":false},"author":1,"featured_media":1840,"parent":2413,"menu_order":0,"comment_status":"closed","ping_status":"closed","template":"page-blank.php","meta":{"footnotes":""},"class_list":["post-2324","page","type-page","status-publish","has-post-thumbnail","hentry"],"_links":{"self":[{"href":"https:\/\/test.cacciamani.com\/ro\/wp-json\/wp\/v2\/pages\/2324","targetHints":{"allow":["GET"]}}],"collection":[{"href":"https:\/\/test.cacciamani.com\/ro\/wp-json\/wp\/v2\/pages"}],"about":[{"href":"https:\/\/test.cacciamani.com\/ro\/wp-json\/wp\/v2\/types\/page"}],"author":[{"embeddable":true,"href":"https:\/\/test.cacciamani.com\/ro\/wp-json\/wp\/v2\/users\/1"}],"replies":[{"embeddable":true,"href":"https:\/\/test.cacciamani.com\/ro\/wp-json\/wp\/v2\/comments?post=2324"}],"version-history":[{"count":1,"href":"https:\/\/test.cacciamani.com\/ro\/wp-json\/wp\/v2\/pages\/2324\/revisions"}],"predecessor-version":[{"id":2330,"href":"https:\/\/test.cacciamani.com\/ro\/wp-json\/wp\/v2\/pages\/2324\/revisions\/2330"}],"up":[{"embeddable":true,"href":"https:\/\/test.cacciamani.com\/ro\/wp-json\/wp\/v2\/pages\/2413"}],"wp:featuredmedia":[{"embeddable":true,"href":"https:\/\/test.cacciamani.com\/ro\/wp-json\/wp\/v2\/media\/1840"}],"wp:attachment":[{"href":"https:\/\/test.cacciamani.com\/ro\/wp-json\/wp\/v2\/media?parent=2324"}],"curies":[{"name":"wp","href":"https:\/\/api.w.org\/{rel}","templated":true}]}}