{"id":2313,"date":"2023-03-09T15:42:25","date_gmt":"2023-03-09T14:42:25","guid":{"rendered":"https:\/\/test.cacciamani.com\/produse\/echipament\/maturatoare-pentru-curatarea-curtii\/"},"modified":"2023-04-04T16:26:26","modified_gmt":"2023-04-04T14:26:26","slug":"maturatoare-pentru-curatarea-curtii","status":"publish","type":"page","link":"https:\/\/test.cacciamani.com\/ro\/produse\/echipament\/maturatoare-pentru-curatarea-curtii\/","title":{"rendered":"M\u0103tur\u0103toare pentru cur\u0103\u021barea cur\u021bii"},"content":{"rendered":"\n\n  <div class=\"banner has-hover\" id=\"banner-1342748138\">\n          <div class=\"banner-inner fill\">\n        <div class=\"banner-bg fill\" >\n            <div class=\"bg fill bg-fill \"><\/div>\n                                    \n                    <\/div>\n\t\t\n        <div class=\"banner-layers container\">\n            <div class=\"fill banner-link\"><\/div>            \n\n   <div id=\"text-box-1281689970\" class=\"text-box banner-layer x50 md-x50 lg-x50 y50 md-y50 lg-y50 res-text\">\n                                <div class=\"text-box-content text dark\">\n              \n              <div class=\"text-inner text-center\">\n                  \n\n<h3 class=\"uppercase\"><strong>M\u0103tur\u0103toare pentru cur\u0103\u021barea cur\u021bii<\/strong><\/h3>\n\n              <\/div>\n           <\/div>\n                            \n<style>\n#text-box-1281689970 {\n  width: 50%;\n}\n#text-box-1281689970 .text-box-content {\n  font-size: 80%;\n}\n@media (min-width:850px) {\n  #text-box-1281689970 .text-box-content {\n    font-size: 100%;\n  }\n}\n<\/style>\n    <\/div>\n \n\n        <\/div>\n      <\/div>\n\n            \n<style>\n#banner-1342748138 {\n  padding-top: 80px;\n}\n#banner-1342748138 .bg.bg-loaded {\n  background-image: url(https:\/\/test.cacciamani.com\/wp-content\/uploads\/2023\/03\/spazzatrice-idraulica-con-attacco-forche-e-piastra-13.jpg);\n}\n#banner-1342748138 .bg {\n  background-position: 48% 44%;\n}\n#banner-1342748138 .ux-shape-divider--top svg {\n  height: 150px;\n  --divider-top-width: 100%;\n}\n#banner-1342748138 .ux-shape-divider--bottom svg {\n  height: 150px;\n  --divider-width: 100%;\n}\n@media (min-width:550px) {\n  #banner-1342748138 {\n    padding-top: 140px;\n  }\n}\n@media (min-width:850px) {\n  #banner-1342748138 {\n    padding-top: 230px;\n  }\n}\n<\/style>\n  <\/div>\n\n\n\t<section class=\"section\" id=\"section_1284026115\">\n\t\t<div class=\"bg section-bg fill bg-fill  bg-loaded\" >\n\n\t\t\t\n\t\t\t\n\t\t\t\n\n\t\t<\/div>\n\n\t\t\n\n\t\t<div class=\"section-content relative\">\n\t\t\t\n\n  <div id=\"page-header-615781637\" class=\"page-header-wrapper\">\n  <div class=\"page-title light simple-title\">\n\n    \n    <div class=\"page-title-inner container align-center flex-row medium-flex-wrap row-reverse\" >\n            <div class=\"title-content flex-col flex-left text-left medium-text-center\">\n        <div class=\"title-breadcrumbs pb-half pt-half\"><nav class=\"woocommerce-breadcrumb breadcrumbs uppercase\">Home<\/nav><\/div>      <\/div>\n    <\/div>\n\n       <\/div>\n    <\/div>\n  \n\n\t<div id=\"gap-1609727497\" class=\"gap-element clearfix\" style=\"display:block; height:auto;\">\n\t\t\n<style>\n#gap-1609727497 {\n  padding-top: 40px;\n}\n<\/style>\n\t<\/div>\n\t\n\n<div class=\"row\"  id=\"row-1017597010\">\n\n\n\t<div id=\"col-1659881104\" class=\"col medium-10 small-12 large-10\"  >\n\t\t\t\t<div class=\"col-inner\"  >\n\t\t\t\n\t\t\t\n\n<div class=\"row\"  id=\"row-389305354\">\n\n\n\t<div id=\"col-36074702\" class=\"col small-12 large-12\"  >\n\t\t\t\t<div class=\"col-inner\"  >\n\t\t\t\n\t\t\t\n\n\t<div id=\"text-41442485\" class=\"text\">\n\t\t\n\n<p>M\u0103tur\u0103toarele hidraulice Cacciamani s-au n\u0103scut din ideea de a realiza un accesoriu simplu, dar robust \u0219i func\u021bional. Toate m\u0103tur\u0103toarele sunt realizate din dezvoltarea unei g\u0103le\u021bi robuste, carterizate, cu un kit de perii din polipropilen\u0103 \u00een interior, potrivit\u0103 pentru cur\u0103\u021barea \u0219i colectarea chiar \u0219i a materialelor de dimensiuni medii. Toate M\u0103tur\u0103toarele sunt ac\u021bionate de un motor hidraulic controlat de acelea\u0219i comenzi ca \u0219i stivuitorul \u0219i sunt foarte utile pentru cur\u0103\u021barea c\u0103ilor de rulare a blocurilor pe \u0219antierele de construc\u021bii \u0219i \u00een depozite \u00een general. Lama deta\u0219abil\u0103 robust\u0103 \u0219i cele 4 ro\u021bi din o\u021bel de sub cup\u0103 previn uzura \u0219i ruperea fundului cupei.<\/p>\n<p>Toate Ma\u0219inile de m\u0103turat pot fi ata\u0219ate la toate stivuitoarele, la stivuitoarele telescopice \u0219i la bobcats, fie direct la placa stivuitorului, fie cu furc\u0103, ceea ce le face \u0219i mai versatile.<\/p>\n<p>La cerere, serviciile noastre Ma\u0219inile pot fi echipate cu kituri de udare cu pic\u0103tur\u0103 \u0219i presiune pentru a reduce praful \u00een timpul utiliz\u0103rii.<\/p>\n\t\t\n<style>\n#text-41442485 {\n  text-align: center;\n}\n<\/style>\n\t<\/div>\n\t\n\n\t\t<\/div>\n\t\t\t\t\t<\/div>\n\n\t\n\n<\/div>\n\n  \n    <div class=\"row large-columns-3 medium-columns-3 small-columns-2 row-xsmall\">\n  <div class=\"gallery-col col\" >\n          <div class=\"col-inner\">\n            <a class=\"image-lightbox lightbox-gallery\" href=\"https:\/\/test.cacciamani.com\/wp-content\/uploads\/2023\/03\/spazzatrice-idraulica-con-attacco-forche-e-piastra-11-741x800.jpg\" title=\"\">            <div class=\"box has-hover gallery-box box-normal\">\n              <div class=\"box-image image-zoom image-cover\" style=\"padding-top:75%;\">\n                <img loading=\"lazy\" decoding=\"async\" width=\"371\" height=\"400\" src=\"https:\/\/test.cacciamani.com\/wp-content\/uploads\/2023\/03\/spazzatrice-idraulica-con-attacco-forche-e-piastra-11-371x400.jpg\" class=\"attachment-medium size-medium\" alt=\"\" ids=\"644,645,646,647,648,649,650\" style=\"normal\" col_spacing=\"xsmall\" columns=\"3\" columns__sm=\"2\" columns__md=\"3\" image_height=\"75%\" image_hover=\"zoom\" srcset=\"https:\/\/test.cacciamani.com\/wp-content\/uploads\/2023\/03\/spazzatrice-idraulica-con-attacco-forche-e-piastra-11-371x400.jpg 371w, https:\/\/test.cacciamani.com\/wp-content\/uploads\/2023\/03\/spazzatrice-idraulica-con-attacco-forche-e-piastra-11-741x800.jpg 741w, https:\/\/test.cacciamani.com\/wp-content\/uploads\/2023\/03\/spazzatrice-idraulica-con-attacco-forche-e-piastra-11-768x829.jpg 768w, https:\/\/test.cacciamani.com\/wp-content\/uploads\/2023\/03\/spazzatrice-idraulica-con-attacco-forche-e-piastra-11-600x648.jpg 600w, https:\/\/test.cacciamani.com\/wp-content\/uploads\/2023\/03\/spazzatrice-idraulica-con-attacco-forche-e-piastra-11.jpg 960w\" sizes=\"auto, (max-width: 371px) 100vw, 371px\" \/>                                                              <\/div>\n              <div class=\"box-text text-left\" >\n                 <p><\/p>\n              <\/div>\n            <\/div>\n            <\/a>          <\/div>\n         <\/div><div class=\"gallery-col col\" >\n          <div class=\"col-inner\">\n            <a class=\"image-lightbox lightbox-gallery\" href=\"https:\/\/test.cacciamani.com\/wp-content\/uploads\/2023\/03\/spazzatrice-idraulica-con-attacco-forche-e-piastra-12.jpg\" title=\"\">            <div class=\"box has-hover gallery-box box-normal\">\n              <div class=\"box-image image-zoom image-cover\" style=\"padding-top:75%;\">\n                <img loading=\"lazy\" decoding=\"async\" width=\"615\" height=\"400\" src=\"https:\/\/test.cacciamani.com\/wp-content\/uploads\/2023\/03\/spazzatrice-idraulica-con-attacco-forche-e-piastra-12-615x400.jpg\" class=\"attachment-medium size-medium\" alt=\"\" ids=\"644,645,646,647,648,649,650\" style=\"normal\" col_spacing=\"xsmall\" columns=\"3\" columns__sm=\"2\" columns__md=\"3\" image_height=\"75%\" image_hover=\"zoom\" srcset=\"https:\/\/test.cacciamani.com\/wp-content\/uploads\/2023\/03\/spazzatrice-idraulica-con-attacco-forche-e-piastra-12-615x400.jpg 615w, https:\/\/test.cacciamani.com\/wp-content\/uploads\/2023\/03\/spazzatrice-idraulica-con-attacco-forche-e-piastra-12-768x499.jpg 768w, https:\/\/test.cacciamani.com\/wp-content\/uploads\/2023\/03\/spazzatrice-idraulica-con-attacco-forche-e-piastra-12-600x390.jpg 600w, https:\/\/test.cacciamani.com\/wp-content\/uploads\/2023\/03\/spazzatrice-idraulica-con-attacco-forche-e-piastra-12.jpg 960w\" sizes=\"auto, (max-width: 615px) 100vw, 615px\" \/>                                                              <\/div>\n              <div class=\"box-text text-left\" >\n                 <p><\/p>\n              <\/div>\n            <\/div>\n            <\/a>          <\/div>\n         <\/div><div class=\"gallery-col col\" >\n          <div class=\"col-inner\">\n            <a class=\"image-lightbox lightbox-gallery\" href=\"https:\/\/test.cacciamani.com\/wp-content\/uploads\/2023\/03\/spazzatrice-idraulica-con-attacco-forche-e-piastra-13.jpg\" title=\"\">            <div class=\"box has-hover gallery-box box-normal\">\n              <div class=\"box-image image-zoom image-cover\" style=\"padding-top:75%;\">\n                <img loading=\"lazy\" decoding=\"async\" width=\"754\" height=\"400\" src=\"https:\/\/test.cacciamani.com\/wp-content\/uploads\/2023\/03\/spazzatrice-idraulica-con-attacco-forche-e-piastra-13-754x400.jpg\" class=\"attachment-medium size-medium\" alt=\"\" ids=\"644,645,646,647,648,649,650\" style=\"normal\" col_spacing=\"xsmall\" columns=\"3\" columns__sm=\"2\" columns__md=\"3\" image_height=\"75%\" image_hover=\"zoom\" srcset=\"https:\/\/test.cacciamani.com\/wp-content\/uploads\/2023\/03\/spazzatrice-idraulica-con-attacco-forche-e-piastra-13-754x400.jpg 754w, https:\/\/test.cacciamani.com\/wp-content\/uploads\/2023\/03\/spazzatrice-idraulica-con-attacco-forche-e-piastra-13-768x407.jpg 768w, https:\/\/test.cacciamani.com\/wp-content\/uploads\/2023\/03\/spazzatrice-idraulica-con-attacco-forche-e-piastra-13-600x318.jpg 600w, https:\/\/test.cacciamani.com\/wp-content\/uploads\/2023\/03\/spazzatrice-idraulica-con-attacco-forche-e-piastra-13.jpg 960w\" sizes=\"auto, (max-width: 754px) 100vw, 754px\" \/>                                                              <\/div>\n              <div class=\"box-text text-left\" >\n                 <p><\/p>\n              <\/div>\n            <\/div>\n            <\/a>          <\/div>\n         <\/div><div class=\"gallery-col col\" >\n          <div class=\"col-inner\">\n            <a class=\"image-lightbox lightbox-gallery\" href=\"https:\/\/test.cacciamani.com\/wp-content\/uploads\/2023\/03\/spazzatrice-idraulica-con-attacco-forche-e-piastra-14-617x800.jpg\" title=\"\">            <div class=\"box has-hover gallery-box box-normal\">\n              <div class=\"box-image image-zoom image-cover\" style=\"padding-top:75%;\">\n                <img loading=\"lazy\" decoding=\"async\" width=\"308\" height=\"400\" src=\"https:\/\/test.cacciamani.com\/wp-content\/uploads\/2023\/03\/spazzatrice-idraulica-con-attacco-forche-e-piastra-14-308x400.jpg\" class=\"attachment-medium size-medium\" alt=\"\" ids=\"644,645,646,647,648,649,650\" style=\"normal\" col_spacing=\"xsmall\" columns=\"3\" columns__sm=\"2\" columns__md=\"3\" image_height=\"75%\" image_hover=\"zoom\" srcset=\"https:\/\/test.cacciamani.com\/wp-content\/uploads\/2023\/03\/spazzatrice-idraulica-con-attacco-forche-e-piastra-14-308x400.jpg 308w, https:\/\/test.cacciamani.com\/wp-content\/uploads\/2023\/03\/spazzatrice-idraulica-con-attacco-forche-e-piastra-14-617x800.jpg 617w, https:\/\/test.cacciamani.com\/wp-content\/uploads\/2023\/03\/spazzatrice-idraulica-con-attacco-forche-e-piastra-14-600x778.jpg 600w, https:\/\/test.cacciamani.com\/wp-content\/uploads\/2023\/03\/spazzatrice-idraulica-con-attacco-forche-e-piastra-14.jpg 626w\" sizes=\"auto, (max-width: 308px) 100vw, 308px\" \/>                                                              <\/div>\n              <div class=\"box-text text-left\" >\n                 <p><\/p>\n              <\/div>\n            <\/div>\n            <\/a>          <\/div>\n         <\/div><div class=\"gallery-col col\" >\n          <div class=\"col-inner\">\n            <a class=\"image-lightbox lightbox-gallery\" href=\"https:\/\/test.cacciamani.com\/wp-content\/uploads\/2023\/03\/spazzatrice-idraulica-con-attacco-forche-e-piastra-15.jpg\" title=\"\">            <div class=\"box has-hover gallery-box box-normal\">\n              <div class=\"box-image image-zoom image-cover\" style=\"padding-top:75%;\">\n                <img loading=\"lazy\" decoding=\"async\" width=\"336\" height=\"400\" src=\"https:\/\/test.cacciamani.com\/wp-content\/uploads\/2023\/03\/spazzatrice-idraulica-con-attacco-forche-e-piastra-15-336x400.jpg\" class=\"attachment-medium size-medium\" alt=\"\" ids=\"644,645,646,647,648,649,650\" style=\"normal\" col_spacing=\"xsmall\" columns=\"3\" columns__sm=\"2\" columns__md=\"3\" image_height=\"75%\" image_hover=\"zoom\" srcset=\"https:\/\/test.cacciamani.com\/wp-content\/uploads\/2023\/03\/spazzatrice-idraulica-con-attacco-forche-e-piastra-15-336x400.jpg 336w, https:\/\/test.cacciamani.com\/wp-content\/uploads\/2023\/03\/spazzatrice-idraulica-con-attacco-forche-e-piastra-15.jpg 550w\" sizes=\"auto, (max-width: 336px) 100vw, 336px\" \/>                                                              <\/div>\n              <div class=\"box-text text-left\" >\n                 <p><\/p>\n              <\/div>\n            <\/div>\n            <\/a>          <\/div>\n         <\/div><div class=\"gallery-col col\" >\n          <div class=\"col-inner\">\n            <a class=\"image-lightbox lightbox-gallery\" href=\"https:\/\/test.cacciamani.com\/wp-content\/uploads\/2023\/03\/spazzatrice-idraulica-con-attacco-forche-e-piastra-16.jpg\" title=\"\">            <div class=\"box has-hover gallery-box box-normal\">\n              <div class=\"box-image image-zoom image-cover\" style=\"padding-top:75%;\">\n                <img loading=\"lazy\" decoding=\"async\" width=\"533\" height=\"400\" src=\"https:\/\/test.cacciamani.com\/wp-content\/uploads\/2023\/03\/spazzatrice-idraulica-con-attacco-forche-e-piastra-16-533x400.jpg\" class=\"attachment-medium size-medium\" alt=\"\" ids=\"644,645,646,647,648,649,650\" style=\"normal\" col_spacing=\"xsmall\" columns=\"3\" columns__sm=\"2\" columns__md=\"3\" image_height=\"75%\" image_hover=\"zoom\" srcset=\"https:\/\/test.cacciamani.com\/wp-content\/uploads\/2023\/03\/spazzatrice-idraulica-con-attacco-forche-e-piastra-16-533x400.jpg 533w, https:\/\/test.cacciamani.com\/wp-content\/uploads\/2023\/03\/spazzatrice-idraulica-con-attacco-forche-e-piastra-16-768x576.jpg 768w, https:\/\/test.cacciamani.com\/wp-content\/uploads\/2023\/03\/spazzatrice-idraulica-con-attacco-forche-e-piastra-16-600x450.jpg 600w, https:\/\/test.cacciamani.com\/wp-content\/uploads\/2023\/03\/spazzatrice-idraulica-con-attacco-forche-e-piastra-16.jpg 960w\" sizes=\"auto, (max-width: 533px) 100vw, 533px\" \/>                                                              <\/div>\n              <div class=\"box-text text-left\" >\n                 <p><\/p>\n              <\/div>\n            <\/div>\n            <\/a>          <\/div>\n         <\/div><div class=\"gallery-col col\" >\n          <div class=\"col-inner\">\n            <a class=\"image-lightbox lightbox-gallery\" href=\"https:\/\/test.cacciamani.com\/wp-content\/uploads\/2023\/03\/spazzatrice-idraulica-con-attacco-forche-e-piastra-17.jpg\" title=\"\">            <div class=\"box has-hover gallery-box box-normal\">\n              <div class=\"box-image image-zoom image-cover\" style=\"padding-top:75%;\">\n                <img loading=\"lazy\" decoding=\"async\" width=\"533\" height=\"400\" src=\"https:\/\/test.cacciamani.com\/wp-content\/uploads\/2023\/03\/spazzatrice-idraulica-con-attacco-forche-e-piastra-17-533x400.jpg\" class=\"attachment-medium size-medium\" alt=\"\" ids=\"644,645,646,647,648,649,650\" style=\"normal\" col_spacing=\"xsmall\" columns=\"3\" columns__sm=\"2\" columns__md=\"3\" image_height=\"75%\" image_hover=\"zoom\" srcset=\"https:\/\/test.cacciamani.com\/wp-content\/uploads\/2023\/03\/spazzatrice-idraulica-con-attacco-forche-e-piastra-17-533x400.jpg 533w, https:\/\/test.cacciamani.com\/wp-content\/uploads\/2023\/03\/spazzatrice-idraulica-con-attacco-forche-e-piastra-17-768x576.jpg 768w, https:\/\/test.cacciamani.com\/wp-content\/uploads\/2023\/03\/spazzatrice-idraulica-con-attacco-forche-e-piastra-17-600x450.jpg 600w, https:\/\/test.cacciamani.com\/wp-content\/uploads\/2023\/03\/spazzatrice-idraulica-con-attacco-forche-e-piastra-17.jpg 960w\" sizes=\"auto, (max-width: 533px) 100vw, 533px\" \/>                                                              <\/div>\n              <div class=\"box-text text-left\" >\n                 <p><\/p>\n              <\/div>\n            <\/div>\n            <\/a>          <\/div>\n         <\/div><\/div>\n\n\n\t\t<\/div>\n\t\t\t\t\t<\/div>\n\n\t\n\n\t<div id=\"col-1096815007\" class=\"col medium-2 small-12 large-2\"  >\n\t\t\t\t<div class=\"col-inner\"  >\n\t\t\t\n\t\t\t\n\n<ul class=\"sidebar-wrapper ul-reset\"><aside id=\"nav_menu-2\" class=\"widget widget_nav_menu\"><div class=\"menu-laterale_it-container\"><ul id=\"menu-laterale_it\" class=\"menu\"><li id=\"menu-item-917\" class=\"menu-item menu-item-type-post_type menu-item-object-page menu-item-has-children menu-item-917\"><a href=\"https:\/\/test.cacciamani.com\/prodotti\/\">Produse<\/a>\n<ul class=\"sub-menu\">\n\t<li id=\"menu-item-918\" class=\"menu-item menu-item-type-post_type menu-item-object-page menu-item-918\"><a href=\"https:\/\/test.cacciamani.com\/prodotti\/attrezzature\/\">Echipament<\/a><\/li>\n\t<li id=\"menu-item-919\" class=\"menu-item menu-item-type-post_type menu-item-object-page menu-item-919\"><a href=\"https:\/\/test.cacciamani.com\/prodotti\/impianti-di-betonaggio\/\">Instala\u021bii de amestecare a betonului<\/a><\/li>\n\t<li id=\"menu-item-920\" class=\"menu-item menu-item-type-post_type menu-item-object-page menu-item-920\"><a href=\"https:\/\/test.cacciamani.com\/prodotti\/blocchiere-semoventi\/\">Blocan\u021bi autopropulsa\u021bi<\/a><\/li>\n<\/ul>\n<\/li>\n<li id=\"menu-item-921\" class=\"menu-item menu-item-type-post_type menu-item-object-page menu-item-921\"><a href=\"https:\/\/test.cacciamani.com\/tavoli-vibranti\/\">Mese vibrante<\/a><\/li>\n<li id=\"menu-item-1038\" class=\"menu-item menu-item-type-post_type menu-item-object-page menu-item-1038\"><a href=\"https:\/\/test.cacciamani.com\/pinze\/\">Cle\u0219te<\/a><\/li>\n<li id=\"menu-item-923\" class=\"menu-item menu-item-type-post_type menu-item-object-page menu-item-923\"><a href=\"https:\/\/test.cacciamani.com\/ricambi\/\">Piese de schimb<\/a><\/li>\n<li id=\"menu-item-922\" class=\"menu-item menu-item-type-post_type menu-item-object-page menu-item-922\"><a href=\"https:\/\/test.cacciamani.com\/usato\/\">Folosit<\/a><\/li>\n<\/ul><\/div><\/aside><\/ul>\n\n\n\t\t<\/div>\n\t\t\t\t\t<\/div>\n\n\t\n\n<\/div>\n\t<div id=\"gap-1207554274\" class=\"gap-element clearfix\" style=\"display:block; height:auto;\">\n\t\t\n<style>\n#gap-1207554274 {\n  padding-top: 50px;\n}\n<\/style>\n\t<\/div>\n\t\n\n<div class=\"row\"  id=\"row-1687869\">\n\n\n\t<div id=\"col-1618859162\" class=\"col medium-6 small-12 large-6\"  >\n\t\t\t\t<div class=\"col-inner\"  >\n\t\t\t\n\t\t\t\n\n<div class=\"container section-title-container\" ><h3 class=\"section-title section-title-center\"><b><\/b><span class=\"section-title-main\" ><i class=\"icon-phone\" ><\/i>Solicita\u021bi o ofert\u0103<\/span><b><\/b><\/h3><\/div>\n\n\n\t\t<\/div>\n\t\t\t\t\t<\/div>\n\n\t\n\n\t<div id=\"col-1375901380\" class=\"col medium-4 small-12 large-4\"  >\n\t\t\t\t<div class=\"col-inner\"  >\n\t\t\t\n\t\t\t\n\n<div class=\"social-icons follow-icons full-width text-center\" style=\"font-size:110%\"><a href=\"mailto:info@cacciamani.com\" data-label=\"E-mail\" rel=\"nofollow\" class=\"icon primary button circle  email tooltip\" title=\"Send us an email\" aria-label=\"Send us an email\"><i class=\"icon-envelop\" ><\/i><\/a><a href=\"tel:+390732627683\" target=\"_blank\" data-label=\"Phone\" rel=\"noopener noreferrer nofollow\" class=\"icon primary button circle  phone tooltip\" title=\"Call us\" aria-label=\"Call us\"><i class=\"icon-phone\" ><\/i><\/a><\/div>\n\n\n\t\t<\/div>\n\t\t\t\t\t<\/div>\n\n\t\n\n\t<div id=\"col-638056198\" class=\"col medium-2 small-12 large-2\"  >\n\t\t\t\t<div class=\"col-inner\"  >\n\t\t\t\n\t\t\t\n\n\t<div id=\"gap-1022792083\" class=\"gap-element clearfix\" style=\"display:block; height:auto;\">\n\t\t\n<style>\n#gap-1022792083 {\n  padding-top: 30px;\n}\n<\/style>\n\t<\/div>\n\t\n\n\n\t\t<\/div>\n\t\t\t\t\t<\/div>\n\n\t\n\n<\/div>\n\n\t\t<\/div>\n\n\t\t\n<style>\n#section_1284026115 {\n  padding-top: 20px;\n  padding-bottom: 20px;\n  background-color: #fafafa;\n}\n#section_1284026115 .ux-shape-divider--top svg {\n  height: 150px;\n  --divider-top-width: 100%;\n}\n#section_1284026115 .ux-shape-divider--bottom svg {\n  height: 150px;\n  --divider-width: 100%;\n}\n<\/style>\n\t<\/section>\n\t\n\n","protected":false},"excerpt":{"rendered":"","protected":false},"author":1,"featured_media":1675,"parent":2187,"menu_order":0,"comment_status":"closed","ping_status":"closed","template":"page-blank.php","meta":{"footnotes":""},"class_list":["post-2313","page","type-page","status-publish","has-post-thumbnail","hentry"],"_links":{"self":[{"href":"https:\/\/test.cacciamani.com\/ro\/wp-json\/wp\/v2\/pages\/2313","targetHints":{"allow":["GET"]}}],"collection":[{"href":"https:\/\/test.cacciamani.com\/ro\/wp-json\/wp\/v2\/pages"}],"about":[{"href":"https:\/\/test.cacciamani.com\/ro\/wp-json\/wp\/v2\/types\/page"}],"author":[{"embeddable":true,"href":"https:\/\/test.cacciamani.com\/ro\/wp-json\/wp\/v2\/users\/1"}],"replies":[{"embeddable":true,"href":"https:\/\/test.cacciamani.com\/ro\/wp-json\/wp\/v2\/comments?post=2313"}],"version-history":[{"count":1,"href":"https:\/\/test.cacciamani.com\/ro\/wp-json\/wp\/v2\/pages\/2313\/revisions"}],"predecessor-version":[{"id":2315,"href":"https:\/\/test.cacciamani.com\/ro\/wp-json\/wp\/v2\/pages\/2313\/revisions\/2315"}],"up":[{"embeddable":true,"href":"https:\/\/test.cacciamani.com\/ro\/wp-json\/wp\/v2\/pages\/2187"}],"wp:featuredmedia":[{"embeddable":true,"href":"https:\/\/test.cacciamani.com\/ro\/wp-json\/wp\/v2\/media\/1675"}],"wp:attachment":[{"href":"https:\/\/test.cacciamani.com\/ro\/wp-json\/wp\/v2\/media?parent=2313"}],"curies":[{"name":"wp","href":"https:\/\/api.w.org\/{rel}","templated":true}]}}