{"id":2310,"date":"2023-03-09T17:38:40","date_gmt":"2023-03-09T16:38:40","guid":{"rendered":"https:\/\/test.cacciamani.com\/produse\/instalatii-de-amestecare-a-betonului\/"},"modified":"2023-04-04T16:26:25","modified_gmt":"2023-04-04T14:26:25","slug":"instalatii-de-amestecare-a-betonului","status":"publish","type":"page","link":"https:\/\/test.cacciamani.com\/ro\/produse\/instalatii-de-amestecare-a-betonului\/","title":{"rendered":"Instala\u021bii de amestecare a betonului"},"content":{"rendered":"\n\n  <div class=\"banner has-hover\" id=\"banner-179956764\">\n          <div class=\"banner-inner fill\">\n        <div class=\"banner-bg fill\" >\n            <div class=\"bg fill bg-fill \"><\/div>\n                                    \n                    <\/div>\n\t\t\n        <div class=\"banner-layers container\">\n            <div class=\"fill banner-link\"><\/div>            \n\n   <div id=\"text-box-462340635\" class=\"text-box banner-layer x50 md-x50 lg-x50 y50 md-y50 lg-y50 res-text\">\n                                <div class=\"text-box-content text dark text-shadow-4\">\n              \n              <div class=\"text-inner text-center\">\n                  \n\n\t<div id=\"text-2794587232\" class=\"text\">\n\t\t\n\n<h3 class=\"uppercase\"><strong>Instala\u021bii de amestecare a betonului<\/strong><\/h3>\n\t\t\n<style>\n#text-2794587232 {\n  text-align: center;\n}\n<\/style>\n\t<\/div>\n\t\n\n              <\/div>\n           <\/div>\n                            \n<style>\n#text-box-462340635 {\n  width: 60%;\n}\n#text-box-462340635 .text-box-content {\n  font-size: 100%;\n}\n<\/style>\n    <\/div>\n \n\n        <\/div>\n      <\/div>\n\n            \n<style>\n#banner-179956764 {\n  padding-top: 80px;\n}\n#banner-179956764 .bg.bg-loaded {\n  background-image: url(https:\/\/test.cacciamani.com\/wp-content\/uploads\/2023\/03\/DSCF4648.jpg);\n}\n#banner-179956764 .bg {\n  background-position: 44% 57%;\n}\n#banner-179956764 .ux-shape-divider--top svg {\n  height: 150px;\n  --divider-top-width: 100%;\n}\n#banner-179956764 .ux-shape-divider--bottom svg {\n  height: 150px;\n  --divider-width: 100%;\n}\n@media (min-width:550px) {\n  #banner-179956764 {\n    padding-top: 140px;\n  }\n}\n@media (min-width:850px) {\n  #banner-179956764 {\n    padding-top: 230px;\n  }\n}\n<\/style>\n  <\/div>\n\n\n\t<section class=\"section\" id=\"section_37446178\">\n\t\t<div class=\"bg section-bg fill bg-fill  bg-loaded\" >\n\n\t\t\t\n\t\t\t\n\t\t\t\n\n\t\t<\/div>\n\n\t\t\n\n\t\t<div class=\"section-content relative\">\n\t\t\t\n\n  <div id=\"page-header-1843403705\" class=\"page-header-wrapper\">\n  <div class=\"page-title light simple-title\">\n\n    \n    <div class=\"page-title-inner container align-center flex-row medium-flex-wrap row-reverse\" >\n            <div class=\"title-content flex-col flex-left text-left medium-text-center\">\n        <div class=\"title-breadcrumbs pb-half pt-half\"><nav class=\"woocommerce-breadcrumb breadcrumbs uppercase\">Home<\/nav><\/div>      <\/div>\n    <\/div>\n\n       <\/div>\n    <\/div>\n  \n\n\t<div id=\"gap-719059792\" class=\"gap-element clearfix\" style=\"display:block; height:auto;\">\n\t\t\n<style>\n#gap-719059792 {\n  padding-top: 30px;\n}\n<\/style>\n\t<\/div>\n\t\n\n<div class=\"row\"  id=\"row-870013379\">\n\n\n\t<div id=\"col-1933354564\" class=\"col small-12 large-12\"  >\n\t\t\t\t<div class=\"col-inner\"  >\n\t\t\t\n\t\t\t\n\n\t<div id=\"text-1903805705\" class=\"text\">\n\t\t\n\n<p>Pentru a r\u0103spunde \u00een mod cuprinz\u0103tor la problema stoc\u0103rii \u0219i doz\u0103rii agregatelor, suntem capabili s\u0103 proiect\u0103m instala\u021bii de dozare de diferite tipuri: \u00een func\u021bie de greutate, greutate\/volum, volum \u0219i fascicul de r\u0103zuire. Pentru a satisface cerin\u021bele clien\u021bilor, instala\u021biile pot fi realizate \u00een form\u0103 monobloc sau modular\u0103 \u0219i au op\u021biunea de a fi alimentate cu un bunc\u0103r primar. \u00cen ultimii ani am construit \u0219i mini-centrale mobile de betoane. Instala\u021biile descrise mai sus sunt construite folosind cele mai bune materiale \u0219i concepte de construc\u021bie care garanteaz\u0103 fiabilitatea maxim\u0103 a structurii destinate s\u0103 primeasc\u0103 solicit\u0103ri ridicate; instala\u021biile descrise mai sus pot fi echipate cu: centrale electronice automate \u0219i semiautomate, unit\u0103\u021bi de percu\u021bie pentru a rezolva problema cobor\u00e2rii materialelor acolo unde este necesar, un sistem de monitorizare \u0219i gestionare a problemei umidit\u0103\u021bii agregatelor, un PC \u0219i o imprimant\u0103 cu software pentru monitorizarea consumului \u0219i a re\u021betelor necesare.<\/p>\n\t\t\n<style>\n#text-1903805705 {\n  text-align: center;\n}\n<\/style>\n\t<\/div>\n\t\n<div class=\"row row-small\"  id=\"row-858451595\">\n\n\n\t<div id=\"col-913259589\" class=\"col medium-4 small-12 large-4\"  >\n\t\t\t\t<div class=\"col-inner\"  >\n\t\t\t\n\t\t\t\n\n\t<div class=\"box has-hover   has-hover box-overlay dark box-text-bottom\" >\n\n\t\t<div class=\"box-image\" >\n\t\t\t<a href=\"https:\/\/test.cacciamani.com\/prodotti\/impianti-di-betonaggio\/centrali\/\"  >\t\t\t<div class=\"image-overlay-add-50 image-blur image-cover\" style=\"padding-top:75%;\">\n\t\t\t\t<img loading=\"lazy\" decoding=\"async\" width=\"960\" height=\"575\" src=\"https:\/\/test.cacciamani.com\/wp-content\/uploads\/2023\/03\/DSC02495.jpg\" class=\"attachment- size-\" alt=\"\" srcset=\"https:\/\/test.cacciamani.com\/wp-content\/uploads\/2023\/03\/DSC02495.jpg 960w, https:\/\/test.cacciamani.com\/wp-content\/uploads\/2023\/03\/DSC02495-668x400.jpg 668w, https:\/\/test.cacciamani.com\/wp-content\/uploads\/2023\/03\/DSC02495-768x460.jpg 768w, https:\/\/test.cacciamani.com\/wp-content\/uploads\/2023\/03\/DSC02495-600x359.jpg 600w\" sizes=\"auto, (max-width: 960px) 100vw, 960px\" \/>\t\t\t\t<div class=\"overlay\" style=\"background-color:1\"><\/div>\t\t\t\t\t\t\t<\/div>\n\t\t\t<\/a>\t\t<\/div>\n\n\t\t<div class=\"box-text text-center\" style=\"background-color:rgba(0, 0, 0, 0.401);\">\n\t\t\t<div class=\"box-text-inner\">\n\t\t\t\t\n\n\t<div id=\"text-730143190\" class=\"text\">\n\t\t\n\n<h4>Centrale electrice<\/h4>\n\t\t\n<style>\n#text-730143190 {\n  text-align: center;\n}\n<\/style>\n\t<\/div>\n\t\n\n\t\t\t<\/div>\n\t\t<\/div>\n\t<\/div>\n\t\n\n\t\t<\/div>\n\t\t\t\t\t<\/div>\n\n\t\n\n\t<div id=\"col-608250736\" class=\"col medium-4 small-12 large-4\"  >\n\t\t\t\t<div class=\"col-inner\"  >\n\t\t\t\n\t\t\t\n\n\t<div class=\"box has-hover   has-hover box-overlay dark box-text-bottom\" >\n\n\t\t<div class=\"box-image\" >\n\t\t\t\t\t\t<div class=\"image-overlay-add-50 image-blur image-cover\" style=\"padding-top:75%;\">\n\t\t\t\t<img loading=\"lazy\" decoding=\"async\" width=\"1000\" height=\"667\" src=\"https:\/\/test.cacciamani.com\/wp-content\/uploads\/2022\/12\/ricambi.jpg\" class=\"attachment- size-\" alt=\"\" srcset=\"https:\/\/test.cacciamani.com\/wp-content\/uploads\/2022\/12\/ricambi.jpg 1000w, https:\/\/test.cacciamani.com\/wp-content\/uploads\/2022\/12\/ricambi-600x400.jpg 600w, https:\/\/test.cacciamani.com\/wp-content\/uploads\/2022\/12\/ricambi-768x512.jpg 768w\" sizes=\"auto, (max-width: 1000px) 100vw, 1000px\" \/>\t\t\t\t<div class=\"overlay\" style=\"background-color:1\"><\/div>\t\t\t\t\t\t\t<\/div>\n\t\t\t\t\t<\/div>\n\n\t\t<div class=\"box-text text-center\" style=\"background-color:rgba(0, 0, 0, 0.401);\">\n\t\t\t<div class=\"box-text-inner\">\n\t\t\t\t\n\n\t<div id=\"text-607937764\" class=\"text\">\n\t\t\n\n<h4>Vagonetti<\/h4>\n\t\t\n<style>\n#text-607937764 {\n  text-align: center;\n}\n<\/style>\n\t<\/div>\n\t\n\n\t\t\t<\/div>\n\t\t<\/div>\n\t<\/div>\n\t\n\n\t\t<\/div>\n\t\t\t\t\t<\/div>\n\n\t\n\n\t<div id=\"col-451173657\" class=\"col medium-4 small-12 large-4\"  >\n\t\t\t\t<div class=\"col-inner\"  >\n\t\t\t\n\t\t\t\n\n\t<div class=\"box has-hover   has-hover box-overlay dark box-text-bottom\" >\n\n\t\t<div class=\"box-image\" >\n\t\t\t\t\t\t<div class=\"image-overlay-add-50 image-blur image-cover\" style=\"padding-top:75%;\">\n\t\t\t\t<img loading=\"lazy\" decoding=\"async\" width=\"1000\" height=\"667\" src=\"https:\/\/test.cacciamani.com\/wp-content\/uploads\/2022\/12\/home_prova03.jpg\" class=\"attachment- size-\" alt=\"\" srcset=\"https:\/\/test.cacciamani.com\/wp-content\/uploads\/2022\/12\/home_prova03.jpg 1000w, https:\/\/test.cacciamani.com\/wp-content\/uploads\/2022\/12\/home_prova03-600x400.jpg 600w, https:\/\/test.cacciamani.com\/wp-content\/uploads\/2022\/12\/home_prova03-768x512.jpg 768w\" sizes=\"auto, (max-width: 1000px) 100vw, 1000px\" \/>\t\t\t\t<div class=\"overlay\" style=\"background-color:1\"><\/div>\t\t\t\t\t\t\t<\/div>\n\t\t\t\t\t<\/div>\n\n\t\t<div class=\"box-text text-center\" style=\"background-color:rgba(0, 0, 0, 0.401);\">\n\t\t\t<div class=\"box-text-inner\">\n\t\t\t\t\n\n\t<div id=\"text-3020446481\" class=\"text\">\n\t\t\n\n<h4>Mixere<\/h4>\n\t\t\n<style>\n#text-3020446481 {\n  text-align: center;\n}\n<\/style>\n\t<\/div>\n\t\n\n\t\t\t<\/div>\n\t\t<\/div>\n\t<\/div>\n\t\n\n\t\t<\/div>\n\t\t\t\t\t<\/div>\n\n\t\n\n<\/div>\n\n\t\t<\/div>\n\t\t\t\t\t<\/div>\n\n\t\n\n<\/div>\n\n\t\t<\/div>\n\n\t\t\n<style>\n#section_37446178 {\n  padding-top: 30px;\n  padding-bottom: 30px;\n  background-color: #fafafa;\n}\n#section_37446178 .ux-shape-divider--top svg {\n  height: 150px;\n  --divider-top-width: 100%;\n}\n#section_37446178 .ux-shape-divider--bottom svg {\n  height: 150px;\n  --divider-width: 100%;\n}\n<\/style>\n\t<\/section>\n\t\n\n","protected":false},"excerpt":{"rendered":"","protected":false},"author":1,"featured_media":1816,"parent":2160,"menu_order":0,"comment_status":"closed","ping_status":"closed","template":"page-blank.php","meta":{"footnotes":""},"class_list":["post-2310","page","type-page","status-publish","has-post-thumbnail","hentry"],"_links":{"self":[{"href":"https:\/\/test.cacciamani.com\/ro\/wp-json\/wp\/v2\/pages\/2310","targetHints":{"allow":["GET"]}}],"collection":[{"href":"https:\/\/test.cacciamani.com\/ro\/wp-json\/wp\/v2\/pages"}],"about":[{"href":"https:\/\/test.cacciamani.com\/ro\/wp-json\/wp\/v2\/types\/page"}],"author":[{"embeddable":true,"href":"https:\/\/test.cacciamani.com\/ro\/wp-json\/wp\/v2\/users\/1"}],"replies":[{"embeddable":true,"href":"https:\/\/test.cacciamani.com\/ro\/wp-json\/wp\/v2\/comments?post=2310"}],"version-history":[{"count":1,"href":"https:\/\/test.cacciamani.com\/ro\/wp-json\/wp\/v2\/pages\/2310\/revisions"}],"predecessor-version":[{"id":2312,"href":"https:\/\/test.cacciamani.com\/ro\/wp-json\/wp\/v2\/pages\/2310\/revisions\/2312"}],"up":[{"embeddable":true,"href":"https:\/\/test.cacciamani.com\/ro\/wp-json\/wp\/v2\/pages\/2160"}],"wp:featuredmedia":[{"embeddable":true,"href":"https:\/\/test.cacciamani.com\/ro\/wp-json\/wp\/v2\/media\/1816"}],"wp:attachment":[{"href":"https:\/\/test.cacciamani.com\/ro\/wp-json\/wp\/v2\/media?parent=2310"}],"curies":[{"name":"wp","href":"https:\/\/api.w.org\/{rel}","templated":true}]}}