{"id":2301,"date":"2023-03-08T20:10:22","date_gmt":"2023-03-08T19:10:22","guid":{"rendered":"https:\/\/test.cacciamani.com\/produse\/echipament\/filtre-ecologice-de-ciment\/"},"modified":"2023-04-04T16:26:24","modified_gmt":"2023-04-04T14:26:24","slug":"filtre-ecologice-de-ciment","status":"publish","type":"page","link":"https:\/\/test.cacciamani.com\/ro\/produse\/echipament\/filtre-ecologice-de-ciment\/","title":{"rendered":"Filtre ecologice de ciment"},"content":{"rendered":"\n\n  <div class=\"banner has-hover\" id=\"banner-677397658\">\n          <div class=\"banner-inner fill\">\n        <div class=\"banner-bg fill\" >\n            <div class=\"bg fill bg-fill \"><\/div>\n                                    \n                    <\/div>\n\t\t\n        <div class=\"banner-layers container\">\n            <div class=\"fill banner-link\"><\/div>            \n\n   <div id=\"text-box-2126592298\" class=\"text-box banner-layer x50 md-x50 lg-x50 y50 md-y50 lg-y50 res-text\">\n                                <div class=\"text-box-content text dark\">\n              \n              <div class=\"text-inner text-center\">\n                  \n\n<h3 class=\"uppercase\"><strong>Filtre ecologice de ciment<\/strong><\/h3>\n\n              <\/div>\n           <\/div>\n                            \n<style>\n#text-box-2126592298 {\n  width: 50%;\n}\n#text-box-2126592298 .text-box-content {\n  font-size: 80%;\n}\n@media (min-width:850px) {\n  #text-box-2126592298 .text-box-content {\n    font-size: 100%;\n  }\n}\n<\/style>\n    <\/div>\n \n\n        <\/div>\n      <\/div>\n\n            \n<style>\n#banner-677397658 {\n  padding-top: 80px;\n}\n#banner-677397658 .bg.bg-loaded {\n  background-image: url(https:\/\/test.cacciamani.com\/wp-content\/uploads\/2023\/03\/filtro-SILOTOP-Medium-547x800.jpg);\n}\n#banner-677397658 .bg {\n  background-position: 52% 43%;\n}\n#banner-677397658 .ux-shape-divider--top svg {\n  height: 150px;\n  --divider-top-width: 100%;\n}\n#banner-677397658 .ux-shape-divider--bottom svg {\n  height: 150px;\n  --divider-width: 100%;\n}\n@media (min-width:550px) {\n  #banner-677397658 {\n    padding-top: 140px;\n  }\n}\n@media (min-width:850px) {\n  #banner-677397658 {\n    padding-top: 230px;\n  }\n}\n<\/style>\n  <\/div>\n\n\n\t<section class=\"section\" id=\"section_2068957646\">\n\t\t<div class=\"bg section-bg fill bg-fill  bg-loaded\" >\n\n\t\t\t\n\t\t\t\n\t\t\t\n\n\t\t<\/div>\n\n\t\t\n\n\t\t<div class=\"section-content relative\">\n\t\t\t\n\n  <div id=\"page-header-1963876154\" class=\"page-header-wrapper\">\n  <div class=\"page-title light simple-title\">\n\n    \n    <div class=\"page-title-inner container align-center flex-row medium-flex-wrap row-reverse\" >\n            <div class=\"title-content flex-col flex-left text-left medium-text-center\">\n        <div class=\"title-breadcrumbs pb-half pt-half\"><nav class=\"woocommerce-breadcrumb breadcrumbs uppercase\">Home<\/nav><\/div>      <\/div>\n    <\/div>\n\n       <\/div>\n    <\/div>\n  \n\n\t<div id=\"gap-801028857\" class=\"gap-element clearfix\" style=\"display:block; height:auto;\">\n\t\t\n<style>\n#gap-801028857 {\n  padding-top: 40px;\n}\n<\/style>\n\t<\/div>\n\t\n\n<div class=\"row\"  id=\"row-452314609\">\n\n\n\t<div id=\"col-485989377\" class=\"col medium-10 small-12 large-10\"  >\n\t\t\t\t<div class=\"col-inner\"  >\n\t\t\t\n\t\t\t\n\n<div class=\"row\"  id=\"row-1532744658\">\n\n\n\t<div id=\"col-1367213712\" class=\"col small-12 large-12\"  >\n\t\t\t\t<div class=\"col-inner\"  >\n\t\t\t\n\t\t\t\n\n\t<div id=\"text-950481893\" class=\"text\">\n\t\t\n\n<p>FILTRU ECOLOGIC pentru reducerea prafului de ciment, cu o suprafa\u021b\u0103 de filtrare de 24 m2 din cartu\u0219e de poliester, u\u0219or de \u00eendep\u0103rtat pentru cur\u0103\u021bare. Filtrul func\u021bioneaz\u0103 prin utilizarea presiunii diferite existente \u00een timpul fazei de \u00eenc\u0103rcare, \u00eentre interiorul silozului \u0219i mediul exterior. Filtrul are o parte central\u0103 realizat\u0103 \u00een \u00eentregime din o\u021bel inoxidabil. Aerul care urmeaz\u0103 s\u0103 fie depoluat, trec\u00e2nd prin suprafa\u021ba cartu\u0219elor, iese complet purificat, deoarece praful este re\u021binut de suprafa\u021ba filtrului; cur\u0103\u021barea cartu\u0219elor are loc cu ajutorul aerului comprimat care este introdus \u00een sistemul de filtrare. Complet cu panou de control.<\/p>\n<p>FILTRU DE CIMENT PIESE DE SCHIMB \u0218I ACCESORII :<br>\n&#8211; Cartu\u0219e fabricate din \u021bes\u0103tur\u0103 de poliester de diferite dimensiuni.<br>\n&#8211; Supap\u0103 de siguran\u021b\u0103 antiexplozie<br>\n&#8211; Supap\u0103 fluture<br>\n&#8211; Kit de monitorizare a tensiunii arteriale<br>\n&#8211; Kit de e\u0219antionare a gazelor de ardere<\/p>\n\t\t\n<style>\n#text-950481893 {\n  text-align: center;\n}\n<\/style>\n\t<\/div>\n\t\n\n\t\t<\/div>\n\t\t\t\t\t<\/div>\n\n\t\n\n<\/div>\n\n  \n    <div class=\"row large-columns-3 medium-columns-3 small-columns-2 row-xsmall\">\n  <div class=\"gallery-col col\" >\n          <div class=\"col-inner\">\n            <a class=\"image-lightbox lightbox-gallery\" href=\"https:\/\/test.cacciamani.com\/wp-content\/uploads\/2023\/03\/filtro-SILOTOP-Medium-547x800.jpg\" title=\"\">            <div class=\"box has-hover gallery-box box-normal\">\n              <div class=\"box-image image-zoom image-cover\" style=\"padding-top:75%;\">\n                <img loading=\"lazy\" decoding=\"async\" width=\"273\" height=\"400\" src=\"https:\/\/test.cacciamani.com\/wp-content\/uploads\/2023\/03\/filtro-SILOTOP-Medium-273x400.jpg\" class=\"attachment-medium size-medium\" alt=\"\" ids=\"635,634,633,632,631\" style=\"normal\" col_spacing=\"xsmall\" columns=\"3\" columns__sm=\"2\" columns__md=\"3\" image_height=\"75%\" image_hover=\"zoom\" srcset=\"https:\/\/test.cacciamani.com\/wp-content\/uploads\/2023\/03\/filtro-SILOTOP-Medium-273x400.jpg 273w, https:\/\/test.cacciamani.com\/wp-content\/uploads\/2023\/03\/filtro-SILOTOP-Medium-547x800.jpg 547w, https:\/\/test.cacciamani.com\/wp-content\/uploads\/2023\/03\/filtro-SILOTOP-Medium-768x1124.jpg 768w, https:\/\/test.cacciamani.com\/wp-content\/uploads\/2023\/03\/filtro-SILOTOP-Medium-600x878.jpg 600w, https:\/\/test.cacciamani.com\/wp-content\/uploads\/2023\/03\/filtro-SILOTOP-Medium.jpg 960w\" sizes=\"auto, (max-width: 273px) 100vw, 273px\" \/>                                                              <\/div>\n              <div class=\"box-text text-left\" >\n                 <p><\/p>\n              <\/div>\n            <\/div>\n            <\/a>          <\/div>\n         <\/div><div class=\"gallery-col col\" >\n          <div class=\"col-inner\">\n            <a class=\"image-lightbox lightbox-gallery\" href=\"https:\/\/test.cacciamani.com\/wp-content\/uploads\/2023\/03\/filtro-SILOTOP-1-663x800.jpg\" title=\"\">            <div class=\"box has-hover gallery-box box-normal\">\n              <div class=\"box-image image-zoom image-cover\" style=\"padding-top:75%;\">\n                <img loading=\"lazy\" decoding=\"async\" width=\"331\" height=\"400\" src=\"https:\/\/test.cacciamani.com\/wp-content\/uploads\/2023\/03\/filtro-SILOTOP-1-331x400.jpg\" class=\"attachment-medium size-medium\" alt=\"\" ids=\"635,634,633,632,631\" style=\"normal\" col_spacing=\"xsmall\" columns=\"3\" columns__sm=\"2\" columns__md=\"3\" image_height=\"75%\" image_hover=\"zoom\" srcset=\"https:\/\/test.cacciamani.com\/wp-content\/uploads\/2023\/03\/filtro-SILOTOP-1-331x400.jpg 331w, https:\/\/test.cacciamani.com\/wp-content\/uploads\/2023\/03\/filtro-SILOTOP-1-663x800.jpg 663w, https:\/\/test.cacciamani.com\/wp-content\/uploads\/2023\/03\/filtro-SILOTOP-1-768x927.jpg 768w, https:\/\/test.cacciamani.com\/wp-content\/uploads\/2023\/03\/filtro-SILOTOP-1-600x724.jpg 600w, https:\/\/test.cacciamani.com\/wp-content\/uploads\/2023\/03\/filtro-SILOTOP-1.jpg 960w\" sizes=\"auto, (max-width: 331px) 100vw, 331px\" \/>                                                              <\/div>\n              <div class=\"box-text text-left\" >\n                 <p><\/p>\n              <\/div>\n            <\/div>\n            <\/a>          <\/div>\n         <\/div><div class=\"gallery-col col\" >\n          <div class=\"col-inner\">\n            <a class=\"image-lightbox lightbox-gallery\" href=\"https:\/\/test.cacciamani.com\/wp-content\/uploads\/2023\/03\/FILTRO-A-VIBRAZIONE-491x800.jpg\" title=\"\">            <div class=\"box has-hover gallery-box box-normal\">\n              <div class=\"box-image image-zoom image-cover\" style=\"padding-top:75%;\">\n                <img loading=\"lazy\" decoding=\"async\" width=\"246\" height=\"400\" src=\"https:\/\/test.cacciamani.com\/wp-content\/uploads\/2023\/03\/FILTRO-A-VIBRAZIONE-246x400.jpg\" class=\"attachment-medium size-medium\" alt=\"\" ids=\"635,634,633,632,631\" style=\"normal\" col_spacing=\"xsmall\" columns=\"3\" columns__sm=\"2\" columns__md=\"3\" image_height=\"75%\" image_hover=\"zoom\" srcset=\"https:\/\/test.cacciamani.com\/wp-content\/uploads\/2023\/03\/FILTRO-A-VIBRAZIONE-246x400.jpg 246w, https:\/\/test.cacciamani.com\/wp-content\/uploads\/2023\/03\/FILTRO-A-VIBRAZIONE-491x800.jpg 491w, https:\/\/test.cacciamani.com\/wp-content\/uploads\/2023\/03\/FILTRO-A-VIBRAZIONE-768x1251.jpg 768w, https:\/\/test.cacciamani.com\/wp-content\/uploads\/2023\/03\/FILTRO-A-VIBRAZIONE-943x1536.jpg 943w, https:\/\/test.cacciamani.com\/wp-content\/uploads\/2023\/03\/FILTRO-A-VIBRAZIONE-600x978.jpg 600w, https:\/\/test.cacciamani.com\/wp-content\/uploads\/2023\/03\/FILTRO-A-VIBRAZIONE.jpg 960w\" sizes=\"auto, (max-width: 246px) 100vw, 246px\" \/>                                                              <\/div>\n              <div class=\"box-text text-left\" >\n                 <p><\/p>\n              <\/div>\n            <\/div>\n            <\/a>          <\/div>\n         <\/div><div class=\"gallery-col col\" >\n          <div class=\"col-inner\">\n            <a class=\"image-lightbox lightbox-gallery\" href=\"https:\/\/test.cacciamani.com\/wp-content\/uploads\/2023\/03\/Filtor-ada-ario-Medium-405x800.jpg\" title=\"\">            <div class=\"box has-hover gallery-box box-normal\">\n              <div class=\"box-image image-zoom image-cover\" style=\"padding-top:75%;\">\n                <img loading=\"lazy\" decoding=\"async\" width=\"203\" height=\"400\" src=\"https:\/\/test.cacciamani.com\/wp-content\/uploads\/2023\/03\/Filtor-ada-ario-Medium-203x400.jpg\" class=\"attachment-medium size-medium\" alt=\"\" ids=\"635,634,633,632,631\" style=\"normal\" col_spacing=\"xsmall\" columns=\"3\" columns__sm=\"2\" columns__md=\"3\" image_height=\"75%\" image_hover=\"zoom\" srcset=\"https:\/\/test.cacciamani.com\/wp-content\/uploads\/2023\/03\/Filtor-ada-ario-Medium-203x400.jpg 203w, https:\/\/test.cacciamani.com\/wp-content\/uploads\/2023\/03\/Filtor-ada-ario-Medium-405x800.jpg 405w, https:\/\/test.cacciamani.com\/wp-content\/uploads\/2023\/03\/Filtor-ada-ario-Medium-768x1516.jpg 768w, https:\/\/test.cacciamani.com\/wp-content\/uploads\/2023\/03\/Filtor-ada-ario-Medium-778x1536.jpg 778w, https:\/\/test.cacciamani.com\/wp-content\/uploads\/2023\/03\/Filtor-ada-ario-Medium-600x1184.jpg 600w, https:\/\/test.cacciamani.com\/wp-content\/uploads\/2023\/03\/Filtor-ada-ario-Medium.jpg 960w\" sizes=\"auto, (max-width: 203px) 100vw, 203px\" \/>                                                              <\/div>\n              <div class=\"box-text text-left\" >\n                 <p><\/p>\n              <\/div>\n            <\/div>\n            <\/a>          <\/div>\n         <\/div><div class=\"gallery-col col\" >\n          <div class=\"col-inner\">\n            <a class=\"image-lightbox lightbox-gallery\" href=\"https:\/\/test.cacciamani.com\/wp-content\/uploads\/2023\/03\/CARTUCCE-FILTRO-SILOTOP-SPOSETTI-751x800.jpg\" title=\"\">            <div class=\"box has-hover gallery-box box-normal\">\n              <div class=\"box-image image-zoom image-cover\" style=\"padding-top:75%;\">\n                <img loading=\"lazy\" decoding=\"async\" width=\"376\" height=\"400\" src=\"https:\/\/test.cacciamani.com\/wp-content\/uploads\/2023\/03\/CARTUCCE-FILTRO-SILOTOP-SPOSETTI-376x400.jpg\" class=\"attachment-medium size-medium\" alt=\"\" ids=\"635,634,633,632,631\" style=\"normal\" col_spacing=\"xsmall\" columns=\"3\" columns__sm=\"2\" columns__md=\"3\" image_height=\"75%\" image_hover=\"zoom\" srcset=\"https:\/\/test.cacciamani.com\/wp-content\/uploads\/2023\/03\/CARTUCCE-FILTRO-SILOTOP-SPOSETTI-376x400.jpg 376w, https:\/\/test.cacciamani.com\/wp-content\/uploads\/2023\/03\/CARTUCCE-FILTRO-SILOTOP-SPOSETTI-751x800.jpg 751w, https:\/\/test.cacciamani.com\/wp-content\/uploads\/2023\/03\/CARTUCCE-FILTRO-SILOTOP-SPOSETTI-768x818.jpg 768w, https:\/\/test.cacciamani.com\/wp-content\/uploads\/2023\/03\/CARTUCCE-FILTRO-SILOTOP-SPOSETTI-600x639.jpg 600w, https:\/\/test.cacciamani.com\/wp-content\/uploads\/2023\/03\/CARTUCCE-FILTRO-SILOTOP-SPOSETTI.jpg 960w\" sizes=\"auto, (max-width: 376px) 100vw, 376px\" \/>                                                              <\/div>\n              <div class=\"box-text text-left\" >\n                 <p><\/p>\n              <\/div>\n            <\/div>\n            <\/a>          <\/div>\n         <\/div><\/div>\n\n\n\t\t<\/div>\n\t\t\t\t\t<\/div>\n\n\t\n\n\t<div id=\"col-382302621\" class=\"col medium-2 small-12 large-2\"  >\n\t\t\t\t<div class=\"col-inner\"  >\n\t\t\t\n\t\t\t\n\n<ul class=\"sidebar-wrapper ul-reset\"><aside id=\"nav_menu-2\" class=\"widget widget_nav_menu\"><div class=\"menu-laterale_it-container\"><ul id=\"menu-laterale_it\" class=\"menu\"><li id=\"menu-item-917\" class=\"menu-item menu-item-type-post_type menu-item-object-page menu-item-has-children menu-item-917\"><a href=\"https:\/\/test.cacciamani.com\/prodotti\/\">Produse<\/a>\n<ul class=\"sub-menu\">\n\t<li id=\"menu-item-918\" class=\"menu-item menu-item-type-post_type menu-item-object-page menu-item-918\"><a href=\"https:\/\/test.cacciamani.com\/prodotti\/attrezzature\/\">Echipament<\/a><\/li>\n\t<li id=\"menu-item-919\" class=\"menu-item menu-item-type-post_type menu-item-object-page menu-item-919\"><a href=\"https:\/\/test.cacciamani.com\/prodotti\/impianti-di-betonaggio\/\">Instala\u021bii de amestecare a betonului<\/a><\/li>\n\t<li id=\"menu-item-920\" class=\"menu-item menu-item-type-post_type menu-item-object-page menu-item-920\"><a href=\"https:\/\/test.cacciamani.com\/prodotti\/blocchiere-semoventi\/\">Blocan\u021bi autopropulsa\u021bi<\/a><\/li>\n<\/ul>\n<\/li>\n<li id=\"menu-item-921\" class=\"menu-item menu-item-type-post_type menu-item-object-page menu-item-921\"><a href=\"https:\/\/test.cacciamani.com\/tavoli-vibranti\/\">Mese vibrante<\/a><\/li>\n<li id=\"menu-item-1038\" class=\"menu-item menu-item-type-post_type menu-item-object-page menu-item-1038\"><a href=\"https:\/\/test.cacciamani.com\/pinze\/\">Cle\u0219te<\/a><\/li>\n<li id=\"menu-item-923\" class=\"menu-item menu-item-type-post_type menu-item-object-page menu-item-923\"><a href=\"https:\/\/test.cacciamani.com\/ricambi\/\">Piese de schimb<\/a><\/li>\n<li id=\"menu-item-922\" class=\"menu-item menu-item-type-post_type menu-item-object-page menu-item-922\"><a href=\"https:\/\/test.cacciamani.com\/usato\/\">Folosit<\/a><\/li>\n<\/ul><\/div><\/aside><\/ul>\n\n\n\t\t<\/div>\n\t\t\t\t\t<\/div>\n\n\t\n\n<\/div>\n\t<div id=\"gap-1689118410\" class=\"gap-element clearfix\" style=\"display:block; height:auto;\">\n\t\t\n<style>\n#gap-1689118410 {\n  padding-top: 50px;\n}\n<\/style>\n\t<\/div>\n\t\n\n<div class=\"row\"  id=\"row-1404199165\">\n\n\n\t<div id=\"col-811778629\" class=\"col medium-6 small-12 large-6\"  >\n\t\t\t\t<div class=\"col-inner\"  >\n\t\t\t\n\t\t\t\n\n<div class=\"container section-title-container\" ><h3 class=\"section-title section-title-center\"><b><\/b><span class=\"section-title-main\" ><i class=\"icon-phone\" ><\/i>Solicita\u021bi o ofert\u0103<\/span><b><\/b><\/h3><\/div>\n\n\n\t\t<\/div>\n\t\t\t\t\t<\/div>\n\n\t\n\n\t<div id=\"col-754676017\" class=\"col medium-4 small-12 large-4\"  >\n\t\t\t\t<div class=\"col-inner\"  >\n\t\t\t\n\t\t\t\n\n<div class=\"social-icons follow-icons full-width text-center\" style=\"font-size:110%\"><a href=\"mailto:info@cacciamani.com\" data-label=\"E-mail\" rel=\"nofollow\" class=\"icon primary button circle  email tooltip\" title=\"Send us an email\" aria-label=\"Send us an email\"><i class=\"icon-envelop\" ><\/i><\/a><a href=\"tel:+390732627683\" target=\"_blank\" data-label=\"Phone\" rel=\"noopener noreferrer nofollow\" class=\"icon primary button circle  phone tooltip\" title=\"Call us\" aria-label=\"Call us\"><i class=\"icon-phone\" ><\/i><\/a><\/div>\n\n\n\t\t<\/div>\n\t\t\t\t\t<\/div>\n\n\t\n\n\t<div id=\"col-917454736\" class=\"col medium-2 small-12 large-2\"  >\n\t\t\t\t<div class=\"col-inner\"  >\n\t\t\t\n\t\t\t\n\n\t<div id=\"gap-169888944\" class=\"gap-element clearfix\" style=\"display:block; height:auto;\">\n\t\t\n<style>\n#gap-169888944 {\n  padding-top: 30px;\n}\n<\/style>\n\t<\/div>\n\t\n\n\n\t\t<\/div>\n\t\t\t\t\t<\/div>\n\n\t\n\n<\/div>\n\n\t\t<\/div>\n\n\t\t\n<style>\n#section_2068957646 {\n  padding-top: 20px;\n  padding-bottom: 20px;\n  background-color: #fafafa;\n}\n#section_2068957646 .ux-shape-divider--top svg {\n  height: 150px;\n  --divider-top-width: 100%;\n}\n#section_2068957646 .ux-shape-divider--bottom svg {\n  height: 150px;\n  --divider-width: 100%;\n}\n<\/style>\n\t<\/section>\n\t\n\n","protected":false},"excerpt":{"rendered":"","protected":false},"author":1,"featured_media":1666,"parent":2187,"menu_order":0,"comment_status":"closed","ping_status":"closed","template":"page-blank.php","meta":{"footnotes":""},"class_list":["post-2301","page","type-page","status-publish","has-post-thumbnail","hentry"],"_links":{"self":[{"href":"https:\/\/test.cacciamani.com\/ro\/wp-json\/wp\/v2\/pages\/2301","targetHints":{"allow":["GET"]}}],"collection":[{"href":"https:\/\/test.cacciamani.com\/ro\/wp-json\/wp\/v2\/pages"}],"about":[{"href":"https:\/\/test.cacciamani.com\/ro\/wp-json\/wp\/v2\/types\/page"}],"author":[{"embeddable":true,"href":"https:\/\/test.cacciamani.com\/ro\/wp-json\/wp\/v2\/users\/1"}],"replies":[{"embeddable":true,"href":"https:\/\/test.cacciamani.com\/ro\/wp-json\/wp\/v2\/comments?post=2301"}],"version-history":[{"count":1,"href":"https:\/\/test.cacciamani.com\/ro\/wp-json\/wp\/v2\/pages\/2301\/revisions"}],"predecessor-version":[{"id":2303,"href":"https:\/\/test.cacciamani.com\/ro\/wp-json\/wp\/v2\/pages\/2301\/revisions\/2303"}],"up":[{"embeddable":true,"href":"https:\/\/test.cacciamani.com\/ro\/wp-json\/wp\/v2\/pages\/2187"}],"wp:featuredmedia":[{"embeddable":true,"href":"https:\/\/test.cacciamani.com\/ro\/wp-json\/wp\/v2\/media\/1666"}],"wp:attachment":[{"href":"https:\/\/test.cacciamani.com\/ro\/wp-json\/wp\/v2\/media?parent=2301"}],"curies":[{"name":"wp","href":"https:\/\/api.w.org\/{rel}","templated":true}]}}