{"id":2260,"date":"2023-03-08T17:32:24","date_gmt":"2023-03-08T16:32:24","guid":{"rendered":"https:\/\/test.cacciamani.com\/produse\/echipament\/inclinare-hidraulica\/"},"modified":"2023-04-04T16:26:18","modified_gmt":"2023-04-04T14:26:18","slug":"inclinare-hidraulica","status":"publish","type":"page","link":"https:\/\/test.cacciamani.com\/ro\/produse\/echipament\/inclinare-hidraulica\/","title":{"rendered":"\u00cenclinare hidraulic\u0103"},"content":{"rendered":"\n\n  <div class=\"banner has-hover\" id=\"banner-329695381\">\n          <div class=\"banner-inner fill\">\n        <div class=\"banner-bg fill\" >\n            <div class=\"bg fill bg-fill \"><\/div>\n                                    \n                    <\/div>\n\t\t\n        <div class=\"banner-layers container\">\n            <div class=\"fill banner-link\"><\/div>            \n\n   <div id=\"text-box-2094283963\" class=\"text-box banner-layer x50 md-x50 lg-x50 y50 md-y50 lg-y50 res-text\">\n                                <div class=\"text-box-content text dark\">\n              \n              <div class=\"text-inner text-center\">\n                  \n\n<h3 class=\"uppercase\"><strong>\u00eenclinare hidraulic\u0103<\/strong><\/h3>\n\n              <\/div>\n           <\/div>\n                            \n<style>\n#text-box-2094283963 {\n  width: 50%;\n}\n#text-box-2094283963 .text-box-content {\n  font-size: 80%;\n}\n@media (min-width:850px) {\n  #text-box-2094283963 .text-box-content {\n    font-size: 100%;\n  }\n}\n<\/style>\n    <\/div>\n \n\n        <\/div>\n      <\/div>\n\n            \n<style>\n#banner-329695381 {\n  padding-top: 80px;\n}\n#banner-329695381 .bg.bg-loaded {\n  background-image: url(https:\/\/test.cacciamani.com\/wp-content\/uploads\/2023\/03\/RIBALTINA-CON-STAMPO-PER-GRIGLIATI-SCARPATE-1-8.jpg);\n}\n#banner-329695381 .bg {\n  background-position: 48% 44%;\n}\n#banner-329695381 .ux-shape-divider--top svg {\n  height: 150px;\n  --divider-top-width: 100%;\n}\n#banner-329695381 .ux-shape-divider--bottom svg {\n  height: 150px;\n  --divider-width: 100%;\n}\n@media (min-width:550px) {\n  #banner-329695381 {\n    padding-top: 140px;\n  }\n}\n@media (min-width:850px) {\n  #banner-329695381 {\n    padding-top: 230px;\n  }\n}\n<\/style>\n  <\/div>\n\n\n\t<section class=\"section\" id=\"section_567785626\">\n\t\t<div class=\"bg section-bg fill bg-fill  bg-loaded\" >\n\n\t\t\t\n\t\t\t\n\t\t\t\n\n\t\t<\/div>\n\n\t\t\n\n\t\t<div class=\"section-content relative\">\n\t\t\t\n\n  <div id=\"page-header-692660190\" class=\"page-header-wrapper\">\n  <div class=\"page-title light simple-title\">\n\n    \n    <div class=\"page-title-inner container align-center flex-row medium-flex-wrap row-reverse\" >\n            <div class=\"title-content flex-col flex-left text-left medium-text-center\">\n        <div class=\"title-breadcrumbs pb-half pt-half\"><nav class=\"woocommerce-breadcrumb breadcrumbs uppercase\">Home<\/nav><\/div>      <\/div>\n    <\/div>\n\n       <\/div>\n    <\/div>\n  \n\n\t<div id=\"gap-1936648485\" class=\"gap-element clearfix\" style=\"display:block; height:auto;\">\n\t\t\n<style>\n#gap-1936648485 {\n  padding-top: 40px;\n}\n<\/style>\n\t<\/div>\n\t\n\n<div class=\"row\"  id=\"row-1110011188\">\n\n\n\t<div id=\"col-1468765066\" class=\"col medium-10 small-12 large-10\"  >\n\t\t\t\t<div class=\"col-inner\"  >\n\t\t\t\n\t\t\t\n\n<div class=\"row\"  id=\"row-8847626\">\n\n\n\t<div id=\"col-1127351426\" class=\"col small-12 large-12\"  >\n\t\t\t\t<div class=\"col-inner\"  >\n\t\t\t\n\t\t\t\n\n\t<div id=\"text-1170122918\" class=\"text\">\n\t\t\n\n<p>\u00cenclinare hidraulic\u0103 rapid\u0103 pentru demodelarea continu\u0103 a artefactelor.<\/p>\n<p>Acest echipament este conceput pentru a r\u0103sturna matri\u021be cu o \u00een\u0103l\u021bime maxim\u0103 de 250\/350 mm. \u0219i, de asemenea, matri\u021be foarte lungi de p\u00e2n\u0103 la 5 m., matri\u021be care acoper\u0103 guri de vizitare, \u021b\u0103ru\u0219i de vi\u021b\u0103 de vie, \u021b\u0103ru\u0219i de livad\u0103, jgheaburi, suporturi de pant\u0103, terasamente de drumuri, rigole etc.<\/p>\n<p>Sistemul practic de cuplare\/decuplare automat\u0103 a matri\u021belor face ca produc\u021bia s\u0103 fie flexibil\u0103\/dinamic\u0103, deoarece schimbarea matri\u021belor este foarte rapid\u0103 \u0219i u\u0219oar\u0103.<\/p>\n<p>Opera\u021biunea este foarte simpl\u0103 \u0219i rapid\u0103, folosind un stivuitor pentru a muta matri\u021ba din zona de alimentare \u0219i vibrare \u00een zona de demodelare. Spre deosebire de unitatea de \u00eenclinare hidraulic\u0103, unitatea de \u00eenclinare hidraulic\u0103 rote\u0219te matri\u021ba cu 180\u00b0, dar cu punctul de sprijin \u00een afara centrului, \u00eenclin\u00e2nd matri\u021ba foarte rapid.<\/p>\n\t\t\n<style>\n#text-1170122918 {\n  text-align: center;\n}\n<\/style>\n\t<\/div>\n\t\n\n\t\t<\/div>\n\t\t\t\t\t<\/div>\n\n\t\n\n<\/div>\n\n  \n    <div class=\"row large-columns-3 medium-columns-3 small-columns-2 row-xsmall\">\n  <div class=\"gallery-col col\" >\n          <div class=\"col-inner\">\n            <a class=\"image-lightbox lightbox-gallery\" href=\"https:\/\/test.cacciamani.com\/wp-content\/uploads\/2023\/03\/RIBALTINA-CON-STAMPO-PER-GRIGLIATI-SCARPATE-1-786x800.jpg\" title=\"\">            <div class=\"box has-hover gallery-box box-normal\">\n              <div class=\"box-image image-zoom image-cover\" style=\"padding-top:75%;\">\n                <img loading=\"lazy\" decoding=\"async\" width=\"393\" height=\"400\" src=\"https:\/\/test.cacciamani.com\/wp-content\/uploads\/2023\/03\/RIBALTINA-CON-STAMPO-PER-GRIGLIATI-SCARPATE-1-393x400.jpg\" class=\"attachment-medium size-medium\" alt=\"\" ids=\"530,529,528,527,526,525,524\" style=\"normal\" col_spacing=\"xsmall\" columns=\"3\" columns__sm=\"2\" columns__md=\"3\" image_height=\"75%\" image_hover=\"zoom\" srcset=\"https:\/\/test.cacciamani.com\/wp-content\/uploads\/2023\/03\/RIBALTINA-CON-STAMPO-PER-GRIGLIATI-SCARPATE-1-393x400.jpg 393w, https:\/\/test.cacciamani.com\/wp-content\/uploads\/2023\/03\/RIBALTINA-CON-STAMPO-PER-GRIGLIATI-SCARPATE-1-786x800.jpg 786w, https:\/\/test.cacciamani.com\/wp-content\/uploads\/2023\/03\/RIBALTINA-CON-STAMPO-PER-GRIGLIATI-SCARPATE-1-768x782.jpg 768w, https:\/\/test.cacciamani.com\/wp-content\/uploads\/2023\/03\/RIBALTINA-CON-STAMPO-PER-GRIGLIATI-SCARPATE-1-600x611.jpg 600w, https:\/\/test.cacciamani.com\/wp-content\/uploads\/2023\/03\/RIBALTINA-CON-STAMPO-PER-GRIGLIATI-SCARPATE-1.jpg 960w\" sizes=\"auto, (max-width: 393px) 100vw, 393px\" \/>                                                              <\/div>\n              <div class=\"box-text text-left\" >\n                 <p><\/p>\n              <\/div>\n            <\/div>\n            <\/a>          <\/div>\n         <\/div><div class=\"gallery-col col\" >\n          <div class=\"col-inner\">\n            <a class=\"image-lightbox lightbox-gallery\" href=\"https:\/\/test.cacciamani.com\/wp-content\/uploads\/2023\/03\/RIBALTINA-CON-STAMPO-PER-GRIGLIATI-SCARPATE-1-15.jpg\" title=\"\">            <div class=\"box has-hover gallery-box box-normal\">\n              <div class=\"box-image image-zoom image-cover\" style=\"padding-top:75%;\">\n                <img loading=\"lazy\" decoding=\"async\" width=\"482\" height=\"400\" src=\"https:\/\/test.cacciamani.com\/wp-content\/uploads\/2023\/03\/RIBALTINA-CON-STAMPO-PER-GRIGLIATI-SCARPATE-1-15-482x400.jpg\" class=\"attachment-medium size-medium\" alt=\"\" ids=\"530,529,528,527,526,525,524\" style=\"normal\" col_spacing=\"xsmall\" columns=\"3\" columns__sm=\"2\" columns__md=\"3\" image_height=\"75%\" image_hover=\"zoom\" srcset=\"https:\/\/test.cacciamani.com\/wp-content\/uploads\/2023\/03\/RIBALTINA-CON-STAMPO-PER-GRIGLIATI-SCARPATE-1-15-482x400.jpg 482w, https:\/\/test.cacciamani.com\/wp-content\/uploads\/2023\/03\/RIBALTINA-CON-STAMPO-PER-GRIGLIATI-SCARPATE-1-15-768x638.jpg 768w, https:\/\/test.cacciamani.com\/wp-content\/uploads\/2023\/03\/RIBALTINA-CON-STAMPO-PER-GRIGLIATI-SCARPATE-1-15-600x498.jpg 600w, https:\/\/test.cacciamani.com\/wp-content\/uploads\/2023\/03\/RIBALTINA-CON-STAMPO-PER-GRIGLIATI-SCARPATE-1-15.jpg 960w\" sizes=\"auto, (max-width: 482px) 100vw, 482px\" \/>                                                              <\/div>\n              <div class=\"box-text text-left\" >\n                 <p><\/p>\n              <\/div>\n            <\/div>\n            <\/a>          <\/div>\n         <\/div><div class=\"gallery-col col\" >\n          <div class=\"col-inner\">\n            <a class=\"image-lightbox lightbox-gallery\" href=\"https:\/\/test.cacciamani.com\/wp-content\/uploads\/2023\/03\/RIBALTINA-CON-STAMPO-PER-GRIGLIATI-SCARPATE-1-8.jpg\" title=\"\">            <div class=\"box has-hover gallery-box box-normal\">\n              <div class=\"box-image image-zoom image-cover\" style=\"padding-top:75%;\">\n                <img loading=\"lazy\" decoding=\"async\" width=\"558\" height=\"400\" src=\"https:\/\/test.cacciamani.com\/wp-content\/uploads\/2023\/03\/RIBALTINA-CON-STAMPO-PER-GRIGLIATI-SCARPATE-1-8-558x400.jpg\" class=\"attachment-medium size-medium\" alt=\"\" ids=\"530,529,528,527,526,525,524\" style=\"normal\" col_spacing=\"xsmall\" columns=\"3\" columns__sm=\"2\" columns__md=\"3\" image_height=\"75%\" image_hover=\"zoom\" srcset=\"https:\/\/test.cacciamani.com\/wp-content\/uploads\/2023\/03\/RIBALTINA-CON-STAMPO-PER-GRIGLIATI-SCARPATE-1-8-558x400.jpg 558w, https:\/\/test.cacciamani.com\/wp-content\/uploads\/2023\/03\/RIBALTINA-CON-STAMPO-PER-GRIGLIATI-SCARPATE-1-8-768x550.jpg 768w, https:\/\/test.cacciamani.com\/wp-content\/uploads\/2023\/03\/RIBALTINA-CON-STAMPO-PER-GRIGLIATI-SCARPATE-1-8-600x430.jpg 600w, https:\/\/test.cacciamani.com\/wp-content\/uploads\/2023\/03\/RIBALTINA-CON-STAMPO-PER-GRIGLIATI-SCARPATE-1-8.jpg 960w\" sizes=\"auto, (max-width: 558px) 100vw, 558px\" \/>                                                              <\/div>\n              <div class=\"box-text text-left\" >\n                 <p><\/p>\n              <\/div>\n            <\/div>\n            <\/a>          <\/div>\n         <\/div><div class=\"gallery-col col\" >\n          <div class=\"col-inner\">\n            <a class=\"image-lightbox lightbox-gallery\" href=\"https:\/\/test.cacciamani.com\/wp-content\/uploads\/2023\/03\/RIBALTINA-CON-STAMPO-PER-GRIGLIATI-SCARPATE-1-2.jpg\" title=\"\">            <div class=\"box has-hover gallery-box box-normal\">\n              <div class=\"box-image image-zoom image-cover\" style=\"padding-top:75%;\">\n                <img loading=\"lazy\" decoding=\"async\" width=\"525\" height=\"400\" src=\"https:\/\/test.cacciamani.com\/wp-content\/uploads\/2023\/03\/RIBALTINA-CON-STAMPO-PER-GRIGLIATI-SCARPATE-1-2-525x400.jpg\" class=\"attachment-medium size-medium\" alt=\"\" ids=\"530,529,528,527,526,525,524\" style=\"normal\" col_spacing=\"xsmall\" columns=\"3\" columns__sm=\"2\" columns__md=\"3\" image_height=\"75%\" image_hover=\"zoom\" srcset=\"https:\/\/test.cacciamani.com\/wp-content\/uploads\/2023\/03\/RIBALTINA-CON-STAMPO-PER-GRIGLIATI-SCARPATE-1-2-525x400.jpg 525w, https:\/\/test.cacciamani.com\/wp-content\/uploads\/2023\/03\/RIBALTINA-CON-STAMPO-PER-GRIGLIATI-SCARPATE-1-2-768x586.jpg 768w, https:\/\/test.cacciamani.com\/wp-content\/uploads\/2023\/03\/RIBALTINA-CON-STAMPO-PER-GRIGLIATI-SCARPATE-1-2-600x458.jpg 600w, https:\/\/test.cacciamani.com\/wp-content\/uploads\/2023\/03\/RIBALTINA-CON-STAMPO-PER-GRIGLIATI-SCARPATE-1-2.jpg 960w\" sizes=\"auto, (max-width: 525px) 100vw, 525px\" \/>                                                              <\/div>\n              <div class=\"box-text text-left\" >\n                 <p><\/p>\n              <\/div>\n            <\/div>\n            <\/a>          <\/div>\n         <\/div><div class=\"gallery-col col\" >\n          <div class=\"col-inner\">\n            <a class=\"image-lightbox lightbox-gallery\" href=\"https:\/\/test.cacciamani.com\/wp-content\/uploads\/2023\/03\/RIB.IDR_.-VELOCE2.jpg\" title=\"\">            <div class=\"box has-hover gallery-box box-normal\">\n              <div class=\"box-image image-zoom image-cover\" style=\"padding-top:75%;\">\n                <img loading=\"lazy\" decoding=\"async\" width=\"562\" height=\"400\" src=\"https:\/\/test.cacciamani.com\/wp-content\/uploads\/2023\/03\/RIB.IDR_.-VELOCE2-562x400.jpg\" class=\"attachment-medium size-medium\" alt=\"\" ids=\"530,529,528,527,526,525,524\" style=\"normal\" col_spacing=\"xsmall\" columns=\"3\" columns__sm=\"2\" columns__md=\"3\" image_height=\"75%\" image_hover=\"zoom\" srcset=\"https:\/\/test.cacciamani.com\/wp-content\/uploads\/2023\/03\/RIB.IDR_.-VELOCE2-562x400.jpg 562w, https:\/\/test.cacciamani.com\/wp-content\/uploads\/2023\/03\/RIB.IDR_.-VELOCE2-768x546.jpg 768w, https:\/\/test.cacciamani.com\/wp-content\/uploads\/2023\/03\/RIB.IDR_.-VELOCE2-600x427.jpg 600w, https:\/\/test.cacciamani.com\/wp-content\/uploads\/2023\/03\/RIB.IDR_.-VELOCE2.jpg 960w\" sizes=\"auto, (max-width: 562px) 100vw, 562px\" \/>                                                              <\/div>\n              <div class=\"box-text text-left\" >\n                 <p><\/p>\n              <\/div>\n            <\/div>\n            <\/a>          <\/div>\n         <\/div><div class=\"gallery-col col\" >\n          <div class=\"col-inner\">\n            <a class=\"image-lightbox lightbox-gallery\" href=\"https:\/\/test.cacciamani.com\/wp-content\/uploads\/2023\/03\/RIB.IDR_.-VELOCE.jpg\" title=\"\">            <div class=\"box has-hover gallery-box box-normal\">\n              <div class=\"box-image image-zoom image-cover\" style=\"padding-top:75%;\">\n                <img loading=\"lazy\" decoding=\"async\" width=\"684\" height=\"400\" src=\"https:\/\/test.cacciamani.com\/wp-content\/uploads\/2023\/03\/RIB.IDR_.-VELOCE-684x400.jpg\" class=\"attachment-medium size-medium\" alt=\"\" ids=\"530,529,528,527,526,525,524\" style=\"normal\" col_spacing=\"xsmall\" columns=\"3\" columns__sm=\"2\" columns__md=\"3\" image_height=\"75%\" image_hover=\"zoom\" srcset=\"https:\/\/test.cacciamani.com\/wp-content\/uploads\/2023\/03\/RIB.IDR_.-VELOCE-684x400.jpg 684w, https:\/\/test.cacciamani.com\/wp-content\/uploads\/2023\/03\/RIB.IDR_.-VELOCE-768x449.jpg 768w, https:\/\/test.cacciamani.com\/wp-content\/uploads\/2023\/03\/RIB.IDR_.-VELOCE-600x351.jpg 600w, https:\/\/test.cacciamani.com\/wp-content\/uploads\/2023\/03\/RIB.IDR_.-VELOCE.jpg 960w\" sizes=\"auto, (max-width: 684px) 100vw, 684px\" \/>                                                              <\/div>\n              <div class=\"box-text text-left\" >\n                 <p><\/p>\n              <\/div>\n            <\/div>\n            <\/a>          <\/div>\n         <\/div><div class=\"gallery-col col\" >\n          <div class=\"col-inner\">\n            <a class=\"image-lightbox lightbox-gallery\" href=\"https:\/\/test.cacciamani.com\/wp-content\/uploads\/2023\/03\/RIB.IDR_.-VELOCE-1.jpg\" title=\"\">            <div class=\"box has-hover gallery-box box-normal\">\n              <div class=\"box-image image-zoom image-cover\" style=\"padding-top:75%;\">\n                <img loading=\"lazy\" decoding=\"async\" width=\"542\" height=\"400\" src=\"https:\/\/test.cacciamani.com\/wp-content\/uploads\/2023\/03\/RIB.IDR_.-VELOCE-1-542x400.jpg\" class=\"attachment-medium size-medium\" alt=\"\" ids=\"530,529,528,527,526,525,524\" style=\"normal\" col_spacing=\"xsmall\" columns=\"3\" columns__sm=\"2\" columns__md=\"3\" image_height=\"75%\" image_hover=\"zoom\" srcset=\"https:\/\/test.cacciamani.com\/wp-content\/uploads\/2023\/03\/RIB.IDR_.-VELOCE-1-542x400.jpg 542w, https:\/\/test.cacciamani.com\/wp-content\/uploads\/2023\/03\/RIB.IDR_.-VELOCE-1-768x566.jpg 768w, https:\/\/test.cacciamani.com\/wp-content\/uploads\/2023\/03\/RIB.IDR_.-VELOCE-1-600x443.jpg 600w, https:\/\/test.cacciamani.com\/wp-content\/uploads\/2023\/03\/RIB.IDR_.-VELOCE-1.jpg 960w\" sizes=\"auto, (max-width: 542px) 100vw, 542px\" \/>                                                              <\/div>\n              <div class=\"box-text text-left\" >\n                 <p><\/p>\n              <\/div>\n            <\/div>\n            <\/a>          <\/div>\n         <\/div><\/div>\n\n\n\t\t<\/div>\n\t\t\t\t\t<\/div>\n\n\t\n\n\t<div id=\"col-1393767082\" class=\"col medium-2 small-12 large-2\"  >\n\t\t\t\t<div class=\"col-inner\"  >\n\t\t\t\n\t\t\t\n\n<ul class=\"sidebar-wrapper ul-reset\"><aside id=\"nav_menu-2\" class=\"widget widget_nav_menu\"><div class=\"menu-laterale_it-container\"><ul id=\"menu-laterale_it\" class=\"menu\"><li id=\"menu-item-917\" class=\"menu-item menu-item-type-post_type menu-item-object-page menu-item-has-children menu-item-917\"><a href=\"https:\/\/test.cacciamani.com\/prodotti\/\">Produse<\/a>\n<ul class=\"sub-menu\">\n\t<li id=\"menu-item-918\" class=\"menu-item menu-item-type-post_type menu-item-object-page menu-item-918\"><a href=\"https:\/\/test.cacciamani.com\/prodotti\/attrezzature\/\">Echipament<\/a><\/li>\n\t<li id=\"menu-item-919\" class=\"menu-item menu-item-type-post_type menu-item-object-page menu-item-919\"><a href=\"https:\/\/test.cacciamani.com\/prodotti\/impianti-di-betonaggio\/\">Instala\u021bii de amestecare a betonului<\/a><\/li>\n\t<li id=\"menu-item-920\" class=\"menu-item menu-item-type-post_type menu-item-object-page menu-item-920\"><a href=\"https:\/\/test.cacciamani.com\/prodotti\/blocchiere-semoventi\/\">Blocan\u021bi autopropulsa\u021bi<\/a><\/li>\n<\/ul>\n<\/li>\n<li id=\"menu-item-921\" class=\"menu-item menu-item-type-post_type menu-item-object-page menu-item-921\"><a href=\"https:\/\/test.cacciamani.com\/tavoli-vibranti\/\">Mese vibrante<\/a><\/li>\n<li id=\"menu-item-1038\" class=\"menu-item menu-item-type-post_type menu-item-object-page menu-item-1038\"><a href=\"https:\/\/test.cacciamani.com\/pinze\/\">Cle\u0219te<\/a><\/li>\n<li id=\"menu-item-923\" class=\"menu-item menu-item-type-post_type menu-item-object-page menu-item-923\"><a href=\"https:\/\/test.cacciamani.com\/ricambi\/\">Piese de schimb<\/a><\/li>\n<li id=\"menu-item-922\" class=\"menu-item menu-item-type-post_type menu-item-object-page menu-item-922\"><a href=\"https:\/\/test.cacciamani.com\/usato\/\">Folosit<\/a><\/li>\n<\/ul><\/div><\/aside><\/ul>\n\n\n\t\t<\/div>\n\t\t\t\t\t<\/div>\n\n\t\n\n<\/div>\n\t<div id=\"gap-101889245\" class=\"gap-element clearfix\" style=\"display:block; height:auto;\">\n\t\t\n<style>\n#gap-101889245 {\n  padding-top: 50px;\n}\n<\/style>\n\t<\/div>\n\t\n\n<div class=\"row\"  id=\"row-872583450\">\n\n\n\t<div id=\"col-579794693\" class=\"col medium-6 small-12 large-6\"  >\n\t\t\t\t<div class=\"col-inner\"  >\n\t\t\t\n\t\t\t\n\n<div class=\"container section-title-container\" ><h3 class=\"section-title section-title-center\"><b><\/b><span class=\"section-title-main\" ><i class=\"icon-phone\" ><\/i>Solicita\u021bi o ofert\u0103<\/span><b><\/b><\/h3><\/div>\n\n\n\t\t<\/div>\n\t\t\t\t\t<\/div>\n\n\t\n\n\t<div id=\"col-1815969205\" class=\"col medium-4 small-12 large-4\"  >\n\t\t\t\t<div class=\"col-inner\"  >\n\t\t\t\n\t\t\t\n\n<div class=\"social-icons follow-icons full-width text-center\" style=\"font-size:110%\"><a href=\"mailto:info@cacciamani.com\" data-label=\"E-mail\" rel=\"nofollow\" class=\"icon primary button circle  email tooltip\" title=\"Send us an email\" aria-label=\"Send us an email\"><i class=\"icon-envelop\" ><\/i><\/a><a href=\"tel:+390732627683\" target=\"_blank\" data-label=\"Phone\" rel=\"noopener noreferrer nofollow\" class=\"icon primary button circle  phone tooltip\" title=\"Call us\" aria-label=\"Call us\"><i class=\"icon-phone\" ><\/i><\/a><\/div>\n\n\n\t\t<\/div>\n\t\t\t\t\t<\/div>\n\n\t\n\n\t<div id=\"col-118985690\" class=\"col medium-2 small-12 large-2\"  >\n\t\t\t\t<div class=\"col-inner\"  >\n\t\t\t\n\t\t\t\n\n\t<div id=\"gap-809356247\" class=\"gap-element clearfix\" style=\"display:block; height:auto;\">\n\t\t\n<style>\n#gap-809356247 {\n  padding-top: 30px;\n}\n<\/style>\n\t<\/div>\n\t\n\n\n\t\t<\/div>\n\t\t\t\t\t<\/div>\n\n\t\n\n<\/div>\n\n\t\t<\/div>\n\n\t\t\n<style>\n#section_567785626 {\n  padding-top: 20px;\n  padding-bottom: 20px;\n  background-color: #fafafa;\n}\n#section_567785626 .ux-shape-divider--top svg {\n  height: 150px;\n  --divider-top-width: 100%;\n}\n#section_567785626 .ux-shape-divider--bottom svg {\n  height: 150px;\n  --divider-width: 100%;\n}\n<\/style>\n\t<\/section>\n\t\n\n","protected":false},"excerpt":{"rendered":"","protected":false},"author":1,"featured_media":1432,"parent":2187,"menu_order":0,"comment_status":"closed","ping_status":"closed","template":"page-blank.php","meta":{"footnotes":""},"class_list":["post-2260","page","type-page","status-publish","has-post-thumbnail","hentry"],"_links":{"self":[{"href":"https:\/\/test.cacciamani.com\/ro\/wp-json\/wp\/v2\/pages\/2260","targetHints":{"allow":["GET"]}}],"collection":[{"href":"https:\/\/test.cacciamani.com\/ro\/wp-json\/wp\/v2\/pages"}],"about":[{"href":"https:\/\/test.cacciamani.com\/ro\/wp-json\/wp\/v2\/types\/page"}],"author":[{"embeddable":true,"href":"https:\/\/test.cacciamani.com\/ro\/wp-json\/wp\/v2\/users\/1"}],"replies":[{"embeddable":true,"href":"https:\/\/test.cacciamani.com\/ro\/wp-json\/wp\/v2\/comments?post=2260"}],"version-history":[{"count":1,"href":"https:\/\/test.cacciamani.com\/ro\/wp-json\/wp\/v2\/pages\/2260\/revisions"}],"predecessor-version":[{"id":2264,"href":"https:\/\/test.cacciamani.com\/ro\/wp-json\/wp\/v2\/pages\/2260\/revisions\/2264"}],"up":[{"embeddable":true,"href":"https:\/\/test.cacciamani.com\/ro\/wp-json\/wp\/v2\/pages\/2187"}],"wp:featuredmedia":[{"embeddable":true,"href":"https:\/\/test.cacciamani.com\/ro\/wp-json\/wp\/v2\/media\/1432"}],"wp:attachment":[{"href":"https:\/\/test.cacciamani.com\/ro\/wp-json\/wp\/v2\/media?parent=2260"}],"curies":[{"name":"wp","href":"https:\/\/api.w.org\/{rel}","templated":true}]}}