{"id":2218,"date":"2023-03-08T18:25:34","date_gmt":"2023-03-08T17:25:34","guid":{"rendered":"https:\/\/test.cacciamani.com\/produse\/echipament\/stivuitor\/"},"modified":"2023-04-04T16:24:27","modified_gmt":"2023-04-04T14:24:27","slug":"stivuitor","status":"publish","type":"page","link":"https:\/\/test.cacciamani.com\/ro\/produse\/echipament\/stivuitor\/","title":{"rendered":"Stivuitor"},"content":{"rendered":"\n\n  <div class=\"banner has-hover\" id=\"banner-726601158\">\n          <div class=\"banner-inner fill\">\n        <div class=\"banner-bg fill\" >\n            <div class=\"bg fill bg-fill \"><\/div>\n                                    \n                    <\/div>\n\t\t\n        <div class=\"banner-layers container\">\n            <div class=\"fill banner-link\"><\/div>            \n\n   <div id=\"text-box-1112738062\" class=\"text-box banner-layer x50 md-x50 lg-x50 y50 md-y50 lg-y50 res-text\">\n                                <div class=\"text-box-content text dark\">\n              \n              <div class=\"text-inner text-center\">\n                  \n\n<h3 class=\"uppercase\"><strong>Stivuitor<\/strong><\/h3>\n\n              <\/div>\n           <\/div>\n                            \n<style>\n#text-box-1112738062 {\n  width: 50%;\n}\n#text-box-1112738062 .text-box-content {\n  font-size: 80%;\n}\n@media (min-width:850px) {\n  #text-box-1112738062 .text-box-content {\n    font-size: 100%;\n  }\n}\n<\/style>\n    <\/div>\n \n\n        <\/div>\n      <\/div>\n\n            \n<style>\n#banner-726601158 {\n  padding-top: 80px;\n}\n#banner-726601158 .bg.bg-loaded {\n  background-image: url(https:\/\/test.cacciamani.com\/wp-content\/uploads\/2023\/03\/IMPILATORE-.jpg);\n}\n#banner-726601158 .bg {\n  background-position: 54% 91%;\n}\n#banner-726601158 .ux-shape-divider--top svg {\n  height: 150px;\n  --divider-top-width: 100%;\n}\n#banner-726601158 .ux-shape-divider--bottom svg {\n  height: 150px;\n  --divider-width: 100%;\n}\n@media (min-width:550px) {\n  #banner-726601158 {\n    padding-top: 140px;\n  }\n}\n@media (min-width:850px) {\n  #banner-726601158 {\n    padding-top: 230px;\n  }\n}\n<\/style>\n  <\/div>\n\n\n\t<section class=\"section\" id=\"section_1466259239\">\n\t\t<div class=\"bg section-bg fill bg-fill  bg-loaded\" >\n\n\t\t\t\n\t\t\t\n\t\t\t\n\n\t\t<\/div>\n\n\t\t\n\n\t\t<div class=\"section-content relative\">\n\t\t\t\n\n  <div id=\"page-header-510524459\" class=\"page-header-wrapper\">\n  <div class=\"page-title light simple-title\">\n\n    \n    <div class=\"page-title-inner container align-center flex-row medium-flex-wrap row-reverse\" >\n            <div class=\"title-content flex-col flex-left text-left medium-text-center\">\n        <div class=\"title-breadcrumbs pb-half pt-half\"><nav class=\"woocommerce-breadcrumb breadcrumbs uppercase\">Home<\/nav><\/div>      <\/div>\n    <\/div>\n\n       <\/div>\n    <\/div>\n  \n\n\t<div id=\"gap-1786880973\" class=\"gap-element clearfix\" style=\"display:block; height:auto;\">\n\t\t\n<style>\n#gap-1786880973 {\n  padding-top: 40px;\n}\n<\/style>\n\t<\/div>\n\t\n\n<div class=\"row\"  id=\"row-824760244\">\n\n\n\t<div id=\"col-1465411560\" class=\"col medium-10 small-12 large-10\"  >\n\t\t\t\t<div class=\"col-inner\"  >\n\t\t\t\n\t\t\t\n\n<div class=\"row\"  id=\"row-1336008502\">\n\n\n\t<div id=\"col-195080518\" class=\"col small-12 large-12\"  >\n\t\t\t\t<div class=\"col-inner\"  >\n\t\t\t\n\t\t\t\n\n\t<div id=\"text-1414654396\" class=\"text\">\n\t\t\n\n<p>Stivuitor manual cu \u00eempingere, lungime 5000 pentru stivuirea pachetelor de blocuri cu ridicare \u0219i prindere electric\u0103 Art.120\/IMP<\/p>\n<p>Odat\u0103 pozi\u021bionat, acesta este capabil s\u0103 ridice nr. 5 matri\u021be de produse fabricate f\u0103r\u0103 alte mi\u0219c\u0103ri, form\u00e2nd un pachet care poate fi creat pe un palet sau pe sol prin deplasarea ulterioar\u0103 cu dispozitivul nostru de prindere mecanic\u0103 Art. 020\/BC \u0219i cu dispozitivul de prindere hidraulic\u0103 Art. 022\/BC.<\/p>\n\t\t\n<style>\n#text-1414654396 {\n  text-align: center;\n}\n<\/style>\n\t<\/div>\n\t\n\n\t\t<\/div>\n\t\t\t\t\t<\/div>\n\n\t\n\n<\/div>\n\n  \n    <div class=\"row large-columns-3 medium-columns-3 small-columns-2 row-xsmall\">\n  <div class=\"gallery-col col\" >\n          <div class=\"col-inner\">\n            <a class=\"image-lightbox lightbox-gallery\" href=\"https:\/\/test.cacciamani.com\/wp-content\/uploads\/2023\/03\/IMPILATORE-.jpg\" title=\"\">            <div class=\"box has-hover gallery-box box-normal\">\n              <div class=\"box-image image-zoom image-cover\" style=\"padding-top:75%;\">\n                <img loading=\"lazy\" decoding=\"async\" width=\"716\" height=\"400\" src=\"https:\/\/test.cacciamani.com\/wp-content\/uploads\/2023\/03\/IMPILATORE--716x400.jpg\" class=\"attachment-medium size-medium\" alt=\"\" ids=\"546\" style=\"normal\" col_spacing=\"xsmall\" columns=\"3\" columns__sm=\"2\" columns__md=\"3\" image_height=\"75%\" image_hover=\"zoom\" srcset=\"https:\/\/test.cacciamani.com\/wp-content\/uploads\/2023\/03\/IMPILATORE--716x400.jpg 716w, https:\/\/test.cacciamani.com\/wp-content\/uploads\/2023\/03\/IMPILATORE--768x429.jpg 768w, https:\/\/test.cacciamani.com\/wp-content\/uploads\/2023\/03\/IMPILATORE--600x335.jpg 600w, https:\/\/test.cacciamani.com\/wp-content\/uploads\/2023\/03\/IMPILATORE-.jpg 960w\" sizes=\"auto, (max-width: 716px) 100vw, 716px\" \/>                                                              <\/div>\n              <div class=\"box-text text-left\" >\n                 <p><\/p>\n              <\/div>\n            <\/div>\n            <\/a>          <\/div>\n         <\/div><\/div>\n\n\n\t\t<\/div>\n\t\t\t\t\t<\/div>\n\n\t\n\n\t<div id=\"col-1681157938\" class=\"col medium-2 small-12 large-2\"  >\n\t\t\t\t<div class=\"col-inner\"  >\n\t\t\t\n\t\t\t\n\n<ul class=\"sidebar-wrapper ul-reset\"><aside id=\"nav_menu-2\" class=\"widget widget_nav_menu\"><div class=\"menu-laterale_it-container\"><ul id=\"menu-laterale_it\" class=\"menu\"><li id=\"menu-item-917\" class=\"menu-item menu-item-type-post_type menu-item-object-page menu-item-has-children menu-item-917\"><a href=\"https:\/\/test.cacciamani.com\/prodotti\/\">Produse<\/a>\n<ul class=\"sub-menu\">\n\t<li id=\"menu-item-918\" class=\"menu-item menu-item-type-post_type menu-item-object-page menu-item-918\"><a href=\"https:\/\/test.cacciamani.com\/prodotti\/attrezzature\/\">Echipament<\/a><\/li>\n\t<li id=\"menu-item-919\" class=\"menu-item menu-item-type-post_type menu-item-object-page menu-item-919\"><a href=\"https:\/\/test.cacciamani.com\/prodotti\/impianti-di-betonaggio\/\">Instala\u021bii de amestecare a betonului<\/a><\/li>\n\t<li id=\"menu-item-920\" class=\"menu-item menu-item-type-post_type menu-item-object-page menu-item-920\"><a href=\"https:\/\/test.cacciamani.com\/prodotti\/blocchiere-semoventi\/\">Blocan\u021bi autopropulsa\u021bi<\/a><\/li>\n<\/ul>\n<\/li>\n<li id=\"menu-item-921\" class=\"menu-item menu-item-type-post_type menu-item-object-page menu-item-921\"><a href=\"https:\/\/test.cacciamani.com\/tavoli-vibranti\/\">Mese vibrante<\/a><\/li>\n<li id=\"menu-item-1038\" class=\"menu-item menu-item-type-post_type menu-item-object-page menu-item-1038\"><a href=\"https:\/\/test.cacciamani.com\/pinze\/\">Cle\u0219te<\/a><\/li>\n<li id=\"menu-item-923\" class=\"menu-item menu-item-type-post_type menu-item-object-page menu-item-923\"><a href=\"https:\/\/test.cacciamani.com\/ricambi\/\">Piese de schimb<\/a><\/li>\n<li id=\"menu-item-922\" class=\"menu-item menu-item-type-post_type menu-item-object-page menu-item-922\"><a href=\"https:\/\/test.cacciamani.com\/usato\/\">Folosit<\/a><\/li>\n<\/ul><\/div><\/aside><\/ul>\n\n\n\t\t<\/div>\n\t\t\t\t\t<\/div>\n\n\t\n\n<\/div>\n\t<div id=\"gap-317291063\" class=\"gap-element clearfix\" style=\"display:block; height:auto;\">\n\t\t\n<style>\n#gap-317291063 {\n  padding-top: 50px;\n}\n<\/style>\n\t<\/div>\n\t\n\n<div class=\"row\"  id=\"row-673724830\">\n\n\n\t<div id=\"col-17440135\" class=\"col medium-6 small-12 large-6\"  >\n\t\t\t\t<div class=\"col-inner\"  >\n\t\t\t\n\t\t\t\n\n<div class=\"container section-title-container\" ><h3 class=\"section-title section-title-center\"><b><\/b><span class=\"section-title-main\" ><i class=\"icon-phone\" ><\/i>Solicita\u021bi o ofert\u0103<\/span><b><\/b><\/h3><\/div>\n\n\n\t\t<\/div>\n\t\t\t\t\t<\/div>\n\n\t\n\n\t<div id=\"col-1397219306\" class=\"col medium-4 small-12 large-4\"  >\n\t\t\t\t<div class=\"col-inner\"  >\n\t\t\t\n\t\t\t\n\n<div class=\"social-icons follow-icons full-width text-center\" style=\"font-size:110%\"><a href=\"mailto:info@cacciamani.com\" data-label=\"E-mail\" rel=\"nofollow\" class=\"icon primary button circle  email tooltip\" title=\"Send us an email\" aria-label=\"Send us an email\"><i class=\"icon-envelop\" ><\/i><\/a><a href=\"tel:+390732627683\" target=\"_blank\" data-label=\"Phone\" rel=\"noopener noreferrer nofollow\" class=\"icon primary button circle  phone tooltip\" title=\"Call us\" aria-label=\"Call us\"><i class=\"icon-phone\" ><\/i><\/a><\/div>\n\n\n\t\t<\/div>\n\t\t\t\t\t<\/div>\n\n\t\n\n\t<div id=\"col-2115526617\" class=\"col medium-2 small-12 large-2\"  >\n\t\t\t\t<div class=\"col-inner\"  >\n\t\t\t\n\t\t\t\n\n\t<div id=\"gap-426120475\" class=\"gap-element clearfix\" style=\"display:block; height:auto;\">\n\t\t\n<style>\n#gap-426120475 {\n  padding-top: 30px;\n}\n<\/style>\n\t<\/div>\n\t\n\n\n\t\t<\/div>\n\t\t\t\t\t<\/div>\n\n\t\n\n<\/div>\n\n\t\t<\/div>\n\n\t\t\n<style>\n#section_1466259239 {\n  padding-top: 20px;\n  padding-bottom: 20px;\n  background-color: #fafafa;\n}\n#section_1466259239 .ux-shape-divider--top svg {\n  height: 150px;\n  --divider-top-width: 100%;\n}\n#section_1466259239 .ux-shape-divider--bottom svg {\n  height: 150px;\n  --divider-width: 100%;\n}\n<\/style>\n\t<\/section>\n\t\n\n","protected":false},"excerpt":{"rendered":"","protected":false},"author":1,"featured_media":1468,"parent":2187,"menu_order":0,"comment_status":"closed","ping_status":"closed","template":"page-blank.php","meta":{"footnotes":""},"class_list":["post-2218","page","type-page","status-publish","has-post-thumbnail","hentry"],"_links":{"self":[{"href":"https:\/\/test.cacciamani.com\/ro\/wp-json\/wp\/v2\/pages\/2218","targetHints":{"allow":["GET"]}}],"collection":[{"href":"https:\/\/test.cacciamani.com\/ro\/wp-json\/wp\/v2\/pages"}],"about":[{"href":"https:\/\/test.cacciamani.com\/ro\/wp-json\/wp\/v2\/types\/page"}],"author":[{"embeddable":true,"href":"https:\/\/test.cacciamani.com\/ro\/wp-json\/wp\/v2\/users\/1"}],"replies":[{"embeddable":true,"href":"https:\/\/test.cacciamani.com\/ro\/wp-json\/wp\/v2\/comments?post=2218"}],"version-history":[{"count":1,"href":"https:\/\/test.cacciamani.com\/ro\/wp-json\/wp\/v2\/pages\/2218\/revisions"}],"predecessor-version":[{"id":2219,"href":"https:\/\/test.cacciamani.com\/ro\/wp-json\/wp\/v2\/pages\/2218\/revisions\/2219"}],"up":[{"embeddable":true,"href":"https:\/\/test.cacciamani.com\/ro\/wp-json\/wp\/v2\/pages\/2187"}],"wp:featuredmedia":[{"embeddable":true,"href":"https:\/\/test.cacciamani.com\/ro\/wp-json\/wp\/v2\/media\/1468"}],"wp:attachment":[{"href":"https:\/\/test.cacciamani.com\/ro\/wp-json\/wp\/v2\/media?parent=2218"}],"curies":[{"name":"wp","href":"https:\/\/api.w.org\/{rel}","templated":true}]}}