{"id":2155,"date":"2016-08-04T11:15:19","date_gmt":"2016-08-04T09:15:19","guid":{"rendered":"https:\/\/test.cacciamani.com\/compania\/"},"modified":"2023-04-04T16:24:01","modified_gmt":"2023-04-04T14:24:01","slug":"compania","status":"publish","type":"page","link":"https:\/\/test.cacciamani.com\/ro\/compania\/","title":{"rendered":"Compania"},"content":{"rendered":"\n\n  <div class=\"banner has-hover has-parallax\" id=\"banner-439748929\">\n          <div class=\"banner-inner fill\">\n        <div class=\"banner-bg fill\" data-parallax=\"-2\" data-parallax-container=\".banner\" data-parallax-background>\n            <div class=\"bg fill bg-fill \"><\/div>\n                        <div class=\"overlay\"><\/div>            \n                    <\/div>\n\t\t\n        <div class=\"banner-layers container\">\n            <div class=\"fill banner-link\"><\/div>            \n\n   <div id=\"text-box-1112645393\" class=\"text-box banner-layer x50 md-x50 lg-x50 y50 md-y50 lg-y50 res-text\">\n                                <div class=\"text-box-content text dark\">\n              \n              <div class=\"text-inner text-center\">\n                  \n\n<h3 class=\"uppercase\"><strong>Povestea noastr\u0103<\/strong><\/h3>\n\n              <\/div>\n           <\/div>\n                            \n<style>\n#text-box-1112645393 {\n  width: 60%;\n}\n#text-box-1112645393 .text-box-content {\n  font-size: 100%;\n}\n@media (min-width:550px) {\n  #text-box-1112645393 {\n    width: 68%;\n  }\n}\n<\/style>\n    <\/div>\n \n\n        <\/div>\n      <\/div>\n\n            \n<style>\n#banner-439748929 {\n  padding-top: 80px;\n}\n#banner-439748929 .bg.bg-loaded {\n  background-image: url(https:\/\/test.cacciamani.com\/wp-content\/uploads\/2023\/03\/BATCHING-PLANTS1-1232x800.jpg);\n}\n#banner-439748929 .overlay {\n  background-color: rgba(0, 0, 0, 0.2);\n}\n#banner-439748929 .bg {\n  background-position: 49% 39%;\n}\n#banner-439748929 .ux-shape-divider--top svg {\n  height: 150px;\n  --divider-top-width: 100%;\n}\n#banner-439748929 .ux-shape-divider--bottom svg {\n  height: 150px;\n  --divider-width: 100%;\n}\n@media (min-width:550px) {\n  #banner-439748929 {\n    padding-top: 140px;\n  }\n}\n@media (min-width:850px) {\n  #banner-439748929 {\n    padding-top: 230px;\n  }\n}\n<\/style>\n  <\/div>\n\n\n<div class=\"row\"  id=\"row-1615802053\">\n\n\n\t<div id=\"col-187558058\" class=\"col small-12 large-12\"  >\n\t\t\t\t<div class=\"col-inner\"  >\n\t\t\t\n\t\t\t\n\n<p class=\"lead\">Din 1948, Cacciamani construie\u0219te matri\u021be \u0219i utilaje pentru produse din ciment cu solu\u021bii personalizate care func\u021bioneaz\u0103 at\u00e2t pentru pia\u021ba italian\u0103, c\u00e2t \u0219i pentru cea str\u0103in\u0103.<\/p>\n<h3>Calitatea este prioritatea noastr\u0103<\/h3>\n<p>Construim matri\u021be \u0219i ma\u0219ini de peste 50 de ani, cu un nivel ridicat de inovare tehnologic\u0103. Putem produce \u0219i oferi solu\u021bii personalizate pentru a r\u0103spunde nevoilor dumneavoastr\u0103.<br>\nTehnicienii no\u0219tri v\u0103 vor ajuta s\u0103 v\u0103 configura\u021bi ma\u0219ina \u0219i v\u0103 vor instrui cu privire la modul de utilizare a acesteia, \u00eendeplinind toate cerin\u021bele dumneavoastr\u0103.<\/p>\n<h3>Alegeri pentru a se potrivi nevoilor dumneavoastr\u0103<\/h3>\n<p>Oferim o gam\u0103 larg\u0103 de modele, de la gamele noastre standardizate p\u00e2n\u0103 la ma\u0219inile noastre personalizate \u0219i putem furniza, de asemenea, instala\u021bii complete la cheie.  <\/p>\n<p>Contacta\u021bi-ne ast\u0103zi pentru a afla mai multe despre solu\u021biile noastre personalizate!<\/p>\n\n<div class=\"row\"  id=\"row-1182957172\">\n\n\n\t<div id=\"col-1772039931\" class=\"col medium-6 small-12 large-6\"  >\n\t\t\t\t<div class=\"col-inner\"  >\n\t\t\t\n\t\t\t\n\n<h3><\/h3>\n<p>Cacciamani Enrico &amp; C. snc<\/p>\n<p>  Loc. Campo dell&#8217;olmo, 1, 60044 Fabriano (AN) &#8211; Italia<\/p>\n<p>  +39 0732 627683<\/p>\n<p>  +39 0732 625786<\/p>\n<p>  info@cacciamani.com<\/p>\n\t<div id=\"gap-523829960\" class=\"gap-element clearfix\" style=\"display:block; height:auto;\">\n\t\t\n<style>\n#gap-523829960 {\n  padding-top: 30px;\n}\n<\/style>\n\t<\/div>\n\t\n\n<div class=\"social-icons share-icons share-row relative\" ><span class=\"share-icons-title\">\u00cemp\u0103rt\u0103\u0219i\u021bi pe<\/span><a href=\"whatsapp:\/\/send?text=Compania - https:\/\/test.cacciamani.com\/ro\/compania\/\" data-action=\"share\/whatsapp\/share\" class=\"icon button circle is-outline tooltip whatsapp show-for-medium\" title=\"Share on WhatsApp\" aria-label=\"Share on WhatsApp\"><i class=\"icon-whatsapp\"><\/i><\/a><a href=\"https:\/\/www.facebook.com\/sharer.php?u=https:\/\/test.cacciamani.com\/ro\/compania\/\" data-label=\"Facebook\" onclick=\"window.open(this.href,this.title,'width=500,height=500,top=300px,left=300px');  return false;\" rel=\"noopener noreferrer nofollow\" target=\"_blank\" class=\"icon button circle is-outline tooltip facebook\" title=\"Share on Facebook\" aria-label=\"Share on Facebook\"><i class=\"icon-facebook\" ><\/i><\/a><a href=\"https:\/\/twitter.com\/share?url=https:\/\/test.cacciamani.com\/ro\/compania\/\" onclick=\"window.open(this.href,this.title,'width=500,height=500,top=300px,left=300px');  return false;\" rel=\"noopener noreferrer nofollow\" target=\"_blank\" class=\"icon button circle is-outline tooltip twitter\" title=\"Share on Twitter\" aria-label=\"Share on Twitter\"><i class=\"icon-twitter\" ><\/i><\/a><a href=\"mailto:enteryour@addresshere.com?subject=Compania&amp;body=Check%20this%20out:%20https:\/\/test.cacciamani.com\/ro\/compania\/\" rel=\"nofollow\" class=\"icon button circle is-outline tooltip email\" title=\"Email to a Friend\" aria-label=\"Email to a Friend\"><i class=\"icon-envelop\" ><\/i><\/a><a href=\"https:\/\/www.linkedin.com\/shareArticle?mini=true&url=https:\/\/test.cacciamani.com\/ro\/compania\/&title=Compania\" onclick=\"window.open(this.href,this.title,'width=500,height=500,top=300px,left=300px');  return false;\"  rel=\"noopener noreferrer nofollow\" target=\"_blank\" class=\"icon button circle is-outline tooltip linkedin\" title=\"Share on LinkedIn\" aria-label=\"Share on LinkedIn\"><i class=\"icon-linkedin\" ><\/i><\/a><a href=\"https:\/\/telegram.me\/share\/url?url=https:\/\/test.cacciamani.com\/ro\/compania\/\" onclick=\"window.open(this.href,this.title,'width=500,height=500,top=300px,left=300px');  return false;\" rel=\"noopener noreferrer nofollow\" target=\"_blank\" class=\"icon button circle is-outline tooltip telegram\" title=\"Share on Telegram\" aria-label=\"Share on Telegram\"><i class=\"icon-telegram\" ><\/i><\/a><\/div>\n\n\n\t\t<\/div>\n\t\t\t\t\t<\/div>\n\n\t\n\n\t<div id=\"col-787873872\" class=\"col medium-6 small-12 large-6\"  >\n\t\t\t\t<div class=\"col-inner\"  >\n\t\t\t\n\t\t\t\n\n\t<div class=\"img has-hover x md-x lg-x y md-y lg-y\" id=\"image_1792510153\">\n\t\t\t\t\t\t\t\t<div class=\"img-inner dark\" >\n\t\t\t<img loading=\"lazy\" decoding=\"async\" width=\"616\" height=\"400\" src=\"https:\/\/test.cacciamani.com\/wp-content\/uploads\/2023\/03\/BATCHING-PLANTS1-616x400.jpg\" class=\"attachment-medium size-medium\" alt=\"\" srcset=\"https:\/\/test.cacciamani.com\/wp-content\/uploads\/2023\/03\/BATCHING-PLANTS1-616x400.jpg 616w, https:\/\/test.cacciamani.com\/wp-content\/uploads\/2023\/03\/BATCHING-PLANTS1-1232x800.jpg 1232w, https:\/\/test.cacciamani.com\/wp-content\/uploads\/2023\/03\/BATCHING-PLANTS1-768x499.jpg 768w, https:\/\/test.cacciamani.com\/wp-content\/uploads\/2023\/03\/BATCHING-PLANTS1-600x390.jpg 600w, https:\/\/test.cacciamani.com\/wp-content\/uploads\/2023\/03\/BATCHING-PLANTS1.jpg 1280w\" sizes=\"auto, (max-width: 616px) 100vw, 616px\" \/>\t\t\t\t\t\t\n\t\t\t\t\t<\/div>\n\t\t\t\t\t\t\t\t\n<style>\n#image_1792510153 {\n  width: 100%;\n}\n<\/style>\n\t<\/div>\n\t\n\n\n\t\t<\/div>\n\t\t\t\t\t<\/div>\n\n\t\n\n<\/div>\n\n\t\t<\/div>\n\t\t\t\t\t<\/div>\n\n\t\n\n<\/div>\n\n","protected":false},"excerpt":{"rendered":"","protected":false},"author":1,"featured_media":1147,"parent":0,"menu_order":0,"comment_status":"closed","ping_status":"closed","template":"page-blank.php","meta":{"footnotes":""},"class_list":["post-2155","page","type-page","status-publish","has-post-thumbnail","hentry"],"_links":{"self":[{"href":"https:\/\/test.cacciamani.com\/ro\/wp-json\/wp\/v2\/pages\/2155","targetHints":{"allow":["GET"]}}],"collection":[{"href":"https:\/\/test.cacciamani.com\/ro\/wp-json\/wp\/v2\/pages"}],"about":[{"href":"https:\/\/test.cacciamani.com\/ro\/wp-json\/wp\/v2\/types\/page"}],"author":[{"embeddable":true,"href":"https:\/\/test.cacciamani.com\/ro\/wp-json\/wp\/v2\/users\/1"}],"replies":[{"embeddable":true,"href":"https:\/\/test.cacciamani.com\/ro\/wp-json\/wp\/v2\/comments?post=2155"}],"version-history":[{"count":1,"href":"https:\/\/test.cacciamani.com\/ro\/wp-json\/wp\/v2\/pages\/2155\/revisions"}],"predecessor-version":[{"id":2157,"href":"https:\/\/test.cacciamani.com\/ro\/wp-json\/wp\/v2\/pages\/2155\/revisions\/2157"}],"wp:featuredmedia":[{"embeddable":true,"href":"https:\/\/test.cacciamani.com\/ro\/wp-json\/wp\/v2\/media\/1147"}],"wp:attachment":[{"href":"https:\/\/test.cacciamani.com\/ro\/wp-json\/wp\/v2\/media?parent=2155"}],"curies":[{"name":"wp","href":"https:\/\/api.w.org\/{rel}","templated":true}]}}