{"id":2442,"date":"2023-03-26T19:03:01","date_gmt":"2023-03-26T17:03:01","guid":{"rendered":"https:\/\/test.cacciamani.com\/alicates\/"},"modified":"2023-04-04T16:26:46","modified_gmt":"2023-04-04T14:26:46","slug":"alicates","status":"publish","type":"page","link":"https:\/\/test.cacciamani.com\/es\/alicates\/","title":{"rendered":"Alicates"},"content":{"rendered":"\n\n  <div class=\"banner has-hover\" id=\"banner-1366740969\">\n          <div class=\"banner-inner fill\">\n        <div class=\"banner-bg fill\" >\n            <div class=\"bg fill bg-fill \"><\/div>\n                                    \n                    <\/div>\n\t\t\n        <div class=\"banner-layers container\">\n            <div class=\"fill banner-link\"><\/div>            \n\n   <div id=\"text-box-435615585\" class=\"text-box banner-layer x50 md-x50 lg-x50 y50 md-y50 lg-y50 res-text\">\n                                <div class=\"text-box-content text dark text-shadow-4\">\n              \n              <div class=\"text-inner text-center\">\n                  \n\n<h3 class=\"uppercase\"><strong>Alicates<\/strong><\/h3>\n\n              <\/div>\n           <\/div>\n                            \n<style>\n#text-box-435615585 {\n  width: 60%;\n}\n#text-box-435615585 .text-box-content {\n  font-size: 100%;\n}\n<\/style>\n    <\/div>\n \n\n        <\/div>\n      <\/div>\n\n            \n<style>\n#banner-1366740969 {\n  padding-top: 80px;\n}\n#banner-1366740969 .bg.bg-loaded {\n  background-image: url(https:\/\/test.cacciamani.com\/wp-content\/uploads\/2022\/12\/PINZA-PER-NEW-JERSEY-04-1280x960-1.jpg);\n}\n#banner-1366740969 .bg {\n  background-position: 49% 35%;\n}\n#banner-1366740969 .ux-shape-divider--top svg {\n  height: 150px;\n  --divider-top-width: 100%;\n}\n#banner-1366740969 .ux-shape-divider--bottom svg {\n  height: 150px;\n  --divider-width: 100%;\n}\n@media (min-width:550px) {\n  #banner-1366740969 {\n    padding-top: 140px;\n  }\n}\n@media (min-width:850px) {\n  #banner-1366740969 {\n    padding-top: 230px;\n  }\n}\n<\/style>\n  <\/div>\n\n\n\t<section class=\"section\" id=\"section_435002557\">\n\t\t<div class=\"bg section-bg fill bg-fill  bg-loaded\" >\n\n\t\t\t\n\t\t\t\n\t\t\t\n\n\t\t<\/div>\n\n\t\t\n\n\t\t<div class=\"section-content relative\">\n\t\t\t\n\n  <div id=\"page-header-1984826564\" class=\"page-header-wrapper\">\n  <div class=\"page-title light simple-title\">\n\n    \n    <div class=\"page-title-inner container align-center flex-row medium-flex-wrap row-reverse\" >\n            <div class=\"title-content flex-col flex-left text-left medium-text-center\">\n        <div class=\"title-breadcrumbs pb-half pt-half\"><nav class=\"woocommerce-breadcrumb breadcrumbs uppercase\">Home<\/nav><\/div>      <\/div>\n    <\/div>\n\n       <\/div>\n    <\/div>\n  \n\n\t<div id=\"gap-1249781882\" class=\"gap-element clearfix\" style=\"display:block; height:auto;\">\n\t\t\n<style>\n#gap-1249781882 {\n  padding-top: 30px;\n}\n<\/style>\n\t<\/div>\n\t\n\n<div class=\"row\"  id=\"row-1894573201\">\n\n\n\t<div id=\"col-26782303\" class=\"col small-12 large-12\"  >\n\t\t\t\t<div class=\"col-inner\"  >\n\t\t\t\n\t\t\t\n\n\t<div id=\"text-216829481\" class=\"text\">\n\t\t\n\n<p>Nuestras pinzas de elevaci\u00f3n de hormig\u00f3n est\u00e1n dise\u00f1adas para proporcionar un agarre seguro y estable, reduciendo el riesgo de accidentes y da\u00f1os a los materiales durante el movimiento y la colocaci\u00f3n de productos de hormig\u00f3n. Pueden utilizarse con gr\u00faas, carretillas elevadoras u otros equipos de elevaci\u00f3n.<\/p>\n\t\t\n<style>\n#text-216829481 {\n  text-align: center;\n}\n<\/style>\n\t<\/div>\n\t\n\n\t\t<\/div>\n\t\t\t\t\t<\/div>\n\n\t\n\n<\/div>\n<div class=\"row row-small\"  id=\"row-1203941128\">\n\n\n\t<div id=\"col-2086500608\" class=\"col medium-4 small-12 large-4\"  >\n\t\t\t\t<div class=\"col-inner\"  >\n\t\t\t\n\t\t\t\n\n\t<div class=\"box has-hover   has-hover box-overlay dark box-text-bottom\" >\n\n\t\t<div class=\"box-image\" >\n\t\t\t<a href=\"https:\/\/test.cacciamani.com\/pinze\/pinze-posa-in-opera\/\"  >\t\t\t<div class=\"image-overlay-add-50 image-blur image-cover\" style=\"padding-top:75%;\">\n\t\t\t\t<img loading=\"lazy\" decoding=\"async\" width=\"1170\" height=\"800\" src=\"https:\/\/test.cacciamani.com\/wp-content\/uploads\/2022\/12\/PINZA-PER-NEW-JERSEY-01-1280x960-1.jpg\" class=\"attachment- size-\" alt=\"\" srcset=\"https:\/\/test.cacciamani.com\/wp-content\/uploads\/2022\/12\/PINZA-PER-NEW-JERSEY-01-1280x960-1.jpg 1170w, https:\/\/test.cacciamani.com\/wp-content\/uploads\/2022\/12\/PINZA-PER-NEW-JERSEY-01-1280x960-1-585x400.jpg 585w, https:\/\/test.cacciamani.com\/wp-content\/uploads\/2022\/12\/PINZA-PER-NEW-JERSEY-01-1280x960-1-768x525.jpg 768w, https:\/\/test.cacciamani.com\/wp-content\/uploads\/2022\/12\/PINZA-PER-NEW-JERSEY-01-1280x960-1-600x410.jpg 600w\" sizes=\"auto, (max-width: 1170px) 100vw, 1170px\" \/>\t\t\t\t<div class=\"overlay\" style=\"background-color:1\"><\/div>\t\t\t\t\t\t\t<\/div>\n\t\t\t<\/a>\t\t<\/div>\n\n\t\t<div class=\"box-text text-center\" style=\"background-color:rgba(0, 0, 0, 0.401);\">\n\t\t\t<div class=\"box-text-inner\">\n\t\t\t\t\n\n\t<div id=\"text-2616587280\" class=\"text\">\n\t\t\n\n<h4>Alicates de colocaci\u00f3n<\/h4>\n\t\t\n<style>\n#text-2616587280 {\n  text-align: center;\n}\n<\/style>\n\t<\/div>\n\t\n\n\t\t\t<\/div>\n\t\t<\/div>\n\t<\/div>\n\t\n\n\t\t<\/div>\n\t\t\t\t\t<\/div>\n\n\t\n\n\t<div id=\"col-1549084065\" class=\"col medium-4 small-12 large-4\"  >\n\t\t\t\t<div class=\"col-inner\"  >\n\t\t\t\n\t\t\t\n\n\t<div class=\"box has-hover   has-hover box-overlay dark box-text-bottom\" >\n\n\t\t<div class=\"box-image\" >\n\t\t\t<a href=\"https:\/\/test.cacciamani.com\/pinze\/pinze-meccaniche\/\"  >\t\t\t<div class=\"image-overlay-add-50 image-blur image-cover\" style=\"padding-top:75%;\">\n\t\t\t\t<img loading=\"lazy\" decoding=\"async\" width=\"960\" height=\"1410\" src=\"https:\/\/test.cacciamani.com\/wp-content\/uploads\/2023\/03\/PINZA-2.jpg\" class=\"attachment- size-\" alt=\"\" srcset=\"https:\/\/test.cacciamani.com\/wp-content\/uploads\/2023\/03\/PINZA-2.jpg 960w, https:\/\/test.cacciamani.com\/wp-content\/uploads\/2023\/03\/PINZA-2-272x400.jpg 272w, https:\/\/test.cacciamani.com\/wp-content\/uploads\/2023\/03\/PINZA-2-545x800.jpg 545w, https:\/\/test.cacciamani.com\/wp-content\/uploads\/2023\/03\/PINZA-2-768x1128.jpg 768w, https:\/\/test.cacciamani.com\/wp-content\/uploads\/2023\/03\/PINZA-2-600x881.jpg 600w\" sizes=\"auto, (max-width: 960px) 100vw, 960px\" \/>\t\t\t\t<div class=\"overlay\" style=\"background-color:1\"><\/div>\t\t\t\t\t\t\t<\/div>\n\t\t\t<\/a>\t\t<\/div>\n\n\t\t<div class=\"box-text text-center\" style=\"background-color:rgba(0, 0, 0, 0.401);\">\n\t\t\t<div class=\"box-text-inner\">\n\t\t\t\t\n\n\t<div id=\"text-1402490783\" class=\"text\">\n\t\t\n\n<h4>Alicates mec\u00e1nicos<\/h4>\n\t\t\n<style>\n#text-1402490783 {\n  text-align: center;\n}\n<\/style>\n\t<\/div>\n\t\n\n\t\t\t<\/div>\n\t\t<\/div>\n\t<\/div>\n\t\n\n\t\t<\/div>\n\t\t\t\t\t<\/div>\n\n\t\n\n\t<div id=\"col-2129446989\" class=\"col medium-4 small-12 large-4\"  >\n\t\t\t\t<div class=\"col-inner\"  >\n\t\t\t\n\t\t\t\n\n\t<div class=\"box has-hover   has-hover box-overlay dark box-text-bottom\" >\n\n\t\t<div class=\"box-image\" >\n\t\t\t<a href=\"https:\/\/test.cacciamani.com\/pinze\/pinze-idrauliche\/\"  >\t\t\t<div class=\"image-overlay-add-50 image-blur image-cover\" style=\"padding-top:75%;\">\n\t\t\t\t<img loading=\"lazy\" decoding=\"async\" width=\"960\" height=\"874\" src=\"https:\/\/test.cacciamani.com\/wp-content\/uploads\/2023\/03\/PINZA-PER-CHIUSINI-4pinza-199-1.jpg\" class=\"attachment- size-\" alt=\"\" srcset=\"https:\/\/test.cacciamani.com\/wp-content\/uploads\/2023\/03\/PINZA-PER-CHIUSINI-4pinza-199-1.jpg 960w, https:\/\/test.cacciamani.com\/wp-content\/uploads\/2023\/03\/PINZA-PER-CHIUSINI-4pinza-199-1-439x400.jpg 439w, https:\/\/test.cacciamani.com\/wp-content\/uploads\/2023\/03\/PINZA-PER-CHIUSINI-4pinza-199-1-879x800.jpg 879w, https:\/\/test.cacciamani.com\/wp-content\/uploads\/2023\/03\/PINZA-PER-CHIUSINI-4pinza-199-1-768x699.jpg 768w, https:\/\/test.cacciamani.com\/wp-content\/uploads\/2023\/03\/PINZA-PER-CHIUSINI-4pinza-199-1-600x546.jpg 600w\" sizes=\"auto, (max-width: 960px) 100vw, 960px\" \/>\t\t\t\t<div class=\"overlay\" style=\"background-color:1\"><\/div>\t\t\t\t\t\t\t<\/div>\n\t\t\t<\/a>\t\t<\/div>\n\n\t\t<div class=\"box-text text-center\" style=\"background-color:rgba(0, 0, 0, 0.401);\">\n\t\t\t<div class=\"box-text-inner\">\n\t\t\t\t\n\n\t<div id=\"text-3475700664\" class=\"text\">\n\t\t\n\n<h4>Pinzas hidr\u00e1ulicas<\/h4>\n\t\t\n<style>\n#text-3475700664 {\n  text-align: center;\n}\n<\/style>\n\t<\/div>\n\t\n\n\t\t\t<\/div>\n\t\t<\/div>\n\t<\/div>\n\t\n\n\t\t<\/div>\n\t\t\t\t\t<\/div>\n\n\t\n\n<\/div>\n\n\t\t<\/div>\n\n\t\t\n<style>\n#section_435002557 {\n  padding-top: 30px;\n  padding-bottom: 30px;\n  background-color: #fafafa;\n}\n#section_435002557 .ux-shape-divider--top svg {\n  height: 150px;\n  --divider-top-width: 100%;\n}\n#section_435002557 .ux-shape-divider--bottom svg {\n  height: 150px;\n  --divider-width: 100%;\n}\n<\/style>\n\t<\/section>\n\t\n\n","protected":false},"excerpt":{"rendered":"","protected":false},"author":1,"featured_media":0,"parent":0,"menu_order":0,"comment_status":"closed","ping_status":"closed","template":"page-blank.php","meta":{"footnotes":""},"class_list":["post-2442","page","type-page","status-publish","hentry"],"_links":{"self":[{"href":"https:\/\/test.cacciamani.com\/es\/wp-json\/wp\/v2\/pages\/2442","targetHints":{"allow":["GET"]}}],"collection":[{"href":"https:\/\/test.cacciamani.com\/es\/wp-json\/wp\/v2\/pages"}],"about":[{"href":"https:\/\/test.cacciamani.com\/es\/wp-json\/wp\/v2\/types\/page"}],"author":[{"embeddable":true,"href":"https:\/\/test.cacciamani.com\/es\/wp-json\/wp\/v2\/users\/1"}],"replies":[{"embeddable":true,"href":"https:\/\/test.cacciamani.com\/es\/wp-json\/wp\/v2\/comments?post=2442"}],"version-history":[{"count":1,"href":"https:\/\/test.cacciamani.com\/es\/wp-json\/wp\/v2\/pages\/2442\/revisions"}],"predecessor-version":[{"id":2448,"href":"https:\/\/test.cacciamani.com\/es\/wp-json\/wp\/v2\/pages\/2442\/revisions\/2448"}],"wp:attachment":[{"href":"https:\/\/test.cacciamani.com\/es\/wp-json\/wp\/v2\/media?parent=2442"}],"curies":[{"name":"wp","href":"https:\/\/api.w.org\/{rel}","templated":true}]}}