{"id":2336,"date":"2023-03-09T18:40:56","date_gmt":"2023-03-09T17:40:56","guid":{"rendered":"https:\/\/test.cacciamani.com\/bloqueadora-autopropulsada-ce-110\/"},"modified":"2023-04-04T16:26:32","modified_gmt":"2023-04-04T14:26:32","slug":"bloqueadora-autopropulsada-ce-110","status":"publish","type":"page","link":"https:\/\/test.cacciamani.com\/es\/productos\/bloqueadores-autopropulsados\/bloqueadora-autopropulsada-ce-110\/","title":{"rendered":"Bloqueadora autopropulsada CE 110"},"content":{"rendered":"\n\n  <div class=\"banner has-hover\" id=\"banner-2053818437\">\n          <div class=\"banner-inner fill\">\n        <div class=\"banner-bg fill\" >\n            <div class=\"bg fill bg-fill \"><\/div>\n                                    \n                    <\/div>\n\t\t\n        <div class=\"banner-layers container\">\n            <div class=\"fill banner-link\"><\/div>            \n\n   <div id=\"text-box-537298964\" class=\"text-box banner-layer x50 md-x50 lg-x50 y50 md-y50 lg-y50 res-text\">\n                                <div class=\"text-box-content text dark\">\n              \n              <div class=\"text-inner text-center\">\n                  \n\n<h3 class=\"uppercase\"><strong>BLOQUEADOR AUTOPROPULSADO CE 110<\/strong><\/h3>\n\n              <\/div>\n           <\/div>\n                            \n<style>\n#text-box-537298964 {\n  width: 50%;\n}\n#text-box-537298964 .text-box-content {\n  font-size: 80%;\n}\n@media (min-width:850px) {\n  #text-box-537298964 .text-box-content {\n    font-size: 100%;\n  }\n}\n<\/style>\n    <\/div>\n \n\n        <\/div>\n      <\/div>\n\n            \n<style>\n#banner-2053818437 {\n  padding-top: 80px;\n}\n#banner-2053818437 .bg.bg-loaded {\n  background-image: url(https:\/\/test.cacciamani.com\/wp-content\/uploads\/2023\/03\/DSCF3636-Medium-832x800.jpg);\n}\n#banner-2053818437 .bg {\n  background-position: 47% 42%;\n}\n#banner-2053818437 .ux-shape-divider--top svg {\n  height: 150px;\n  --divider-top-width: 100%;\n}\n#banner-2053818437 .ux-shape-divider--bottom svg {\n  height: 150px;\n  --divider-width: 100%;\n}\n@media (min-width:550px) {\n  #banner-2053818437 {\n    padding-top: 140px;\n  }\n}\n@media (min-width:850px) {\n  #banner-2053818437 {\n    padding-top: 230px;\n  }\n}\n<\/style>\n  <\/div>\n\n\n\t<section class=\"section\" id=\"section_335144459\">\n\t\t<div class=\"bg section-bg fill bg-fill  bg-loaded\" >\n\n\t\t\t\n\t\t\t\n\t\t\t\n\n\t\t<\/div>\n\n\t\t\n\n\t\t<div class=\"section-content relative\">\n\t\t\t\n\n  <div id=\"page-header-128906807\" class=\"page-header-wrapper\">\n  <div class=\"page-title light simple-title\">\n\n    \n    <div class=\"page-title-inner container align-center flex-row medium-flex-wrap row-reverse\" >\n            <div class=\"title-content flex-col flex-left text-left medium-text-center\">\n        <div class=\"title-breadcrumbs pb-half pt-half\"><nav class=\"woocommerce-breadcrumb breadcrumbs uppercase\">Home<\/nav><\/div>      <\/div>\n    <\/div>\n\n       <\/div>\n    <\/div>\n  \n\n\t<div id=\"gap-371796672\" class=\"gap-element clearfix\" style=\"display:block; height:auto;\">\n\t\t\n<style>\n#gap-371796672 {\n  padding-top: 40px;\n}\n<\/style>\n\t<\/div>\n\t\n\n<div class=\"row\"  id=\"row-1898187124\">\n\n\n\t<div id=\"col-1696929261\" class=\"col medium-10 small-12 large-10\"  >\n\t\t\t\t<div class=\"col-inner\"  >\n\t\t\t\n\t\t\t\n\n<div class=\"row\"  id=\"row-1596390827\">\n\n\n\t<div id=\"col-1703168223\" class=\"col small-12 large-12\"  >\n\t\t\t\t<div class=\"col-inner\"  >\n\t\t\t\n\t\t\t\n\n\t<div id=\"text-646879375\" class=\"text\">\n\t\t\n\n<p>BLOQUE CE 110\/S Autopropulsado (SEMIAUTOM\u00c1TICO O AUTOM\u00c1TICO)<\/p>\n<p>La Blocchiera fabrica pavimentos autoblocantes, adoquines, bordillos, voladizos, volterranes y otros art\u00edculos con alturas de 6 a 30 cm.<\/p>\n<p>Longitudes factibles 30\/40\/50\/60.<\/p>\n<p>La m\u00e1quina est\u00e1 equipada con 2 vibradores laterales con sus motores autofrenantes y 1 vibrador de peine adicional.<\/p>\n<p>Adem\u00e1s, para garantizar un avance perfecto, el bloque est\u00e1 equipado con una transmisi\u00f3n doble, con un eje para respetar el paralelismo. El motor de avance es autofrenante para permitir una parada perfecta.<\/p>\n<p>La m\u00e1quina tambi\u00e9n est\u00e1 equipada con dispositivos de cremallera que permiten que el peine y el molde desciendan perfectamente para obtener siempre la misma altura de pieza.<\/p>\n<p>El avance de la m\u00e1quina y el encendido de los vibradores son autom\u00e1ticos y totalmente ajustables. La m\u00e1quina est\u00e1 equipada con protecciones de seguridad y contactos el\u00e9ctricos.<\/p>\n<p>Adem\u00e1s, hay una barra amortiguadora en la parte delantera, que bloquea instant\u00e1neamente el avance cuando encuentra un obst\u00e1culo.<\/p>\n<p>Una luz intermitente indica cuando la m\u00e1quina est\u00e1 en funcionamiento.<\/p>\n<p>PRODUCCI\u00d3N DIARIA 9.000 BLOQUES 20x40x20 en las 8 horas de trabajo.<\/p>\n<p>PRODUCCI\u00d3N DIARIA SOLADO AUTOBLOQUEANTE H 6\/8\/10 700 m2 en 8 horas de trabajo.<\/p>\n<p>La caja de cerradura debe disponer de la alimentaci\u00f3n el\u00e9ctrica adecuada.<\/p>\n\t\t\n<style>\n#text-646879375 {\n  text-align: center;\n}\n<\/style>\n\t<\/div>\n\t\n\n\t\t<\/div>\n\t\t\t\t\t<\/div>\n\n\t\n\n<\/div>\n\n  \n    <div class=\"row large-columns-3 medium-columns-3 small-columns-2 row-xsmall\">\n  <div class=\"gallery-col col\" >\n          <div class=\"col-inner\">\n            <a class=\"image-lightbox lightbox-gallery\" href=\"https:\/\/test.cacciamani.com\/wp-content\/uploads\/2023\/03\/DSCF3635-Medium-751x800.jpg\" title=\"\">            <div class=\"box has-hover gallery-box box-normal\">\n              <div class=\"box-image image-zoom image-cover\" style=\"padding-top:75%;\">\n                <img loading=\"lazy\" decoding=\"async\" width=\"376\" height=\"400\" src=\"https:\/\/test.cacciamani.com\/wp-content\/uploads\/2023\/03\/DSCF3635-Medium-376x400.jpg\" class=\"attachment-medium size-medium\" alt=\"\" ids=\"734,735,736,737\" style=\"normal\" col_spacing=\"xsmall\" columns=\"3\" columns__sm=\"2\" columns__md=\"3\" image_height=\"75%\" image_hover=\"zoom\" srcset=\"https:\/\/test.cacciamani.com\/wp-content\/uploads\/2023\/03\/DSCF3635-Medium-376x400.jpg 376w, https:\/\/test.cacciamani.com\/wp-content\/uploads\/2023\/03\/DSCF3635-Medium-751x800.jpg 751w, https:\/\/test.cacciamani.com\/wp-content\/uploads\/2023\/03\/DSCF3635-Medium-768x818.jpg 768w, https:\/\/test.cacciamani.com\/wp-content\/uploads\/2023\/03\/DSCF3635-Medium-600x639.jpg 600w, https:\/\/test.cacciamani.com\/wp-content\/uploads\/2023\/03\/DSCF3635-Medium.jpg 960w\" sizes=\"auto, (max-width: 376px) 100vw, 376px\" \/>                                                              <\/div>\n              <div class=\"box-text text-left\" >\n                 <p><\/p>\n              <\/div>\n            <\/div>\n            <\/a>          <\/div>\n         <\/div><div class=\"gallery-col col\" >\n          <div class=\"col-inner\">\n            <a class=\"image-lightbox lightbox-gallery\" href=\"https:\/\/test.cacciamani.com\/wp-content\/uploads\/2023\/03\/DSCF3636-Medium-832x800.jpg\" title=\"\">            <div class=\"box has-hover gallery-box box-normal\">\n              <div class=\"box-image image-zoom image-cover\" style=\"padding-top:75%;\">\n                <img loading=\"lazy\" decoding=\"async\" width=\"416\" height=\"400\" src=\"https:\/\/test.cacciamani.com\/wp-content\/uploads\/2023\/03\/DSCF3636-Medium-416x400.jpg\" class=\"attachment-medium size-medium\" alt=\"\" ids=\"734,735,736,737\" style=\"normal\" col_spacing=\"xsmall\" columns=\"3\" columns__sm=\"2\" columns__md=\"3\" image_height=\"75%\" image_hover=\"zoom\" srcset=\"https:\/\/test.cacciamani.com\/wp-content\/uploads\/2023\/03\/DSCF3636-Medium-416x400.jpg 416w, https:\/\/test.cacciamani.com\/wp-content\/uploads\/2023\/03\/DSCF3636-Medium-832x800.jpg 832w, https:\/\/test.cacciamani.com\/wp-content\/uploads\/2023\/03\/DSCF3636-Medium-768x738.jpg 768w, https:\/\/test.cacciamani.com\/wp-content\/uploads\/2023\/03\/DSCF3636-Medium-600x577.jpg 600w, https:\/\/test.cacciamani.com\/wp-content\/uploads\/2023\/03\/DSCF3636-Medium.jpg 960w\" sizes=\"auto, (max-width: 416px) 100vw, 416px\" \/>                                                              <\/div>\n              <div class=\"box-text text-left\" >\n                 <p><\/p>\n              <\/div>\n            <\/div>\n            <\/a>          <\/div>\n         <\/div><div class=\"gallery-col col\" >\n          <div class=\"col-inner\">\n            <a class=\"image-lightbox lightbox-gallery\" href=\"https:\/\/test.cacciamani.com\/wp-content\/uploads\/2023\/03\/DSCF3639-Medium-898x800.jpg\" title=\"\">            <div class=\"box has-hover gallery-box box-normal\">\n              <div class=\"box-image image-zoom image-cover\" style=\"padding-top:75%;\">\n                <img loading=\"lazy\" decoding=\"async\" width=\"449\" height=\"400\" src=\"https:\/\/test.cacciamani.com\/wp-content\/uploads\/2023\/03\/DSCF3639-Medium-449x400.jpg\" class=\"attachment-medium size-medium\" alt=\"\" ids=\"734,735,736,737\" style=\"normal\" col_spacing=\"xsmall\" columns=\"3\" columns__sm=\"2\" columns__md=\"3\" image_height=\"75%\" image_hover=\"zoom\" srcset=\"https:\/\/test.cacciamani.com\/wp-content\/uploads\/2023\/03\/DSCF3639-Medium-449x400.jpg 449w, https:\/\/test.cacciamani.com\/wp-content\/uploads\/2023\/03\/DSCF3639-Medium-898x800.jpg 898w, https:\/\/test.cacciamani.com\/wp-content\/uploads\/2023\/03\/DSCF3639-Medium-768x684.jpg 768w, https:\/\/test.cacciamani.com\/wp-content\/uploads\/2023\/03\/DSCF3639-Medium-600x534.jpg 600w, https:\/\/test.cacciamani.com\/wp-content\/uploads\/2023\/03\/DSCF3639-Medium.jpg 960w\" sizes=\"auto, (max-width: 449px) 100vw, 449px\" \/>                                                              <\/div>\n              <div class=\"box-text text-left\" >\n                 <p><\/p>\n              <\/div>\n            <\/div>\n            <\/a>          <\/div>\n         <\/div><div class=\"gallery-col col\" >\n          <div class=\"col-inner\">\n            <a class=\"image-lightbox lightbox-gallery\" href=\"https:\/\/test.cacciamani.com\/wp-content\/uploads\/2023\/03\/DSCF3641-Medium.jpg\" title=\"\">            <div class=\"box has-hover gallery-box box-normal\">\n              <div class=\"box-image image-zoom image-cover\" style=\"padding-top:75%;\">\n                <img loading=\"lazy\" decoding=\"async\" width=\"487\" height=\"400\" src=\"https:\/\/test.cacciamani.com\/wp-content\/uploads\/2023\/03\/DSCF3641-Medium-487x400.jpg\" class=\"attachment-medium size-medium\" alt=\"\" ids=\"734,735,736,737\" style=\"normal\" col_spacing=\"xsmall\" columns=\"3\" columns__sm=\"2\" columns__md=\"3\" image_height=\"75%\" image_hover=\"zoom\" srcset=\"https:\/\/test.cacciamani.com\/wp-content\/uploads\/2023\/03\/DSCF3641-Medium-487x400.jpg 487w, https:\/\/test.cacciamani.com\/wp-content\/uploads\/2023\/03\/DSCF3641-Medium-768x630.jpg 768w, https:\/\/test.cacciamani.com\/wp-content\/uploads\/2023\/03\/DSCF3641-Medium-600x493.jpg 600w, https:\/\/test.cacciamani.com\/wp-content\/uploads\/2023\/03\/DSCF3641-Medium.jpg 960w\" sizes=\"auto, (max-width: 487px) 100vw, 487px\" \/>                                                              <\/div>\n              <div class=\"box-text text-left\" >\n                 <p><\/p>\n              <\/div>\n            <\/div>\n            <\/a>          <\/div>\n         <\/div><\/div>\n\n\n\t\t<\/div>\n\t\t\t\t\t<\/div>\n\n\t\n\n\t<div id=\"col-1454945365\" class=\"col medium-2 small-12 large-2\"  >\n\t\t\t\t<div class=\"col-inner\"  >\n\t\t\t\n\t\t\t\n\n<ul class=\"sidebar-wrapper ul-reset\"><aside id=\"nav_menu-2\" class=\"widget widget_nav_menu\"><div class=\"menu-laterale_it-container\"><ul id=\"menu-laterale_it\" class=\"menu\"><li id=\"menu-item-917\" class=\"menu-item menu-item-type-post_type menu-item-object-page menu-item-has-children menu-item-917\"><a href=\"https:\/\/test.cacciamani.com\/prodotti\/\">Productos<\/a>\n<ul class=\"sub-menu\">\n\t<li id=\"menu-item-918\" class=\"menu-item menu-item-type-post_type menu-item-object-page menu-item-918\"><a href=\"https:\/\/test.cacciamani.com\/prodotti\/attrezzature\/\">Equipamiento<\/a><\/li>\n\t<li id=\"menu-item-919\" class=\"menu-item menu-item-type-post_type menu-item-object-page menu-item-919\"><a href=\"https:\/\/test.cacciamani.com\/prodotti\/impianti-di-betonaggio\/\">Plantas de hormig\u00f3n<\/a><\/li>\n\t<li id=\"menu-item-920\" class=\"menu-item menu-item-type-post_type menu-item-object-page menu-item-920\"><a href=\"https:\/\/test.cacciamani.com\/prodotti\/blocchiere-semoventi\/\">Bloqueadores autopropulsados<\/a><\/li>\n<\/ul>\n<\/li>\n<li id=\"menu-item-921\" class=\"menu-item menu-item-type-post_type menu-item-object-page menu-item-921\"><a href=\"https:\/\/test.cacciamani.com\/tavoli-vibranti\/\">Mesas vibratorias<\/a><\/li>\n<li id=\"menu-item-1038\" class=\"menu-item menu-item-type-post_type menu-item-object-page menu-item-1038\"><a href=\"https:\/\/test.cacciamani.com\/pinze\/\">Alicates<\/a><\/li>\n<li id=\"menu-item-923\" class=\"menu-item menu-item-type-post_type menu-item-object-page menu-item-923\"><a href=\"https:\/\/test.cacciamani.com\/ricambi\/\">Piezas de recambio<\/a><\/li>\n<li id=\"menu-item-922\" class=\"menu-item menu-item-type-post_type menu-item-object-page menu-item-922\"><a href=\"https:\/\/test.cacciamani.com\/usato\/\">Usado<\/a><\/li>\n<\/ul><\/div><\/aside><\/ul>\n\n\n\t\t<\/div>\n\t\t\t\t\t<\/div>\n\n\t\n\n<\/div>\n\t<div id=\"gap-1202161734\" class=\"gap-element clearfix\" style=\"display:block; height:auto;\">\n\t\t\n<style>\n#gap-1202161734 {\n  padding-top: 50px;\n}\n<\/style>\n\t<\/div>\n\t\n\n<div class=\"row\"  id=\"row-136358824\">\n\n\n\t<div id=\"col-13509853\" class=\"col medium-6 small-12 large-6\"  >\n\t\t\t\t<div class=\"col-inner\"  >\n\t\t\t\n\t\t\t\n\n<div class=\"container section-title-container\" ><h3 class=\"section-title section-title-center\"><b><\/b><span class=\"section-title-main\" ><i class=\"icon-phone\" ><\/i>Solicitar un presupuesto<\/span><b><\/b><\/h3><\/div>\n\n\n\t\t<\/div>\n\t\t\t\t\t<\/div>\n\n\t\n\n\t<div id=\"col-1993114879\" class=\"col medium-4 small-12 large-4\"  >\n\t\t\t\t<div class=\"col-inner\"  >\n\t\t\t\n\t\t\t\n\n<div class=\"social-icons follow-icons full-width text-center\" style=\"font-size:110%\"><a href=\"mailto:info@cacciamani.com\" data-label=\"E-mail\" rel=\"nofollow\" class=\"icon primary button circle  email tooltip\" title=\"Env\u00edanos un email\" aria-label=\"Env\u00edanos un email\"><i class=\"icon-envelop\" ><\/i><\/a><a href=\"tel:+390732627683\" target=\"_blank\" data-label=\"Phone\" rel=\"noopener noreferrer nofollow\" class=\"icon primary button circle  phone tooltip\" title=\"Call us\" aria-label=\"Call us\"><i class=\"icon-phone\" ><\/i><\/a><\/div>\n\n\n\t\t<\/div>\n\t\t\t\t\t<\/div>\n\n\t\n\n\t<div id=\"col-557805163\" class=\"col medium-2 small-12 large-2\"  >\n\t\t\t\t<div class=\"col-inner\"  >\n\t\t\t\n\t\t\t\n\n\t<div id=\"gap-1238049905\" class=\"gap-element clearfix\" style=\"display:block; height:auto;\">\n\t\t\n<style>\n#gap-1238049905 {\n  padding-top: 30px;\n}\n<\/style>\n\t<\/div>\n\t\n\n\n\t\t<\/div>\n\t\t\t\t\t<\/div>\n\n\t\n\n<\/div>\n\n\t\t<\/div>\n\n\t\t\n<style>\n#section_335144459 {\n  padding-top: 20px;\n  padding-bottom: 20px;\n  background-color: #fafafa;\n}\n#section_335144459 .ux-shape-divider--top svg {\n  height: 150px;\n  --divider-top-width: 100%;\n}\n#section_335144459 .ux-shape-divider--bottom svg {\n  height: 150px;\n  --divider-width: 100%;\n}\n<\/style>\n\t<\/section>\n\t\n\n","protected":false},"excerpt":{"rendered":"","protected":false},"author":1,"featured_media":1844,"parent":2409,"menu_order":0,"comment_status":"closed","ping_status":"closed","template":"page-blank.php","meta":{"footnotes":""},"class_list":["post-2336","page","type-page","status-publish","has-post-thumbnail","hentry"],"_links":{"self":[{"href":"https:\/\/test.cacciamani.com\/es\/wp-json\/wp\/v2\/pages\/2336","targetHints":{"allow":["GET"]}}],"collection":[{"href":"https:\/\/test.cacciamani.com\/es\/wp-json\/wp\/v2\/pages"}],"about":[{"href":"https:\/\/test.cacciamani.com\/es\/wp-json\/wp\/v2\/types\/page"}],"author":[{"embeddable":true,"href":"https:\/\/test.cacciamani.com\/es\/wp-json\/wp\/v2\/users\/1"}],"replies":[{"embeddable":true,"href":"https:\/\/test.cacciamani.com\/es\/wp-json\/wp\/v2\/comments?post=2336"}],"version-history":[{"count":1,"href":"https:\/\/test.cacciamani.com\/es\/wp-json\/wp\/v2\/pages\/2336\/revisions"}],"predecessor-version":[{"id":2339,"href":"https:\/\/test.cacciamani.com\/es\/wp-json\/wp\/v2\/pages\/2336\/revisions\/2339"}],"up":[{"embeddable":true,"href":"https:\/\/test.cacciamani.com\/es\/wp-json\/wp\/v2\/pages\/2409"}],"wp:featuredmedia":[{"embeddable":true,"href":"https:\/\/test.cacciamani.com\/es\/wp-json\/wp\/v2\/media\/1844"}],"wp:attachment":[{"href":"https:\/\/test.cacciamani.com\/es\/wp-json\/wp\/v2\/media?parent=2336"}],"curies":[{"name":"wp","href":"https:\/\/api.w.org\/{rel}","templated":true}]}}