{"id":2309,"date":"2023-03-09T15:42:25","date_gmt":"2023-03-09T14:42:25","guid":{"rendered":"https:\/\/test.cacciamani.com\/productos\/equipamiento\/barredora-para-la-limpieza-del-jardin\/"},"modified":"2023-04-04T16:26:25","modified_gmt":"2023-04-04T14:26:25","slug":"barredora-para-la-limpieza-del-jardin","status":"publish","type":"page","link":"https:\/\/test.cacciamani.com\/es\/productos\/equipamiento\/barredora-para-la-limpieza-del-jardin\/","title":{"rendered":"Barredora para la limpieza del jard\u00edn"},"content":{"rendered":"\n\n  <div class=\"banner has-hover\" id=\"banner-1990759212\">\n          <div class=\"banner-inner fill\">\n        <div class=\"banner-bg fill\" >\n            <div class=\"bg fill bg-fill \"><\/div>\n                                    \n                    <\/div>\n\t\t\n        <div class=\"banner-layers container\">\n            <div class=\"fill banner-link\"><\/div>            \n\n   <div id=\"text-box-10612872\" class=\"text-box banner-layer x50 md-x50 lg-x50 y50 md-y50 lg-y50 res-text\">\n                                <div class=\"text-box-content text dark\">\n              \n              <div class=\"text-inner text-center\">\n                  \n\n<h3 class=\"uppercase\"><strong>Barredora para la limpieza del jard\u00edn<\/strong><\/h3>\n\n              <\/div>\n           <\/div>\n                            \n<style>\n#text-box-10612872 {\n  width: 50%;\n}\n#text-box-10612872 .text-box-content {\n  font-size: 80%;\n}\n@media (min-width:850px) {\n  #text-box-10612872 .text-box-content {\n    font-size: 100%;\n  }\n}\n<\/style>\n    <\/div>\n \n\n        <\/div>\n      <\/div>\n\n            \n<style>\n#banner-1990759212 {\n  padding-top: 80px;\n}\n#banner-1990759212 .bg.bg-loaded {\n  background-image: url(https:\/\/test.cacciamani.com\/wp-content\/uploads\/2023\/03\/spazzatrice-idraulica-con-attacco-forche-e-piastra-13.jpg);\n}\n#banner-1990759212 .bg {\n  background-position: 48% 44%;\n}\n#banner-1990759212 .ux-shape-divider--top svg {\n  height: 150px;\n  --divider-top-width: 100%;\n}\n#banner-1990759212 .ux-shape-divider--bottom svg {\n  height: 150px;\n  --divider-width: 100%;\n}\n@media (min-width:550px) {\n  #banner-1990759212 {\n    padding-top: 140px;\n  }\n}\n@media (min-width:850px) {\n  #banner-1990759212 {\n    padding-top: 230px;\n  }\n}\n<\/style>\n  <\/div>\n\n\n\t<section class=\"section\" id=\"section_542607420\">\n\t\t<div class=\"bg section-bg fill bg-fill  bg-loaded\" >\n\n\t\t\t\n\t\t\t\n\t\t\t\n\n\t\t<\/div>\n\n\t\t\n\n\t\t<div class=\"section-content relative\">\n\t\t\t\n\n  <div id=\"page-header-2046986639\" class=\"page-header-wrapper\">\n  <div class=\"page-title light simple-title\">\n\n    \n    <div class=\"page-title-inner container align-center flex-row medium-flex-wrap row-reverse\" >\n            <div class=\"title-content flex-col flex-left text-left medium-text-center\">\n        <div class=\"title-breadcrumbs pb-half pt-half\"><nav class=\"woocommerce-breadcrumb breadcrumbs uppercase\">Home<\/nav><\/div>      <\/div>\n    <\/div>\n\n       <\/div>\n    <\/div>\n  \n\n\t<div id=\"gap-250023400\" class=\"gap-element clearfix\" style=\"display:block; height:auto;\">\n\t\t\n<style>\n#gap-250023400 {\n  padding-top: 40px;\n}\n<\/style>\n\t<\/div>\n\t\n\n<div class=\"row\"  id=\"row-1903671103\">\n\n\n\t<div id=\"col-438181974\" class=\"col medium-10 small-12 large-10\"  >\n\t\t\t\t<div class=\"col-inner\"  >\n\t\t\t\n\t\t\t\n\n<div class=\"row\"  id=\"row-913442471\">\n\n\n\t<div id=\"col-1519192566\" class=\"col small-12 large-12\"  >\n\t\t\t\t<div class=\"col-inner\"  >\n\t\t\t\n\t\t\t\n\n\t<div id=\"text-1958520547\" class=\"text\">\n\t\t\n\n<p>Las barredoras hidr\u00e1ulicas Cacciamani nacieron de la idea de fabricar un accesorio sencillo pero robusto y funcional. Todas las barredoras se fabrican a partir del desarrollo de un cubo robusto y karterizado con un kit de cepillos de polipropileno en su interior, adecuado para limpiar y recoger incluso material de tama\u00f1o medio. Todos nuestros Las barredoras se accionan mediante un motor hidr\u00e1ulico controlado por los mismos mandos que la carretilla elevadora y son muy \u00fatiles para limpiar las v\u00edas de bloques en obras y almacenes en general. La robusta cuchilla desmontable y las 4 ruedas de acero situadas bajo la cuchara evitan el desgaste del fondo de la cuchara.<\/p>\n<p>Todos nuestros Las barredoras se pueden acoplar a todas las carretillas elevadoras, carretillas telesc\u00f3picas y bobcats, ya sea directamente a la placa de la carretilla elevadora o se pueden bifurcar, lo que las hace a\u00fan m\u00e1s vers\u00e1tiles.<\/p>\n<p>Si lo desea, nuestros Las m\u00e1quinas pueden equiparse con kits de riego por ca\u00edda y a presi\u00f3n para reducir el polvo durante el uso .<\/p>\n\t\t\n<style>\n#text-1958520547 {\n  text-align: center;\n}\n<\/style>\n\t<\/div>\n\t\n\n\t\t<\/div>\n\t\t\t\t\t<\/div>\n\n\t\n\n<\/div>\n\n  \n    <div class=\"row large-columns-3 medium-columns-3 small-columns-2 row-xsmall\">\n  <div class=\"gallery-col col\" >\n          <div class=\"col-inner\">\n            <a class=\"image-lightbox lightbox-gallery\" href=\"https:\/\/test.cacciamani.com\/wp-content\/uploads\/2023\/03\/spazzatrice-idraulica-con-attacco-forche-e-piastra-11-741x800.jpg\" title=\"\">            <div class=\"box has-hover gallery-box box-normal\">\n              <div class=\"box-image image-zoom image-cover\" style=\"padding-top:75%;\">\n                <img loading=\"lazy\" decoding=\"async\" width=\"371\" height=\"400\" src=\"https:\/\/test.cacciamani.com\/wp-content\/uploads\/2023\/03\/spazzatrice-idraulica-con-attacco-forche-e-piastra-11-371x400.jpg\" class=\"attachment-medium size-medium\" alt=\"\" ids=\"644,645,646,647,648,649,650\" style=\"normal\" col_spacing=\"xsmall\" columns=\"3\" columns__sm=\"2\" columns__md=\"3\" image_height=\"75%\" image_hover=\"zoom\" srcset=\"https:\/\/test.cacciamani.com\/wp-content\/uploads\/2023\/03\/spazzatrice-idraulica-con-attacco-forche-e-piastra-11-371x400.jpg 371w, https:\/\/test.cacciamani.com\/wp-content\/uploads\/2023\/03\/spazzatrice-idraulica-con-attacco-forche-e-piastra-11-741x800.jpg 741w, https:\/\/test.cacciamani.com\/wp-content\/uploads\/2023\/03\/spazzatrice-idraulica-con-attacco-forche-e-piastra-11-768x829.jpg 768w, https:\/\/test.cacciamani.com\/wp-content\/uploads\/2023\/03\/spazzatrice-idraulica-con-attacco-forche-e-piastra-11-600x648.jpg 600w, https:\/\/test.cacciamani.com\/wp-content\/uploads\/2023\/03\/spazzatrice-idraulica-con-attacco-forche-e-piastra-11.jpg 960w\" sizes=\"auto, (max-width: 371px) 100vw, 371px\" \/>                                                              <\/div>\n              <div class=\"box-text text-left\" >\n                 <p><\/p>\n              <\/div>\n            <\/div>\n            <\/a>          <\/div>\n         <\/div><div class=\"gallery-col col\" >\n          <div class=\"col-inner\">\n            <a class=\"image-lightbox lightbox-gallery\" href=\"https:\/\/test.cacciamani.com\/wp-content\/uploads\/2023\/03\/spazzatrice-idraulica-con-attacco-forche-e-piastra-12.jpg\" title=\"\">            <div class=\"box has-hover gallery-box box-normal\">\n              <div class=\"box-image image-zoom image-cover\" style=\"padding-top:75%;\">\n                <img loading=\"lazy\" decoding=\"async\" width=\"615\" height=\"400\" src=\"https:\/\/test.cacciamani.com\/wp-content\/uploads\/2023\/03\/spazzatrice-idraulica-con-attacco-forche-e-piastra-12-615x400.jpg\" class=\"attachment-medium size-medium\" alt=\"\" ids=\"644,645,646,647,648,649,650\" style=\"normal\" col_spacing=\"xsmall\" columns=\"3\" columns__sm=\"2\" columns__md=\"3\" image_height=\"75%\" image_hover=\"zoom\" srcset=\"https:\/\/test.cacciamani.com\/wp-content\/uploads\/2023\/03\/spazzatrice-idraulica-con-attacco-forche-e-piastra-12-615x400.jpg 615w, https:\/\/test.cacciamani.com\/wp-content\/uploads\/2023\/03\/spazzatrice-idraulica-con-attacco-forche-e-piastra-12-768x499.jpg 768w, https:\/\/test.cacciamani.com\/wp-content\/uploads\/2023\/03\/spazzatrice-idraulica-con-attacco-forche-e-piastra-12-600x390.jpg 600w, https:\/\/test.cacciamani.com\/wp-content\/uploads\/2023\/03\/spazzatrice-idraulica-con-attacco-forche-e-piastra-12.jpg 960w\" sizes=\"auto, (max-width: 615px) 100vw, 615px\" \/>                                                              <\/div>\n              <div class=\"box-text text-left\" >\n                 <p><\/p>\n              <\/div>\n            <\/div>\n            <\/a>          <\/div>\n         <\/div><div class=\"gallery-col col\" >\n          <div class=\"col-inner\">\n            <a class=\"image-lightbox lightbox-gallery\" href=\"https:\/\/test.cacciamani.com\/wp-content\/uploads\/2023\/03\/spazzatrice-idraulica-con-attacco-forche-e-piastra-13.jpg\" title=\"\">            <div class=\"box has-hover gallery-box box-normal\">\n              <div class=\"box-image image-zoom image-cover\" style=\"padding-top:75%;\">\n                <img loading=\"lazy\" decoding=\"async\" width=\"754\" height=\"400\" src=\"https:\/\/test.cacciamani.com\/wp-content\/uploads\/2023\/03\/spazzatrice-idraulica-con-attacco-forche-e-piastra-13-754x400.jpg\" class=\"attachment-medium size-medium\" alt=\"\" ids=\"644,645,646,647,648,649,650\" style=\"normal\" col_spacing=\"xsmall\" columns=\"3\" columns__sm=\"2\" columns__md=\"3\" image_height=\"75%\" image_hover=\"zoom\" srcset=\"https:\/\/test.cacciamani.com\/wp-content\/uploads\/2023\/03\/spazzatrice-idraulica-con-attacco-forche-e-piastra-13-754x400.jpg 754w, https:\/\/test.cacciamani.com\/wp-content\/uploads\/2023\/03\/spazzatrice-idraulica-con-attacco-forche-e-piastra-13-768x407.jpg 768w, https:\/\/test.cacciamani.com\/wp-content\/uploads\/2023\/03\/spazzatrice-idraulica-con-attacco-forche-e-piastra-13-600x318.jpg 600w, https:\/\/test.cacciamani.com\/wp-content\/uploads\/2023\/03\/spazzatrice-idraulica-con-attacco-forche-e-piastra-13.jpg 960w\" sizes=\"auto, (max-width: 754px) 100vw, 754px\" \/>                                                              <\/div>\n              <div class=\"box-text text-left\" >\n                 <p><\/p>\n              <\/div>\n            <\/div>\n            <\/a>          <\/div>\n         <\/div><div class=\"gallery-col col\" >\n          <div class=\"col-inner\">\n            <a class=\"image-lightbox lightbox-gallery\" href=\"https:\/\/test.cacciamani.com\/wp-content\/uploads\/2023\/03\/spazzatrice-idraulica-con-attacco-forche-e-piastra-14-617x800.jpg\" title=\"\">            <div class=\"box has-hover gallery-box box-normal\">\n              <div class=\"box-image image-zoom image-cover\" style=\"padding-top:75%;\">\n                <img loading=\"lazy\" decoding=\"async\" width=\"308\" height=\"400\" src=\"https:\/\/test.cacciamani.com\/wp-content\/uploads\/2023\/03\/spazzatrice-idraulica-con-attacco-forche-e-piastra-14-308x400.jpg\" class=\"attachment-medium size-medium\" alt=\"\" ids=\"644,645,646,647,648,649,650\" style=\"normal\" col_spacing=\"xsmall\" columns=\"3\" columns__sm=\"2\" columns__md=\"3\" image_height=\"75%\" image_hover=\"zoom\" srcset=\"https:\/\/test.cacciamani.com\/wp-content\/uploads\/2023\/03\/spazzatrice-idraulica-con-attacco-forche-e-piastra-14-308x400.jpg 308w, https:\/\/test.cacciamani.com\/wp-content\/uploads\/2023\/03\/spazzatrice-idraulica-con-attacco-forche-e-piastra-14-617x800.jpg 617w, https:\/\/test.cacciamani.com\/wp-content\/uploads\/2023\/03\/spazzatrice-idraulica-con-attacco-forche-e-piastra-14-600x778.jpg 600w, https:\/\/test.cacciamani.com\/wp-content\/uploads\/2023\/03\/spazzatrice-idraulica-con-attacco-forche-e-piastra-14.jpg 626w\" sizes=\"auto, (max-width: 308px) 100vw, 308px\" \/>                                                              <\/div>\n              <div class=\"box-text text-left\" >\n                 <p><\/p>\n              <\/div>\n            <\/div>\n            <\/a>          <\/div>\n         <\/div><div class=\"gallery-col col\" >\n          <div class=\"col-inner\">\n            <a class=\"image-lightbox lightbox-gallery\" href=\"https:\/\/test.cacciamani.com\/wp-content\/uploads\/2023\/03\/spazzatrice-idraulica-con-attacco-forche-e-piastra-15.jpg\" title=\"\">            <div class=\"box has-hover gallery-box box-normal\">\n              <div class=\"box-image image-zoom image-cover\" style=\"padding-top:75%;\">\n                <img loading=\"lazy\" decoding=\"async\" width=\"336\" height=\"400\" src=\"https:\/\/test.cacciamani.com\/wp-content\/uploads\/2023\/03\/spazzatrice-idraulica-con-attacco-forche-e-piastra-15-336x400.jpg\" class=\"attachment-medium size-medium\" alt=\"\" ids=\"644,645,646,647,648,649,650\" style=\"normal\" col_spacing=\"xsmall\" columns=\"3\" columns__sm=\"2\" columns__md=\"3\" image_height=\"75%\" image_hover=\"zoom\" srcset=\"https:\/\/test.cacciamani.com\/wp-content\/uploads\/2023\/03\/spazzatrice-idraulica-con-attacco-forche-e-piastra-15-336x400.jpg 336w, https:\/\/test.cacciamani.com\/wp-content\/uploads\/2023\/03\/spazzatrice-idraulica-con-attacco-forche-e-piastra-15.jpg 550w\" sizes=\"auto, (max-width: 336px) 100vw, 336px\" \/>                                                              <\/div>\n              <div class=\"box-text text-left\" >\n                 <p><\/p>\n              <\/div>\n            <\/div>\n            <\/a>          <\/div>\n         <\/div><div class=\"gallery-col col\" >\n          <div class=\"col-inner\">\n            <a class=\"image-lightbox lightbox-gallery\" href=\"https:\/\/test.cacciamani.com\/wp-content\/uploads\/2023\/03\/spazzatrice-idraulica-con-attacco-forche-e-piastra-16.jpg\" title=\"\">            <div class=\"box has-hover gallery-box box-normal\">\n              <div class=\"box-image image-zoom image-cover\" style=\"padding-top:75%;\">\n                <img loading=\"lazy\" decoding=\"async\" width=\"533\" height=\"400\" src=\"https:\/\/test.cacciamani.com\/wp-content\/uploads\/2023\/03\/spazzatrice-idraulica-con-attacco-forche-e-piastra-16-533x400.jpg\" class=\"attachment-medium size-medium\" alt=\"\" ids=\"644,645,646,647,648,649,650\" style=\"normal\" col_spacing=\"xsmall\" columns=\"3\" columns__sm=\"2\" columns__md=\"3\" image_height=\"75%\" image_hover=\"zoom\" srcset=\"https:\/\/test.cacciamani.com\/wp-content\/uploads\/2023\/03\/spazzatrice-idraulica-con-attacco-forche-e-piastra-16-533x400.jpg 533w, https:\/\/test.cacciamani.com\/wp-content\/uploads\/2023\/03\/spazzatrice-idraulica-con-attacco-forche-e-piastra-16-768x576.jpg 768w, https:\/\/test.cacciamani.com\/wp-content\/uploads\/2023\/03\/spazzatrice-idraulica-con-attacco-forche-e-piastra-16-600x450.jpg 600w, https:\/\/test.cacciamani.com\/wp-content\/uploads\/2023\/03\/spazzatrice-idraulica-con-attacco-forche-e-piastra-16.jpg 960w\" sizes=\"auto, (max-width: 533px) 100vw, 533px\" \/>                                                              <\/div>\n              <div class=\"box-text text-left\" >\n                 <p><\/p>\n              <\/div>\n            <\/div>\n            <\/a>          <\/div>\n         <\/div><div class=\"gallery-col col\" >\n          <div class=\"col-inner\">\n            <a class=\"image-lightbox lightbox-gallery\" href=\"https:\/\/test.cacciamani.com\/wp-content\/uploads\/2023\/03\/spazzatrice-idraulica-con-attacco-forche-e-piastra-17.jpg\" title=\"\">            <div class=\"box has-hover gallery-box box-normal\">\n              <div class=\"box-image image-zoom image-cover\" style=\"padding-top:75%;\">\n                <img loading=\"lazy\" decoding=\"async\" width=\"533\" height=\"400\" src=\"https:\/\/test.cacciamani.com\/wp-content\/uploads\/2023\/03\/spazzatrice-idraulica-con-attacco-forche-e-piastra-17-533x400.jpg\" class=\"attachment-medium size-medium\" alt=\"\" ids=\"644,645,646,647,648,649,650\" style=\"normal\" col_spacing=\"xsmall\" columns=\"3\" columns__sm=\"2\" columns__md=\"3\" image_height=\"75%\" image_hover=\"zoom\" srcset=\"https:\/\/test.cacciamani.com\/wp-content\/uploads\/2023\/03\/spazzatrice-idraulica-con-attacco-forche-e-piastra-17-533x400.jpg 533w, https:\/\/test.cacciamani.com\/wp-content\/uploads\/2023\/03\/spazzatrice-idraulica-con-attacco-forche-e-piastra-17-768x576.jpg 768w, https:\/\/test.cacciamani.com\/wp-content\/uploads\/2023\/03\/spazzatrice-idraulica-con-attacco-forche-e-piastra-17-600x450.jpg 600w, https:\/\/test.cacciamani.com\/wp-content\/uploads\/2023\/03\/spazzatrice-idraulica-con-attacco-forche-e-piastra-17.jpg 960w\" sizes=\"auto, (max-width: 533px) 100vw, 533px\" \/>                                                              <\/div>\n              <div class=\"box-text text-left\" >\n                 <p><\/p>\n              <\/div>\n            <\/div>\n            <\/a>          <\/div>\n         <\/div><\/div>\n\n\n\t\t<\/div>\n\t\t\t\t\t<\/div>\n\n\t\n\n\t<div id=\"col-967254236\" class=\"col medium-2 small-12 large-2\"  >\n\t\t\t\t<div class=\"col-inner\"  >\n\t\t\t\n\t\t\t\n\n<ul class=\"sidebar-wrapper ul-reset\"><aside id=\"nav_menu-2\" class=\"widget widget_nav_menu\"><div class=\"menu-laterale_it-container\"><ul id=\"menu-laterale_it\" class=\"menu\"><li id=\"menu-item-917\" class=\"menu-item menu-item-type-post_type menu-item-object-page menu-item-has-children menu-item-917\"><a href=\"https:\/\/test.cacciamani.com\/prodotti\/\">Productos<\/a>\n<ul class=\"sub-menu\">\n\t<li id=\"menu-item-918\" class=\"menu-item menu-item-type-post_type menu-item-object-page menu-item-918\"><a href=\"https:\/\/test.cacciamani.com\/prodotti\/attrezzature\/\">Equipamiento<\/a><\/li>\n\t<li id=\"menu-item-919\" class=\"menu-item menu-item-type-post_type menu-item-object-page menu-item-919\"><a href=\"https:\/\/test.cacciamani.com\/prodotti\/impianti-di-betonaggio\/\">Plantas de hormig\u00f3n<\/a><\/li>\n\t<li id=\"menu-item-920\" class=\"menu-item menu-item-type-post_type menu-item-object-page menu-item-920\"><a href=\"https:\/\/test.cacciamani.com\/prodotti\/blocchiere-semoventi\/\">Bloqueadores autopropulsados<\/a><\/li>\n<\/ul>\n<\/li>\n<li id=\"menu-item-921\" class=\"menu-item menu-item-type-post_type menu-item-object-page menu-item-921\"><a href=\"https:\/\/test.cacciamani.com\/tavoli-vibranti\/\">Mesas vibratorias<\/a><\/li>\n<li id=\"menu-item-1038\" class=\"menu-item menu-item-type-post_type menu-item-object-page menu-item-1038\"><a href=\"https:\/\/test.cacciamani.com\/pinze\/\">Alicates<\/a><\/li>\n<li id=\"menu-item-923\" class=\"menu-item menu-item-type-post_type menu-item-object-page menu-item-923\"><a href=\"https:\/\/test.cacciamani.com\/ricambi\/\">Piezas de recambio<\/a><\/li>\n<li id=\"menu-item-922\" class=\"menu-item menu-item-type-post_type menu-item-object-page menu-item-922\"><a href=\"https:\/\/test.cacciamani.com\/usato\/\">Usado<\/a><\/li>\n<\/ul><\/div><\/aside><\/ul>\n\n\n\t\t<\/div>\n\t\t\t\t\t<\/div>\n\n\t\n\n<\/div>\n\t<div id=\"gap-149656221\" class=\"gap-element clearfix\" style=\"display:block; height:auto;\">\n\t\t\n<style>\n#gap-149656221 {\n  padding-top: 50px;\n}\n<\/style>\n\t<\/div>\n\t\n\n<div class=\"row\"  id=\"row-914998426\">\n\n\n\t<div id=\"col-1900282838\" class=\"col medium-6 small-12 large-6\"  >\n\t\t\t\t<div class=\"col-inner\"  >\n\t\t\t\n\t\t\t\n\n<div class=\"container section-title-container\" ><h3 class=\"section-title section-title-center\"><b><\/b><span class=\"section-title-main\" ><i class=\"icon-phone\" ><\/i>Solicitar un presupuesto<\/span><b><\/b><\/h3><\/div>\n\n\n\t\t<\/div>\n\t\t\t\t\t<\/div>\n\n\t\n\n\t<div id=\"col-2107255410\" class=\"col medium-4 small-12 large-4\"  >\n\t\t\t\t<div class=\"col-inner\"  >\n\t\t\t\n\t\t\t\n\n<div class=\"social-icons follow-icons full-width text-center\" style=\"font-size:110%\"><a href=\"mailto:info@cacciamani.com\" data-label=\"E-mail\" rel=\"nofollow\" class=\"icon primary button circle  email tooltip\" title=\"Env\u00edanos un email\" aria-label=\"Env\u00edanos un email\"><i class=\"icon-envelop\" ><\/i><\/a><a href=\"tel:+390732627683\" target=\"_blank\" data-label=\"Phone\" rel=\"noopener noreferrer nofollow\" class=\"icon primary button circle  phone tooltip\" title=\"Call us\" aria-label=\"Call us\"><i class=\"icon-phone\" ><\/i><\/a><\/div>\n\n\n\t\t<\/div>\n\t\t\t\t\t<\/div>\n\n\t\n\n\t<div id=\"col-1285114380\" class=\"col medium-2 small-12 large-2\"  >\n\t\t\t\t<div class=\"col-inner\"  >\n\t\t\t\n\t\t\t\n\n\t<div id=\"gap-162946307\" class=\"gap-element clearfix\" style=\"display:block; height:auto;\">\n\t\t\n<style>\n#gap-162946307 {\n  padding-top: 30px;\n}\n<\/style>\n\t<\/div>\n\t\n\n\n\t\t<\/div>\n\t\t\t\t\t<\/div>\n\n\t\n\n<\/div>\n\n\t\t<\/div>\n\n\t\t\n<style>\n#section_542607420 {\n  padding-top: 20px;\n  padding-bottom: 20px;\n  background-color: #fafafa;\n}\n#section_542607420 .ux-shape-divider--top svg {\n  height: 150px;\n  --divider-top-width: 100%;\n}\n#section_542607420 .ux-shape-divider--bottom svg {\n  height: 150px;\n  --divider-width: 100%;\n}\n<\/style>\n\t<\/section>\n\t\n\n","protected":false},"excerpt":{"rendered":"","protected":false},"author":1,"featured_media":1676,"parent":2270,"menu_order":0,"comment_status":"closed","ping_status":"closed","template":"page-blank.php","meta":{"footnotes":""},"class_list":["post-2309","page","type-page","status-publish","has-post-thumbnail","hentry"],"_links":{"self":[{"href":"https:\/\/test.cacciamani.com\/es\/wp-json\/wp\/v2\/pages\/2309","targetHints":{"allow":["GET"]}}],"collection":[{"href":"https:\/\/test.cacciamani.com\/es\/wp-json\/wp\/v2\/pages"}],"about":[{"href":"https:\/\/test.cacciamani.com\/es\/wp-json\/wp\/v2\/types\/page"}],"author":[{"embeddable":true,"href":"https:\/\/test.cacciamani.com\/es\/wp-json\/wp\/v2\/users\/1"}],"replies":[{"embeddable":true,"href":"https:\/\/test.cacciamani.com\/es\/wp-json\/wp\/v2\/comments?post=2309"}],"version-history":[{"count":1,"href":"https:\/\/test.cacciamani.com\/es\/wp-json\/wp\/v2\/pages\/2309\/revisions"}],"predecessor-version":[{"id":2311,"href":"https:\/\/test.cacciamani.com\/es\/wp-json\/wp\/v2\/pages\/2309\/revisions\/2311"}],"up":[{"embeddable":true,"href":"https:\/\/test.cacciamani.com\/es\/wp-json\/wp\/v2\/pages\/2270"}],"wp:featuredmedia":[{"embeddable":true,"href":"https:\/\/test.cacciamani.com\/es\/wp-json\/wp\/v2\/media\/1676"}],"wp:attachment":[{"href":"https:\/\/test.cacciamani.com\/es\/wp-json\/wp\/v2\/media?parent=2309"}],"curies":[{"name":"wp","href":"https:\/\/api.w.org\/{rel}","templated":true}]}}