{"id":2306,"date":"2023-03-09T17:38:40","date_gmt":"2023-03-09T16:38:40","guid":{"rendered":"https:\/\/test.cacciamani.com\/productos\/plantas-de-hormigon\/"},"modified":"2023-04-04T16:26:25","modified_gmt":"2023-04-04T14:26:25","slug":"plantas-de-hormigon","status":"publish","type":"page","link":"https:\/\/test.cacciamani.com\/es\/productos\/plantas-de-hormigon\/","title":{"rendered":"Plantas de hormig\u00f3n"},"content":{"rendered":"\n\n  <div class=\"banner has-hover\" id=\"banner-1324903269\">\n          <div class=\"banner-inner fill\">\n        <div class=\"banner-bg fill\" >\n            <div class=\"bg fill bg-fill \"><\/div>\n                                    \n                    <\/div>\n\t\t\n        <div class=\"banner-layers container\">\n            <div class=\"fill banner-link\"><\/div>            \n\n   <div id=\"text-box-2124115196\" class=\"text-box banner-layer x50 md-x50 lg-x50 y50 md-y50 lg-y50 res-text\">\n                                <div class=\"text-box-content text dark text-shadow-4\">\n              \n              <div class=\"text-inner text-center\">\n                  \n\n\t<div id=\"text-139549158\" class=\"text\">\n\t\t\n\n<h3 class=\"uppercase\"><strong>Plantas de hormig\u00f3n<\/strong><\/h3>\n\t\t\n<style>\n#text-139549158 {\n  text-align: center;\n}\n<\/style>\n\t<\/div>\n\t\n\n              <\/div>\n           <\/div>\n                            \n<style>\n#text-box-2124115196 {\n  width: 60%;\n}\n#text-box-2124115196 .text-box-content {\n  font-size: 100%;\n}\n<\/style>\n    <\/div>\n \n\n        <\/div>\n      <\/div>\n\n            \n<style>\n#banner-1324903269 {\n  padding-top: 80px;\n}\n#banner-1324903269 .bg.bg-loaded {\n  background-image: url(https:\/\/test.cacciamani.com\/wp-content\/uploads\/2023\/03\/DSCF4648.jpg);\n}\n#banner-1324903269 .bg {\n  background-position: 44% 57%;\n}\n#banner-1324903269 .ux-shape-divider--top svg {\n  height: 150px;\n  --divider-top-width: 100%;\n}\n#banner-1324903269 .ux-shape-divider--bottom svg {\n  height: 150px;\n  --divider-width: 100%;\n}\n@media (min-width:550px) {\n  #banner-1324903269 {\n    padding-top: 140px;\n  }\n}\n@media (min-width:850px) {\n  #banner-1324903269 {\n    padding-top: 230px;\n  }\n}\n<\/style>\n  <\/div>\n\n\n\t<section class=\"section\" id=\"section_1769669776\">\n\t\t<div class=\"bg section-bg fill bg-fill  bg-loaded\" >\n\n\t\t\t\n\t\t\t\n\t\t\t\n\n\t\t<\/div>\n\n\t\t\n\n\t\t<div class=\"section-content relative\">\n\t\t\t\n\n  <div id=\"page-header-2069829253\" class=\"page-header-wrapper\">\n  <div class=\"page-title light simple-title\">\n\n    \n    <div class=\"page-title-inner container align-center flex-row medium-flex-wrap row-reverse\" >\n            <div class=\"title-content flex-col flex-left text-left medium-text-center\">\n        <div class=\"title-breadcrumbs pb-half pt-half\"><nav class=\"woocommerce-breadcrumb breadcrumbs uppercase\">Home<\/nav><\/div>      <\/div>\n    <\/div>\n\n       <\/div>\n    <\/div>\n  \n\n\t<div id=\"gap-1507184950\" class=\"gap-element clearfix\" style=\"display:block; height:auto;\">\n\t\t\n<style>\n#gap-1507184950 {\n  padding-top: 30px;\n}\n<\/style>\n\t<\/div>\n\t\n\n<div class=\"row\"  id=\"row-879954392\">\n\n\n\t<div id=\"col-2110193914\" class=\"col small-12 large-12\"  >\n\t\t\t\t<div class=\"col-inner\"  >\n\t\t\t\n\t\t\t\n\n\t<div id=\"text-2969408311\" class=\"text\">\n\t\t\n\n<p>Para responder de forma global al problema del almacenamiento y la dosificaci\u00f3n de \u00e1ridos, podemos dise\u00f1ar plantas de dosificaci\u00f3n de distintos tipos: por peso, peso\/volumen, volumen y viga rascadora. Para satisfacer las necesidades del cliente, las plantas pueden fabricarse en forma monobloque o modular y tienen la opci\u00f3n de alimentarse con una tolva primaria. En los \u00faltimos a\u00f1os tambi\u00e9n hemos construido minicentrales m\u00f3viles de hormig\u00f3n. Las plantas arriba descritas se construyen utilizando los mejores materiales y conceptos constructivos que garantizan la m\u00e1xima fiabilidad de la estructura destinada a recibir elevados esfuerzos; las plantas arriba descritas pueden equiparse con: cuadros electr\u00f3nicos autom\u00e1ticos y semiautom\u00e1ticos, unidades de percusi\u00f3n para resolver el problema del descenso de los materiales cuando sea necesario, un sistema para controlar y gestionar el problema de la humedad de los \u00e1ridos, un PC y una impresora con software para controlar el consumo y las recetas necesarias.<\/p>\n\t\t\n<style>\n#text-2969408311 {\n  text-align: center;\n}\n<\/style>\n\t<\/div>\n\t\n<div class=\"row row-small\"  id=\"row-232071471\">\n\n\n\t<div id=\"col-374407583\" class=\"col medium-4 small-12 large-4\"  >\n\t\t\t\t<div class=\"col-inner\"  >\n\t\t\t\n\t\t\t\n\n\t<div class=\"box has-hover   has-hover box-overlay dark box-text-bottom\" >\n\n\t\t<div class=\"box-image\" >\n\t\t\t<a href=\"https:\/\/test.cacciamani.com\/prodotti\/impianti-di-betonaggio\/centrali\/\"  >\t\t\t<div class=\"image-overlay-add-50 image-blur image-cover\" style=\"padding-top:75%;\">\n\t\t\t\t<img loading=\"lazy\" decoding=\"async\" width=\"960\" height=\"575\" src=\"https:\/\/test.cacciamani.com\/wp-content\/uploads\/2023\/03\/DSC02495.jpg\" class=\"attachment- size-\" alt=\"\" srcset=\"https:\/\/test.cacciamani.com\/wp-content\/uploads\/2023\/03\/DSC02495.jpg 960w, https:\/\/test.cacciamani.com\/wp-content\/uploads\/2023\/03\/DSC02495-668x400.jpg 668w, https:\/\/test.cacciamani.com\/wp-content\/uploads\/2023\/03\/DSC02495-768x460.jpg 768w, https:\/\/test.cacciamani.com\/wp-content\/uploads\/2023\/03\/DSC02495-600x359.jpg 600w\" sizes=\"auto, (max-width: 960px) 100vw, 960px\" \/>\t\t\t\t<div class=\"overlay\" style=\"background-color:1\"><\/div>\t\t\t\t\t\t\t<\/div>\n\t\t\t<\/a>\t\t<\/div>\n\n\t\t<div class=\"box-text text-center\" style=\"background-color:rgba(0, 0, 0, 0.401);\">\n\t\t\t<div class=\"box-text-inner\">\n\t\t\t\t\n\n\t<div id=\"text-606271322\" class=\"text\">\n\t\t\n\n<h4>Centrales el\u00e9ctricas<\/h4>\n\t\t\n<style>\n#text-606271322 {\n  text-align: center;\n}\n<\/style>\n\t<\/div>\n\t\n\n\t\t\t<\/div>\n\t\t<\/div>\n\t<\/div>\n\t\n\n\t\t<\/div>\n\t\t\t\t\t<\/div>\n\n\t\n\n\t<div id=\"col-203072587\" class=\"col medium-4 small-12 large-4\"  >\n\t\t\t\t<div class=\"col-inner\"  >\n\t\t\t\n\t\t\t\n\n\t<div class=\"box has-hover   has-hover box-overlay dark box-text-bottom\" >\n\n\t\t<div class=\"box-image\" >\n\t\t\t\t\t\t<div class=\"image-overlay-add-50 image-blur image-cover\" style=\"padding-top:75%;\">\n\t\t\t\t<img loading=\"lazy\" decoding=\"async\" width=\"1000\" height=\"667\" src=\"https:\/\/test.cacciamani.com\/wp-content\/uploads\/2022\/12\/ricambi.jpg\" class=\"attachment- size-\" alt=\"\" srcset=\"https:\/\/test.cacciamani.com\/wp-content\/uploads\/2022\/12\/ricambi.jpg 1000w, https:\/\/test.cacciamani.com\/wp-content\/uploads\/2022\/12\/ricambi-600x400.jpg 600w, https:\/\/test.cacciamani.com\/wp-content\/uploads\/2022\/12\/ricambi-768x512.jpg 768w\" sizes=\"auto, (max-width: 1000px) 100vw, 1000px\" \/>\t\t\t\t<div class=\"overlay\" style=\"background-color:1\"><\/div>\t\t\t\t\t\t\t<\/div>\n\t\t\t\t\t<\/div>\n\n\t\t<div class=\"box-text text-center\" style=\"background-color:rgba(0, 0, 0, 0.401);\">\n\t\t\t<div class=\"box-text-inner\">\n\t\t\t\t\n\n\t<div id=\"text-1447787735\" class=\"text\">\n\t\t\n\n<h4>Vagonetti<\/h4>\n\t\t\n<style>\n#text-1447787735 {\n  text-align: center;\n}\n<\/style>\n\t<\/div>\n\t\n\n\t\t\t<\/div>\n\t\t<\/div>\n\t<\/div>\n\t\n\n\t\t<\/div>\n\t\t\t\t\t<\/div>\n\n\t\n\n\t<div id=\"col-1919890616\" class=\"col medium-4 small-12 large-4\"  >\n\t\t\t\t<div class=\"col-inner\"  >\n\t\t\t\n\t\t\t\n\n\t<div class=\"box has-hover   has-hover box-overlay dark box-text-bottom\" >\n\n\t\t<div class=\"box-image\" >\n\t\t\t\t\t\t<div class=\"image-overlay-add-50 image-blur image-cover\" style=\"padding-top:75%;\">\n\t\t\t\t<img loading=\"lazy\" decoding=\"async\" width=\"1000\" height=\"667\" src=\"https:\/\/test.cacciamani.com\/wp-content\/uploads\/2022\/12\/home_prova03.jpg\" class=\"attachment- size-\" alt=\"\" srcset=\"https:\/\/test.cacciamani.com\/wp-content\/uploads\/2022\/12\/home_prova03.jpg 1000w, https:\/\/test.cacciamani.com\/wp-content\/uploads\/2022\/12\/home_prova03-600x400.jpg 600w, https:\/\/test.cacciamani.com\/wp-content\/uploads\/2022\/12\/home_prova03-768x512.jpg 768w\" sizes=\"auto, (max-width: 1000px) 100vw, 1000px\" \/>\t\t\t\t<div class=\"overlay\" style=\"background-color:1\"><\/div>\t\t\t\t\t\t\t<\/div>\n\t\t\t\t\t<\/div>\n\n\t\t<div class=\"box-text text-center\" style=\"background-color:rgba(0, 0, 0, 0.401);\">\n\t\t\t<div class=\"box-text-inner\">\n\t\t\t\t\n\n\t<div id=\"text-331665604\" class=\"text\">\n\t\t\n\n<h4>Mezcladoras<\/h4>\n\t\t\n<style>\n#text-331665604 {\n  text-align: center;\n}\n<\/style>\n\t<\/div>\n\t\n\n\t\t\t<\/div>\n\t\t<\/div>\n\t<\/div>\n\t\n\n\t\t<\/div>\n\t\t\t\t\t<\/div>\n\n\t\n\n<\/div>\n\n\t\t<\/div>\n\t\t\t\t\t<\/div>\n\n\t\n\n<\/div>\n\n\t\t<\/div>\n\n\t\t\n<style>\n#section_1769669776 {\n  padding-top: 30px;\n  padding-bottom: 30px;\n  background-color: #fafafa;\n}\n#section_1769669776 .ux-shape-divider--top svg {\n  height: 150px;\n  --divider-top-width: 100%;\n}\n#section_1769669776 .ux-shape-divider--bottom svg {\n  height: 150px;\n  --divider-width: 100%;\n}\n<\/style>\n\t<\/section>\n\t\n\n","protected":false},"excerpt":{"rendered":"","protected":false},"author":1,"featured_media":1817,"parent":2152,"menu_order":0,"comment_status":"closed","ping_status":"closed","template":"page-blank.php","meta":{"footnotes":""},"class_list":["post-2306","page","type-page","status-publish","has-post-thumbnail","hentry"],"_links":{"self":[{"href":"https:\/\/test.cacciamani.com\/es\/wp-json\/wp\/v2\/pages\/2306","targetHints":{"allow":["GET"]}}],"collection":[{"href":"https:\/\/test.cacciamani.com\/es\/wp-json\/wp\/v2\/pages"}],"about":[{"href":"https:\/\/test.cacciamani.com\/es\/wp-json\/wp\/v2\/types\/page"}],"author":[{"embeddable":true,"href":"https:\/\/test.cacciamani.com\/es\/wp-json\/wp\/v2\/users\/1"}],"replies":[{"embeddable":true,"href":"https:\/\/test.cacciamani.com\/es\/wp-json\/wp\/v2\/comments?post=2306"}],"version-history":[{"count":1,"href":"https:\/\/test.cacciamani.com\/es\/wp-json\/wp\/v2\/pages\/2306\/revisions"}],"predecessor-version":[{"id":2308,"href":"https:\/\/test.cacciamani.com\/es\/wp-json\/wp\/v2\/pages\/2306\/revisions\/2308"}],"up":[{"embeddable":true,"href":"https:\/\/test.cacciamani.com\/es\/wp-json\/wp\/v2\/pages\/2152"}],"wp:featuredmedia":[{"embeddable":true,"href":"https:\/\/test.cacciamani.com\/es\/wp-json\/wp\/v2\/media\/1817"}],"wp:attachment":[{"href":"https:\/\/test.cacciamani.com\/es\/wp-json\/wp\/v2\/media?parent=2306"}],"curies":[{"name":"wp","href":"https:\/\/api.w.org\/{rel}","templated":true}]}}