{"id":2284,"date":"2023-03-08T20:10:22","date_gmt":"2023-03-08T19:10:22","guid":{"rendered":"https:\/\/test.cacciamani.com\/productos\/equipamiento\/filtros-ecologicos-de-cemento\/"},"modified":"2023-04-04T16:26:19","modified_gmt":"2023-04-04T14:26:19","slug":"filtros-ecologicos-de-cemento","status":"publish","type":"page","link":"https:\/\/test.cacciamani.com\/es\/productos\/equipamiento\/filtros-ecologicos-de-cemento\/","title":{"rendered":"Filtros ecol\u00f3gicos de cemento"},"content":{"rendered":"\n\n  <div class=\"banner has-hover\" id=\"banner-1549759467\">\n          <div class=\"banner-inner fill\">\n        <div class=\"banner-bg fill\" >\n            <div class=\"bg fill bg-fill \"><\/div>\n                                    \n                    <\/div>\n\t\t\n        <div class=\"banner-layers container\">\n            <div class=\"fill banner-link\"><\/div>            \n\n   <div id=\"text-box-469526677\" class=\"text-box banner-layer x50 md-x50 lg-x50 y50 md-y50 lg-y50 res-text\">\n                                <div class=\"text-box-content text dark\">\n              \n              <div class=\"text-inner text-center\">\n                  \n\n<h3 class=\"uppercase\"><strong>Filtros ecol\u00f3gicos de cemento<\/strong><\/h3>\n\n              <\/div>\n           <\/div>\n                            \n<style>\n#text-box-469526677 {\n  width: 50%;\n}\n#text-box-469526677 .text-box-content {\n  font-size: 80%;\n}\n@media (min-width:850px) {\n  #text-box-469526677 .text-box-content {\n    font-size: 100%;\n  }\n}\n<\/style>\n    <\/div>\n \n\n        <\/div>\n      <\/div>\n\n            \n<style>\n#banner-1549759467 {\n  padding-top: 80px;\n}\n#banner-1549759467 .bg.bg-loaded {\n  background-image: url(https:\/\/test.cacciamani.com\/wp-content\/uploads\/2023\/03\/filtro-SILOTOP-Medium-547x800.jpg);\n}\n#banner-1549759467 .bg {\n  background-position: 52% 43%;\n}\n#banner-1549759467 .ux-shape-divider--top svg {\n  height: 150px;\n  --divider-top-width: 100%;\n}\n#banner-1549759467 .ux-shape-divider--bottom svg {\n  height: 150px;\n  --divider-width: 100%;\n}\n@media (min-width:550px) {\n  #banner-1549759467 {\n    padding-top: 140px;\n  }\n}\n@media (min-width:850px) {\n  #banner-1549759467 {\n    padding-top: 230px;\n  }\n}\n<\/style>\n  <\/div>\n\n\n\t<section class=\"section\" id=\"section_1343446702\">\n\t\t<div class=\"bg section-bg fill bg-fill  bg-loaded\" >\n\n\t\t\t\n\t\t\t\n\t\t\t\n\n\t\t<\/div>\n\n\t\t\n\n\t\t<div class=\"section-content relative\">\n\t\t\t\n\n  <div id=\"page-header-2093379069\" class=\"page-header-wrapper\">\n  <div class=\"page-title light simple-title\">\n\n    \n    <div class=\"page-title-inner container align-center flex-row medium-flex-wrap row-reverse\" >\n            <div class=\"title-content flex-col flex-left text-left medium-text-center\">\n        <div class=\"title-breadcrumbs pb-half pt-half\"><nav class=\"woocommerce-breadcrumb breadcrumbs uppercase\">Home<\/nav><\/div>      <\/div>\n    <\/div>\n\n       <\/div>\n    <\/div>\n  \n\n\t<div id=\"gap-19779941\" class=\"gap-element clearfix\" style=\"display:block; height:auto;\">\n\t\t\n<style>\n#gap-19779941 {\n  padding-top: 40px;\n}\n<\/style>\n\t<\/div>\n\t\n\n<div class=\"row\"  id=\"row-411358768\">\n\n\n\t<div id=\"col-2016235109\" class=\"col medium-10 small-12 large-10\"  >\n\t\t\t\t<div class=\"col-inner\"  >\n\t\t\t\n\t\t\t\n\n<div class=\"row\"  id=\"row-1457641327\">\n\n\n\t<div id=\"col-685508215\" class=\"col small-12 large-12\"  >\n\t\t\t\t<div class=\"col-inner\"  >\n\t\t\t\n\t\t\t\n\n\t<div id=\"text-3780837287\" class=\"text\">\n\t\t\n\n<p>FILTRO ECOL\u00d3GICO para la reducci\u00f3n del polvo de cemento, con 24 m2 de superficie filtrante de cartuchos de poli\u00e9ster, f\u00e1cilmente desmontables para su limpieza. El filtro funciona aprovechando la diferente presi\u00f3n existente durante la fase de carga entre el interior del silo y el entorno exterior. El filtro tiene una parte central totalmente de acero inoxidable. El aire a desempolvar, al pasar por la superficie de los cartuchos, sale completamente purificado ya que el polvo queda retenido por la superficie filtrante; la limpieza de los cartuchos se realiza mediante aire comprimido que se introduce en el sistema de filtrado. Completo con panel de control.<\/p>\n<p>FILTRO DE CEMENTO PIEZAS DE REPUESTO Y ACCESORIOS :<br>\n&#8211; Cartuchos de tejido de poli\u00e9ster de varios tama\u00f1os.<br>\n&#8211; V\u00e1lvula de seguridad antiexplosi\u00f3n<br>\n&#8211; V\u00e1lvula de mariposa<br>\n&#8211; Kit de tensi\u00f3metro<br>\n&#8211; Kit de muestreo de gases de combusti\u00f3n<\/p>\n\t\t\n<style>\n#text-3780837287 {\n  text-align: center;\n}\n<\/style>\n\t<\/div>\n\t\n\n\t\t<\/div>\n\t\t\t\t\t<\/div>\n\n\t\n\n<\/div>\n\n  \n    <div class=\"row large-columns-3 medium-columns-3 small-columns-2 row-xsmall\">\n  <div class=\"gallery-col col\" >\n          <div class=\"col-inner\">\n            <a class=\"image-lightbox lightbox-gallery\" href=\"https:\/\/test.cacciamani.com\/wp-content\/uploads\/2023\/03\/filtro-SILOTOP-Medium-547x800.jpg\" title=\"\">            <div class=\"box has-hover gallery-box box-normal\">\n              <div class=\"box-image image-zoom image-cover\" style=\"padding-top:75%;\">\n                <img loading=\"lazy\" decoding=\"async\" width=\"273\" height=\"400\" src=\"https:\/\/test.cacciamani.com\/wp-content\/uploads\/2023\/03\/filtro-SILOTOP-Medium-273x400.jpg\" class=\"attachment-medium size-medium\" alt=\"\" ids=\"635,634,633,632,631\" style=\"normal\" col_spacing=\"xsmall\" columns=\"3\" columns__sm=\"2\" columns__md=\"3\" image_height=\"75%\" image_hover=\"zoom\" srcset=\"https:\/\/test.cacciamani.com\/wp-content\/uploads\/2023\/03\/filtro-SILOTOP-Medium-273x400.jpg 273w, https:\/\/test.cacciamani.com\/wp-content\/uploads\/2023\/03\/filtro-SILOTOP-Medium-547x800.jpg 547w, https:\/\/test.cacciamani.com\/wp-content\/uploads\/2023\/03\/filtro-SILOTOP-Medium-768x1124.jpg 768w, https:\/\/test.cacciamani.com\/wp-content\/uploads\/2023\/03\/filtro-SILOTOP-Medium-600x878.jpg 600w, https:\/\/test.cacciamani.com\/wp-content\/uploads\/2023\/03\/filtro-SILOTOP-Medium.jpg 960w\" sizes=\"auto, (max-width: 273px) 100vw, 273px\" \/>                                                              <\/div>\n              <div class=\"box-text text-left\" >\n                 <p><\/p>\n              <\/div>\n            <\/div>\n            <\/a>          <\/div>\n         <\/div><div class=\"gallery-col col\" >\n          <div class=\"col-inner\">\n            <a class=\"image-lightbox lightbox-gallery\" href=\"https:\/\/test.cacciamani.com\/wp-content\/uploads\/2023\/03\/filtro-SILOTOP-1-663x800.jpg\" title=\"\">            <div class=\"box has-hover gallery-box box-normal\">\n              <div class=\"box-image image-zoom image-cover\" style=\"padding-top:75%;\">\n                <img loading=\"lazy\" decoding=\"async\" width=\"331\" height=\"400\" src=\"https:\/\/test.cacciamani.com\/wp-content\/uploads\/2023\/03\/filtro-SILOTOP-1-331x400.jpg\" class=\"attachment-medium size-medium\" alt=\"\" ids=\"635,634,633,632,631\" style=\"normal\" col_spacing=\"xsmall\" columns=\"3\" columns__sm=\"2\" columns__md=\"3\" image_height=\"75%\" image_hover=\"zoom\" srcset=\"https:\/\/test.cacciamani.com\/wp-content\/uploads\/2023\/03\/filtro-SILOTOP-1-331x400.jpg 331w, https:\/\/test.cacciamani.com\/wp-content\/uploads\/2023\/03\/filtro-SILOTOP-1-663x800.jpg 663w, https:\/\/test.cacciamani.com\/wp-content\/uploads\/2023\/03\/filtro-SILOTOP-1-768x927.jpg 768w, https:\/\/test.cacciamani.com\/wp-content\/uploads\/2023\/03\/filtro-SILOTOP-1-600x724.jpg 600w, https:\/\/test.cacciamani.com\/wp-content\/uploads\/2023\/03\/filtro-SILOTOP-1.jpg 960w\" sizes=\"auto, (max-width: 331px) 100vw, 331px\" \/>                                                              <\/div>\n              <div class=\"box-text text-left\" >\n                 <p><\/p>\n              <\/div>\n            <\/div>\n            <\/a>          <\/div>\n         <\/div><div class=\"gallery-col col\" >\n          <div class=\"col-inner\">\n            <a class=\"image-lightbox lightbox-gallery\" href=\"https:\/\/test.cacciamani.com\/wp-content\/uploads\/2023\/03\/FILTRO-A-VIBRAZIONE-491x800.jpg\" title=\"\">            <div class=\"box has-hover gallery-box box-normal\">\n              <div class=\"box-image image-zoom image-cover\" style=\"padding-top:75%;\">\n                <img loading=\"lazy\" decoding=\"async\" width=\"246\" height=\"400\" src=\"https:\/\/test.cacciamani.com\/wp-content\/uploads\/2023\/03\/FILTRO-A-VIBRAZIONE-246x400.jpg\" class=\"attachment-medium size-medium\" alt=\"\" ids=\"635,634,633,632,631\" style=\"normal\" col_spacing=\"xsmall\" columns=\"3\" columns__sm=\"2\" columns__md=\"3\" image_height=\"75%\" image_hover=\"zoom\" srcset=\"https:\/\/test.cacciamani.com\/wp-content\/uploads\/2023\/03\/FILTRO-A-VIBRAZIONE-246x400.jpg 246w, https:\/\/test.cacciamani.com\/wp-content\/uploads\/2023\/03\/FILTRO-A-VIBRAZIONE-491x800.jpg 491w, https:\/\/test.cacciamani.com\/wp-content\/uploads\/2023\/03\/FILTRO-A-VIBRAZIONE-768x1251.jpg 768w, https:\/\/test.cacciamani.com\/wp-content\/uploads\/2023\/03\/FILTRO-A-VIBRAZIONE-943x1536.jpg 943w, https:\/\/test.cacciamani.com\/wp-content\/uploads\/2023\/03\/FILTRO-A-VIBRAZIONE-600x978.jpg 600w, https:\/\/test.cacciamani.com\/wp-content\/uploads\/2023\/03\/FILTRO-A-VIBRAZIONE.jpg 960w\" sizes=\"auto, (max-width: 246px) 100vw, 246px\" \/>                                                              <\/div>\n              <div class=\"box-text text-left\" >\n                 <p><\/p>\n              <\/div>\n            <\/div>\n            <\/a>          <\/div>\n         <\/div><div class=\"gallery-col col\" >\n          <div class=\"col-inner\">\n            <a class=\"image-lightbox lightbox-gallery\" href=\"https:\/\/test.cacciamani.com\/wp-content\/uploads\/2023\/03\/Filtor-ada-ario-Medium-405x800.jpg\" title=\"\">            <div class=\"box has-hover gallery-box box-normal\">\n              <div class=\"box-image image-zoom image-cover\" style=\"padding-top:75%;\">\n                <img loading=\"lazy\" decoding=\"async\" width=\"203\" height=\"400\" src=\"https:\/\/test.cacciamani.com\/wp-content\/uploads\/2023\/03\/Filtor-ada-ario-Medium-203x400.jpg\" class=\"attachment-medium size-medium\" alt=\"\" ids=\"635,634,633,632,631\" style=\"normal\" col_spacing=\"xsmall\" columns=\"3\" columns__sm=\"2\" columns__md=\"3\" image_height=\"75%\" image_hover=\"zoom\" srcset=\"https:\/\/test.cacciamani.com\/wp-content\/uploads\/2023\/03\/Filtor-ada-ario-Medium-203x400.jpg 203w, https:\/\/test.cacciamani.com\/wp-content\/uploads\/2023\/03\/Filtor-ada-ario-Medium-405x800.jpg 405w, https:\/\/test.cacciamani.com\/wp-content\/uploads\/2023\/03\/Filtor-ada-ario-Medium-768x1516.jpg 768w, https:\/\/test.cacciamani.com\/wp-content\/uploads\/2023\/03\/Filtor-ada-ario-Medium-778x1536.jpg 778w, https:\/\/test.cacciamani.com\/wp-content\/uploads\/2023\/03\/Filtor-ada-ario-Medium-600x1184.jpg 600w, https:\/\/test.cacciamani.com\/wp-content\/uploads\/2023\/03\/Filtor-ada-ario-Medium.jpg 960w\" sizes=\"auto, (max-width: 203px) 100vw, 203px\" \/>                                                              <\/div>\n              <div class=\"box-text text-left\" >\n                 <p><\/p>\n              <\/div>\n            <\/div>\n            <\/a>          <\/div>\n         <\/div><div class=\"gallery-col col\" >\n          <div class=\"col-inner\">\n            <a class=\"image-lightbox lightbox-gallery\" href=\"https:\/\/test.cacciamani.com\/wp-content\/uploads\/2023\/03\/CARTUCCE-FILTRO-SILOTOP-SPOSETTI-751x800.jpg\" title=\"\">            <div class=\"box has-hover gallery-box box-normal\">\n              <div class=\"box-image image-zoom image-cover\" style=\"padding-top:75%;\">\n                <img loading=\"lazy\" decoding=\"async\" width=\"376\" height=\"400\" src=\"https:\/\/test.cacciamani.com\/wp-content\/uploads\/2023\/03\/CARTUCCE-FILTRO-SILOTOP-SPOSETTI-376x400.jpg\" class=\"attachment-medium size-medium\" alt=\"\" ids=\"635,634,633,632,631\" style=\"normal\" col_spacing=\"xsmall\" columns=\"3\" columns__sm=\"2\" columns__md=\"3\" image_height=\"75%\" image_hover=\"zoom\" srcset=\"https:\/\/test.cacciamani.com\/wp-content\/uploads\/2023\/03\/CARTUCCE-FILTRO-SILOTOP-SPOSETTI-376x400.jpg 376w, https:\/\/test.cacciamani.com\/wp-content\/uploads\/2023\/03\/CARTUCCE-FILTRO-SILOTOP-SPOSETTI-751x800.jpg 751w, https:\/\/test.cacciamani.com\/wp-content\/uploads\/2023\/03\/CARTUCCE-FILTRO-SILOTOP-SPOSETTI-768x818.jpg 768w, https:\/\/test.cacciamani.com\/wp-content\/uploads\/2023\/03\/CARTUCCE-FILTRO-SILOTOP-SPOSETTI-600x639.jpg 600w, https:\/\/test.cacciamani.com\/wp-content\/uploads\/2023\/03\/CARTUCCE-FILTRO-SILOTOP-SPOSETTI.jpg 960w\" sizes=\"auto, (max-width: 376px) 100vw, 376px\" \/>                                                              <\/div>\n              <div class=\"box-text text-left\" >\n                 <p><\/p>\n              <\/div>\n            <\/div>\n            <\/a>          <\/div>\n         <\/div><\/div>\n\n\n\t\t<\/div>\n\t\t\t\t\t<\/div>\n\n\t\n\n\t<div id=\"col-125536548\" class=\"col medium-2 small-12 large-2\"  >\n\t\t\t\t<div class=\"col-inner\"  >\n\t\t\t\n\t\t\t\n\n<ul class=\"sidebar-wrapper ul-reset\"><aside id=\"nav_menu-2\" class=\"widget widget_nav_menu\"><div class=\"menu-laterale_it-container\"><ul id=\"menu-laterale_it\" class=\"menu\"><li id=\"menu-item-917\" class=\"menu-item menu-item-type-post_type menu-item-object-page menu-item-has-children menu-item-917\"><a href=\"https:\/\/test.cacciamani.com\/prodotti\/\">Productos<\/a>\n<ul class=\"sub-menu\">\n\t<li id=\"menu-item-918\" class=\"menu-item menu-item-type-post_type menu-item-object-page menu-item-918\"><a href=\"https:\/\/test.cacciamani.com\/prodotti\/attrezzature\/\">Equipamiento<\/a><\/li>\n\t<li id=\"menu-item-919\" class=\"menu-item menu-item-type-post_type menu-item-object-page menu-item-919\"><a href=\"https:\/\/test.cacciamani.com\/prodotti\/impianti-di-betonaggio\/\">Plantas de hormig\u00f3n<\/a><\/li>\n\t<li id=\"menu-item-920\" class=\"menu-item menu-item-type-post_type menu-item-object-page menu-item-920\"><a href=\"https:\/\/test.cacciamani.com\/prodotti\/blocchiere-semoventi\/\">Bloqueadores autopropulsados<\/a><\/li>\n<\/ul>\n<\/li>\n<li id=\"menu-item-921\" class=\"menu-item menu-item-type-post_type menu-item-object-page menu-item-921\"><a href=\"https:\/\/test.cacciamani.com\/tavoli-vibranti\/\">Mesas vibratorias<\/a><\/li>\n<li id=\"menu-item-1038\" class=\"menu-item menu-item-type-post_type menu-item-object-page menu-item-1038\"><a href=\"https:\/\/test.cacciamani.com\/pinze\/\">Alicates<\/a><\/li>\n<li id=\"menu-item-923\" class=\"menu-item menu-item-type-post_type menu-item-object-page menu-item-923\"><a href=\"https:\/\/test.cacciamani.com\/ricambi\/\">Piezas de recambio<\/a><\/li>\n<li id=\"menu-item-922\" class=\"menu-item menu-item-type-post_type menu-item-object-page menu-item-922\"><a href=\"https:\/\/test.cacciamani.com\/usato\/\">Usado<\/a><\/li>\n<\/ul><\/div><\/aside><\/ul>\n\n\n\t\t<\/div>\n\t\t\t\t\t<\/div>\n\n\t\n\n<\/div>\n\t<div id=\"gap-331063435\" class=\"gap-element clearfix\" style=\"display:block; height:auto;\">\n\t\t\n<style>\n#gap-331063435 {\n  padding-top: 50px;\n}\n<\/style>\n\t<\/div>\n\t\n\n<div class=\"row\"  id=\"row-163389995\">\n\n\n\t<div id=\"col-1819262131\" class=\"col medium-6 small-12 large-6\"  >\n\t\t\t\t<div class=\"col-inner\"  >\n\t\t\t\n\t\t\t\n\n<div class=\"container section-title-container\" ><h3 class=\"section-title section-title-center\"><b><\/b><span class=\"section-title-main\" ><i class=\"icon-phone\" ><\/i>Solicitar un presupuesto<\/span><b><\/b><\/h3><\/div>\n\n\n\t\t<\/div>\n\t\t\t\t\t<\/div>\n\n\t\n\n\t<div id=\"col-1871211704\" class=\"col medium-4 small-12 large-4\"  >\n\t\t\t\t<div class=\"col-inner\"  >\n\t\t\t\n\t\t\t\n\n<div class=\"social-icons follow-icons full-width text-center\" style=\"font-size:110%\"><a href=\"mailto:info@cacciamani.com\" data-label=\"E-mail\" rel=\"nofollow\" class=\"icon primary button circle  email tooltip\" title=\"Env\u00edanos un email\" aria-label=\"Env\u00edanos un email\"><i class=\"icon-envelop\" ><\/i><\/a><a href=\"tel:+390732627683\" target=\"_blank\" data-label=\"Phone\" rel=\"noopener noreferrer nofollow\" class=\"icon primary button circle  phone tooltip\" title=\"Call us\" aria-label=\"Call us\"><i class=\"icon-phone\" ><\/i><\/a><\/div>\n\n\n\t\t<\/div>\n\t\t\t\t\t<\/div>\n\n\t\n\n\t<div id=\"col-1760096882\" class=\"col medium-2 small-12 large-2\"  >\n\t\t\t\t<div class=\"col-inner\"  >\n\t\t\t\n\t\t\t\n\n\t<div id=\"gap-1407885975\" class=\"gap-element clearfix\" style=\"display:block; height:auto;\">\n\t\t\n<style>\n#gap-1407885975 {\n  padding-top: 30px;\n}\n<\/style>\n\t<\/div>\n\t\n\n\n\t\t<\/div>\n\t\t\t\t\t<\/div>\n\n\t\n\n<\/div>\n\n\t\t<\/div>\n\n\t\t\n<style>\n#section_1343446702 {\n  padding-top: 20px;\n  padding-bottom: 20px;\n  background-color: #fafafa;\n}\n#section_1343446702 .ux-shape-divider--top svg {\n  height: 150px;\n  --divider-top-width: 100%;\n}\n#section_1343446702 .ux-shape-divider--bottom svg {\n  height: 150px;\n  --divider-width: 100%;\n}\n<\/style>\n\t<\/section>\n\t\n\n","protected":false},"excerpt":{"rendered":"","protected":false},"author":1,"featured_media":1667,"parent":2270,"menu_order":0,"comment_status":"closed","ping_status":"closed","template":"page-blank.php","meta":{"footnotes":""},"class_list":["post-2284","page","type-page","status-publish","has-post-thumbnail","hentry"],"_links":{"self":[{"href":"https:\/\/test.cacciamani.com\/es\/wp-json\/wp\/v2\/pages\/2284","targetHints":{"allow":["GET"]}}],"collection":[{"href":"https:\/\/test.cacciamani.com\/es\/wp-json\/wp\/v2\/pages"}],"about":[{"href":"https:\/\/test.cacciamani.com\/es\/wp-json\/wp\/v2\/types\/page"}],"author":[{"embeddable":true,"href":"https:\/\/test.cacciamani.com\/es\/wp-json\/wp\/v2\/users\/1"}],"replies":[{"embeddable":true,"href":"https:\/\/test.cacciamani.com\/es\/wp-json\/wp\/v2\/comments?post=2284"}],"version-history":[{"count":1,"href":"https:\/\/test.cacciamani.com\/es\/wp-json\/wp\/v2\/pages\/2284\/revisions"}],"predecessor-version":[{"id":2289,"href":"https:\/\/test.cacciamani.com\/es\/wp-json\/wp\/v2\/pages\/2284\/revisions\/2289"}],"up":[{"embeddable":true,"href":"https:\/\/test.cacciamani.com\/es\/wp-json\/wp\/v2\/pages\/2270"}],"wp:featuredmedia":[{"embeddable":true,"href":"https:\/\/test.cacciamani.com\/es\/wp-json\/wp\/v2\/media\/1667"}],"wp:attachment":[{"href":"https:\/\/test.cacciamani.com\/es\/wp-json\/wp\/v2\/media?parent=2284"}],"curies":[{"name":"wp","href":"https:\/\/api.w.org\/{rel}","templated":true}]}}