{"id":2238,"date":"2023-03-08T19:57:22","date_gmt":"2023-03-08T18:57:22","guid":{"rendered":"https:\/\/test.cacciamani.com\/coclee\/"},"modified":"2023-04-04T16:26:17","modified_gmt":"2023-04-04T14:26:17","slug":"coclee","status":"publish","type":"page","link":"https:\/\/test.cacciamani.com\/es\/productos\/equipamiento\/coclee\/","title":{"rendered":"Coclee"},"content":{"rendered":"\n\n  <div class=\"banner has-hover\" id=\"banner-2102187345\">\n          <div class=\"banner-inner fill\">\n        <div class=\"banner-bg fill\" >\n            <div class=\"bg fill bg-fill \"><\/div>\n                                    \n                    <\/div>\n\t\t\n        <div class=\"banner-layers container\">\n            <div class=\"fill banner-link\"><\/div>            \n\n   <div id=\"text-box-1154840224\" class=\"text-box banner-layer x50 md-x50 lg-x50 y50 md-y50 lg-y50 res-text\">\n                                <div class=\"text-box-content text dark\">\n              \n              <div class=\"text-inner text-center\">\n                  \n\n<h3 class=\"uppercase\"><strong>Coclee<\/strong><\/h3>\n\n              <\/div>\n           <\/div>\n                            \n<style>\n#text-box-1154840224 {\n  width: 50%;\n}\n#text-box-1154840224 .text-box-content {\n  font-size: 80%;\n}\n@media (min-width:850px) {\n  #text-box-1154840224 .text-box-content {\n    font-size: 100%;\n  }\n}\n<\/style>\n    <\/div>\n \n\n        <\/div>\n      <\/div>\n\n            \n<style>\n#banner-2102187345 {\n  padding-top: 80px;\n}\n#banner-2102187345 .bg.bg-loaded {\n  background-image: url(https:\/\/test.cacciamani.com\/wp-content\/uploads\/2023\/03\/COCLEA-3-Medium.jpg);\n}\n#banner-2102187345 .bg {\n  background-position: 53% 81%;\n}\n#banner-2102187345 .ux-shape-divider--top svg {\n  height: 150px;\n  --divider-top-width: 100%;\n}\n#banner-2102187345 .ux-shape-divider--bottom svg {\n  height: 150px;\n  --divider-width: 100%;\n}\n@media (min-width:550px) {\n  #banner-2102187345 {\n    padding-top: 140px;\n  }\n}\n@media (min-width:850px) {\n  #banner-2102187345 {\n    padding-top: 230px;\n  }\n}\n<\/style>\n  <\/div>\n\n\n\t<section class=\"section\" id=\"section_2080098620\">\n\t\t<div class=\"bg section-bg fill bg-fill  bg-loaded\" >\n\n\t\t\t\n\t\t\t\n\t\t\t\n\n\t\t<\/div>\n\n\t\t\n\n\t\t<div class=\"section-content relative\">\n\t\t\t\n\n  <div id=\"page-header-1723712802\" class=\"page-header-wrapper\">\n  <div class=\"page-title light simple-title\">\n\n    \n    <div class=\"page-title-inner container align-center flex-row medium-flex-wrap row-reverse\" >\n            <div class=\"title-content flex-col flex-left text-left medium-text-center\">\n        <div class=\"title-breadcrumbs pb-half pt-half\"><nav class=\"woocommerce-breadcrumb breadcrumbs uppercase\">Home<\/nav><\/div>      <\/div>\n    <\/div>\n\n       <\/div>\n    <\/div>\n  \n\n\t<div id=\"gap-451878593\" class=\"gap-element clearfix\" style=\"display:block; height:auto;\">\n\t\t\n<style>\n#gap-451878593 {\n  padding-top: 40px;\n}\n<\/style>\n\t<\/div>\n\t\n\n<div class=\"row\"  id=\"row-519990829\">\n\n\n\t<div id=\"col-879706012\" class=\"col medium-10 small-12 large-10\"  >\n\t\t\t\t<div class=\"col-inner\"  >\n\t\t\t\n\t\t\t\n\n<div class=\"row\"  id=\"row-562720885\">\n\n\n\t<div id=\"col-665185043\" class=\"col small-12 large-12\"  >\n\t\t\t\t<div class=\"col-inner\"  >\n\t\t\t\n\t\t\t\n\n\t<div id=\"text-376684742\" class=\"text\">\n\t\t\n\n<p>Tornillo alimentador tubular para transporte de cemento. Sinf\u00edn D.139, Sinf\u00edn D.168, Sinf\u00edn D.193, Sinf\u00edn D.219, Sinf\u00edn D.273, Sinf\u00edn D.323, H\u00e9lice de paso variable accionada por un motorreductor el\u00e9ctrico en la descarga. El sinf\u00edn se completa con una ventana de inspecci\u00f3n y dos puertos de carga y descarga.<\/p>\n<p>sinfines tubulares<br>\nsinfines de canal<br>\nsinfines volum\u00e9tricos<br>\nLos transportadores sinf\u00edn se fabrican seg\u00fan las especificaciones del cliente.<\/p>\n<p>PIEZAS DE RECAMBIO Y ACCESORIOS PARA SINFINES<\/p>\n<p>Para mangas<br>\nApoyo intermedio<br>\nJuntas de sinf\u00edn<\/p>\n\t\t\n<style>\n#text-376684742 {\n  text-align: center;\n}\n<\/style>\n\t<\/div>\n\t\n\n\t\t<\/div>\n\t\t\t\t\t<\/div>\n\n\t\n\n<\/div>\n\n  \n    <div class=\"row large-columns-3 medium-columns-3 small-columns-2 row-xsmall\">\n  <div class=\"gallery-col col\" >\n          <div class=\"col-inner\">\n            <a class=\"image-lightbox lightbox-gallery\" href=\"https:\/\/test.cacciamani.com\/wp-content\/uploads\/2023\/03\/COCLEA-3-Medium.jpg\" title=\"\">            <div class=\"box has-hover gallery-box box-normal\">\n              <div class=\"box-image image-cover\" style=\"padding-top:75%;\">\n                <img loading=\"lazy\" decoding=\"async\" width=\"533\" height=\"400\" src=\"https:\/\/test.cacciamani.com\/wp-content\/uploads\/2023\/03\/COCLEA-3-Medium-533x400.jpg\" class=\"attachment-medium size-medium\" alt=\"\" ids=\"627,626,625\" style=\"normal\" col_spacing=\"xsmall\" columns=\"3\" columns__sm=\"2\" columns__md=\"3\" image_height=\"75%\" srcset=\"https:\/\/test.cacciamani.com\/wp-content\/uploads\/2023\/03\/COCLEA-3-Medium-533x400.jpg 533w, https:\/\/test.cacciamani.com\/wp-content\/uploads\/2023\/03\/COCLEA-3-Medium-768x576.jpg 768w, https:\/\/test.cacciamani.com\/wp-content\/uploads\/2023\/03\/COCLEA-3-Medium-600x450.jpg 600w, https:\/\/test.cacciamani.com\/wp-content\/uploads\/2023\/03\/COCLEA-3-Medium.jpg 960w\" sizes=\"auto, (max-width: 533px) 100vw, 533px\" \/>                                                              <\/div>\n              <div class=\"box-text text-left\" >\n                 <p><\/p>\n              <\/div>\n            <\/div>\n            <\/a>          <\/div>\n         <\/div><div class=\"gallery-col col\" >\n          <div class=\"col-inner\">\n            <a class=\"image-lightbox lightbox-gallery\" href=\"https:\/\/test.cacciamani.com\/wp-content\/uploads\/2023\/03\/coclea-Medium.jpg\" title=\"\">            <div class=\"box has-hover gallery-box box-normal\">\n              <div class=\"box-image image-cover\" style=\"padding-top:75%;\">\n                <img loading=\"lazy\" decoding=\"async\" width=\"529\" height=\"400\" src=\"https:\/\/test.cacciamani.com\/wp-content\/uploads\/2023\/03\/coclea-Medium-529x400.jpg\" class=\"attachment-medium size-medium\" alt=\"\" ids=\"627,626,625\" style=\"normal\" col_spacing=\"xsmall\" columns=\"3\" columns__sm=\"2\" columns__md=\"3\" image_height=\"75%\" srcset=\"https:\/\/test.cacciamani.com\/wp-content\/uploads\/2023\/03\/coclea-Medium-529x400.jpg 529w, https:\/\/test.cacciamani.com\/wp-content\/uploads\/2023\/03\/coclea-Medium-768x581.jpg 768w, https:\/\/test.cacciamani.com\/wp-content\/uploads\/2023\/03\/coclea-Medium-600x454.jpg 600w, https:\/\/test.cacciamani.com\/wp-content\/uploads\/2023\/03\/coclea-Medium.jpg 960w\" sizes=\"auto, (max-width: 529px) 100vw, 529px\" \/>                                                              <\/div>\n              <div class=\"box-text text-left\" >\n                 <p><\/p>\n              <\/div>\n            <\/div>\n            <\/a>          <\/div>\n         <\/div><div class=\"gallery-col col\" >\n          <div class=\"col-inner\">\n            <a class=\"image-lightbox lightbox-gallery\" href=\"https:\/\/test.cacciamani.com\/wp-content\/uploads\/2023\/03\/coclea-1.jpg\" title=\"\">            <div class=\"box has-hover gallery-box box-normal\">\n              <div class=\"box-image image-cover\" style=\"padding-top:75%;\">\n                <img loading=\"lazy\" decoding=\"async\" width=\"555\" height=\"400\" src=\"https:\/\/test.cacciamani.com\/wp-content\/uploads\/2023\/03\/coclea-1-555x400.jpg\" class=\"attachment-medium size-medium\" alt=\"\" ids=\"627,626,625\" style=\"normal\" col_spacing=\"xsmall\" columns=\"3\" columns__sm=\"2\" columns__md=\"3\" image_height=\"75%\" srcset=\"https:\/\/test.cacciamani.com\/wp-content\/uploads\/2023\/03\/coclea-1-555x400.jpg 555w, https:\/\/test.cacciamani.com\/wp-content\/uploads\/2023\/03\/coclea-1-768x554.jpg 768w, https:\/\/test.cacciamani.com\/wp-content\/uploads\/2023\/03\/coclea-1-600x433.jpg 600w, https:\/\/test.cacciamani.com\/wp-content\/uploads\/2023\/03\/coclea-1.jpg 960w\" sizes=\"auto, (max-width: 555px) 100vw, 555px\" \/>                                                              <\/div>\n              <div class=\"box-text text-left\" >\n                 <p><\/p>\n              <\/div>\n            <\/div>\n            <\/a>          <\/div>\n         <\/div><\/div>\n\n\n\t\t<\/div>\n\t\t\t\t\t<\/div>\n\n\t\n\n\t<div id=\"col-1459007285\" class=\"col medium-2 small-12 large-2\"  >\n\t\t\t\t<div class=\"col-inner\"  >\n\t\t\t\n\t\t\t\n\n<ul class=\"sidebar-wrapper ul-reset\"><aside id=\"nav_menu-2\" class=\"widget widget_nav_menu\"><div class=\"menu-laterale_it-container\"><ul id=\"menu-laterale_it\" class=\"menu\"><li id=\"menu-item-917\" class=\"menu-item menu-item-type-post_type menu-item-object-page menu-item-has-children menu-item-917\"><a href=\"https:\/\/test.cacciamani.com\/prodotti\/\">Productos<\/a>\n<ul class=\"sub-menu\">\n\t<li id=\"menu-item-918\" class=\"menu-item menu-item-type-post_type menu-item-object-page menu-item-918\"><a href=\"https:\/\/test.cacciamani.com\/prodotti\/attrezzature\/\">Equipamiento<\/a><\/li>\n\t<li id=\"menu-item-919\" class=\"menu-item menu-item-type-post_type menu-item-object-page menu-item-919\"><a href=\"https:\/\/test.cacciamani.com\/prodotti\/impianti-di-betonaggio\/\">Plantas de hormig\u00f3n<\/a><\/li>\n\t<li id=\"menu-item-920\" class=\"menu-item menu-item-type-post_type menu-item-object-page menu-item-920\"><a href=\"https:\/\/test.cacciamani.com\/prodotti\/blocchiere-semoventi\/\">Bloqueadores autopropulsados<\/a><\/li>\n<\/ul>\n<\/li>\n<li id=\"menu-item-921\" class=\"menu-item menu-item-type-post_type menu-item-object-page menu-item-921\"><a href=\"https:\/\/test.cacciamani.com\/tavoli-vibranti\/\">Mesas vibratorias<\/a><\/li>\n<li id=\"menu-item-1038\" class=\"menu-item menu-item-type-post_type menu-item-object-page menu-item-1038\"><a href=\"https:\/\/test.cacciamani.com\/pinze\/\">Alicates<\/a><\/li>\n<li id=\"menu-item-923\" class=\"menu-item menu-item-type-post_type menu-item-object-page menu-item-923\"><a href=\"https:\/\/test.cacciamani.com\/ricambi\/\">Piezas de recambio<\/a><\/li>\n<li id=\"menu-item-922\" class=\"menu-item menu-item-type-post_type menu-item-object-page menu-item-922\"><a href=\"https:\/\/test.cacciamani.com\/usato\/\">Usado<\/a><\/li>\n<\/ul><\/div><\/aside><\/ul>\n\n\n\t\t<\/div>\n\t\t\t\t\t<\/div>\n\n\t\n\n<\/div>\n\t<div id=\"gap-1462699587\" class=\"gap-element clearfix\" style=\"display:block; height:auto;\">\n\t\t\n<style>\n#gap-1462699587 {\n  padding-top: 50px;\n}\n<\/style>\n\t<\/div>\n\t\n\n<div class=\"row\"  id=\"row-1203610774\">\n\n\n\t<div id=\"col-936075382\" class=\"col medium-6 small-12 large-6\"  >\n\t\t\t\t<div class=\"col-inner\"  >\n\t\t\t\n\t\t\t\n\n<div class=\"container section-title-container\" ><h3 class=\"section-title section-title-center\"><b><\/b><span class=\"section-title-main\" ><i class=\"icon-phone\" ><\/i>Solicitar un presupuesto<\/span><b><\/b><\/h3><\/div>\n\n\n\t\t<\/div>\n\t\t\t\t\t<\/div>\n\n\t\n\n\t<div id=\"col-1130911897\" class=\"col medium-4 small-12 large-4\"  >\n\t\t\t\t<div class=\"col-inner\"  >\n\t\t\t\n\t\t\t\n\n<div class=\"social-icons follow-icons full-width text-center\" style=\"font-size:110%\"><a href=\"mailto:info@cacciamani.com\" data-label=\"E-mail\" rel=\"nofollow\" class=\"icon primary button circle  email tooltip\" title=\"Env\u00edanos un email\" aria-label=\"Env\u00edanos un email\"><i class=\"icon-envelop\" ><\/i><\/a><a href=\"tel:+390732627683\" target=\"_blank\" data-label=\"Phone\" rel=\"noopener noreferrer nofollow\" class=\"icon primary button circle  phone tooltip\" title=\"Call us\" aria-label=\"Call us\"><i class=\"icon-phone\" ><\/i><\/a><\/div>\n\n\n\t\t<\/div>\n\t\t\t\t\t<\/div>\n\n\t\n\n\t<div id=\"col-1202893872\" class=\"col medium-2 small-12 large-2\"  >\n\t\t\t\t<div class=\"col-inner\"  >\n\t\t\t\n\t\t\t\n\n\t<div id=\"gap-1974846552\" class=\"gap-element clearfix\" style=\"display:block; height:auto;\">\n\t\t\n<style>\n#gap-1974846552 {\n  padding-top: 30px;\n}\n<\/style>\n\t<\/div>\n\t\n\n\n\t\t<\/div>\n\t\t\t\t\t<\/div>\n\n\t\n\n<\/div>\n\n\t\t<\/div>\n\n\t\t\n<style>\n#section_2080098620 {\n  padding-top: 20px;\n  padding-bottom: 20px;\n  background-color: #fafafa;\n}\n#section_2080098620 .ux-shape-divider--top svg {\n  height: 150px;\n  --divider-top-width: 100%;\n}\n#section_2080098620 .ux-shape-divider--bottom svg {\n  height: 150px;\n  --divider-width: 100%;\n}\n<\/style>\n\t<\/section>\n\t\n\n","protected":false},"excerpt":{"rendered":"","protected":false},"author":1,"featured_media":1652,"parent":2270,"menu_order":0,"comment_status":"closed","ping_status":"closed","template":"page-blank.php","meta":{"footnotes":""},"class_list":["post-2238","page","type-page","status-publish","has-post-thumbnail","hentry"],"_links":{"self":[{"href":"https:\/\/test.cacciamani.com\/es\/wp-json\/wp\/v2\/pages\/2238","targetHints":{"allow":["GET"]}}],"collection":[{"href":"https:\/\/test.cacciamani.com\/es\/wp-json\/wp\/v2\/pages"}],"about":[{"href":"https:\/\/test.cacciamani.com\/es\/wp-json\/wp\/v2\/types\/page"}],"author":[{"embeddable":true,"href":"https:\/\/test.cacciamani.com\/es\/wp-json\/wp\/v2\/users\/1"}],"replies":[{"embeddable":true,"href":"https:\/\/test.cacciamani.com\/es\/wp-json\/wp\/v2\/comments?post=2238"}],"version-history":[{"count":1,"href":"https:\/\/test.cacciamani.com\/es\/wp-json\/wp\/v2\/pages\/2238\/revisions"}],"predecessor-version":[{"id":2240,"href":"https:\/\/test.cacciamani.com\/es\/wp-json\/wp\/v2\/pages\/2238\/revisions\/2240"}],"up":[{"embeddable":true,"href":"https:\/\/test.cacciamani.com\/es\/wp-json\/wp\/v2\/pages\/2270"}],"wp:featuredmedia":[{"embeddable":true,"href":"https:\/\/test.cacciamani.com\/es\/wp-json\/wp\/v2\/media\/1652"}],"wp:attachment":[{"href":"https:\/\/test.cacciamani.com\/es\/wp-json\/wp\/v2\/media?parent=2238"}],"curies":[{"name":"wp","href":"https:\/\/api.w.org\/{rel}","templated":true}]}}