{"id":2138,"date":"2016-08-04T11:15:19","date_gmt":"2016-08-04T09:15:19","guid":{"rendered":"https:\/\/test.cacciamani.com\/empresa\/"},"modified":"2023-04-04T16:23:55","modified_gmt":"2023-04-04T14:23:55","slug":"empresa","status":"publish","type":"page","link":"https:\/\/test.cacciamani.com\/es\/empresa\/","title":{"rendered":"Empresa"},"content":{"rendered":"\n\n  <div class=\"banner has-hover has-parallax\" id=\"banner-850868699\">\n          <div class=\"banner-inner fill\">\n        <div class=\"banner-bg fill\" data-parallax=\"-2\" data-parallax-container=\".banner\" data-parallax-background>\n            <div class=\"bg fill bg-fill \"><\/div>\n                        <div class=\"overlay\"><\/div>            \n                    <\/div>\n\t\t\n        <div class=\"banner-layers container\">\n            <div class=\"fill banner-link\"><\/div>            \n\n   <div id=\"text-box-2130292185\" class=\"text-box banner-layer x50 md-x50 lg-x50 y50 md-y50 lg-y50 res-text\">\n                                <div class=\"text-box-content text dark\">\n              \n              <div class=\"text-inner text-center\">\n                  \n\n<h3 class=\"uppercase\"><strong>Nuestra historia<\/strong><\/h3>\n\n              <\/div>\n           <\/div>\n                            \n<style>\n#text-box-2130292185 {\n  width: 60%;\n}\n#text-box-2130292185 .text-box-content {\n  font-size: 100%;\n}\n@media (min-width:550px) {\n  #text-box-2130292185 {\n    width: 68%;\n  }\n}\n<\/style>\n    <\/div>\n \n\n        <\/div>\n      <\/div>\n\n            \n<style>\n#banner-850868699 {\n  padding-top: 80px;\n}\n#banner-850868699 .bg.bg-loaded {\n  background-image: url(https:\/\/test.cacciamani.com\/wp-content\/uploads\/2023\/03\/BATCHING-PLANTS1-1232x800.jpg);\n}\n#banner-850868699 .overlay {\n  background-color: rgba(0, 0, 0, 0.2);\n}\n#banner-850868699 .bg {\n  background-position: 49% 39%;\n}\n#banner-850868699 .ux-shape-divider--top svg {\n  height: 150px;\n  --divider-top-width: 100%;\n}\n#banner-850868699 .ux-shape-divider--bottom svg {\n  height: 150px;\n  --divider-width: 100%;\n}\n@media (min-width:550px) {\n  #banner-850868699 {\n    padding-top: 140px;\n  }\n}\n@media (min-width:850px) {\n  #banner-850868699 {\n    padding-top: 230px;\n  }\n}\n<\/style>\n  <\/div>\n\n\n<div class=\"row\"  id=\"row-652663087\">\n\n\n\t<div id=\"col-416144341\" class=\"col small-12 large-12\"  >\n\t\t\t\t<div class=\"col-inner\"  >\n\t\t\t\n\t\t\t\n\n<p class=\"lead\">Desde 1948, Cacciamani construye moldes y m\u00e1quinas para productos de cemento con soluciones personalizadas que trabajan tanto para el mercado italiano como para el extranjero.<\/p>\n<h3>La calidad es nuestra prioridad<\/h3>\n<p>Llevamos m\u00e1s de 50 a\u00f1os construyendo moldes y m\u00e1quinas, con un alto nivel de innovaci\u00f3n tecnol\u00f3gica. Podemos producir y ofrecer soluciones personalizadas para satisfacer sus necesidades.<br>\nNuestros t\u00e9cnicos le ayudar\u00e1n a configurar su m\u00e1quina y le proporcionar\u00e1n formaci\u00f3n sobre c\u00f3mo utilizarla, cumpliendo todos sus requisitos.<\/p>\n<h3>Opciones que se adaptan a sus necesidades<\/h3>\n<p>Ofrecemos una amplia gama de modelos, desde nuestras gamas estandarizadas hasta nuestras m\u00e1quinas personalizadas, y tambi\u00e9n podemos suministrar plantas completas llave en mano.  <\/p>\n<p>P\u00f3ngase en contacto con nosotros hoy mismo para obtener m\u00e1s informaci\u00f3n sobre nuestras soluciones personalizadas.<\/p>\n\n<div class=\"row\"  id=\"row-2051356455\">\n\n\n\t<div id=\"col-42644318\" class=\"col medium-6 small-12 large-6\"  >\n\t\t\t\t<div class=\"col-inner\"  >\n\t\t\t\n\t\t\t\n\n<h3><\/h3>\n<p>Cacciamani Enrico &amp; C. snc<\/p>\n<p>  Loc. Campo dell&#8217;olmo, 1, 60044 Fabriano (AN) &#8211; Italia<\/p>\n<p>  +39 0732 627683<\/p>\n<p>  +39 0732 625786<\/p>\n<p>  info@cacciamani.com<\/p>\n\t<div id=\"gap-1852260631\" class=\"gap-element clearfix\" style=\"display:block; height:auto;\">\n\t\t\n<style>\n#gap-1852260631 {\n  padding-top: 30px;\n}\n<\/style>\n\t<\/div>\n\t\n\n<div class=\"social-icons share-icons share-row relative\" ><span class=\"share-icons-title\">Compartir en<\/span><a href=\"whatsapp:\/\/send?text=Empresa - https:\/\/test.cacciamani.com\/es\/empresa\/\" data-action=\"share\/whatsapp\/share\" class=\"icon button circle is-outline tooltip whatsapp show-for-medium\" title=\"Share on WhatsApp\" aria-label=\"Share on WhatsApp\"><i class=\"icon-whatsapp\"><\/i><\/a><a href=\"https:\/\/www.facebook.com\/sharer.php?u=https:\/\/test.cacciamani.com\/es\/empresa\/\" data-label=\"Facebook\" onclick=\"window.open(this.href,this.title,'width=500,height=500,top=300px,left=300px');  return false;\" rel=\"noopener noreferrer nofollow\" target=\"_blank\" class=\"icon button circle is-outline tooltip facebook\" title=\"Compartir en Facebook\" aria-label=\"Compartir en Facebook\"><i class=\"icon-facebook\" ><\/i><\/a><a href=\"https:\/\/twitter.com\/share?url=https:\/\/test.cacciamani.com\/es\/empresa\/\" onclick=\"window.open(this.href,this.title,'width=500,height=500,top=300px,left=300px');  return false;\" rel=\"noopener noreferrer nofollow\" target=\"_blank\" class=\"icon button circle is-outline tooltip twitter\" title=\"Compartir en Twitter\" aria-label=\"Compartir en Twitter\"><i class=\"icon-twitter\" ><\/i><\/a><a href=\"mailto:enteryour@addresshere.com?subject=Empresa&amp;body=Check%20this%20out:%20https:\/\/test.cacciamani.com\/es\/empresa\/\" rel=\"nofollow\" class=\"icon button circle is-outline tooltip email\" title=\"Env\u00eda por email\" aria-label=\"Env\u00eda por email\"><i class=\"icon-envelop\" ><\/i><\/a><a href=\"https:\/\/www.linkedin.com\/shareArticle?mini=true&url=https:\/\/test.cacciamani.com\/es\/empresa\/&title=Empresa\" onclick=\"window.open(this.href,this.title,'width=500,height=500,top=300px,left=300px');  return false;\"  rel=\"noopener noreferrer nofollow\" target=\"_blank\" class=\"icon button circle is-outline tooltip linkedin\" title=\"Share on LinkedIn\" aria-label=\"Share on LinkedIn\"><i class=\"icon-linkedin\" ><\/i><\/a><a href=\"https:\/\/telegram.me\/share\/url?url=https:\/\/test.cacciamani.com\/es\/empresa\/\" onclick=\"window.open(this.href,this.title,'width=500,height=500,top=300px,left=300px');  return false;\" rel=\"noopener noreferrer nofollow\" target=\"_blank\" class=\"icon button circle is-outline tooltip telegram\" title=\"Share on Telegram\" aria-label=\"Share on Telegram\"><i class=\"icon-telegram\" ><\/i><\/a><\/div>\n\n\n\t\t<\/div>\n\t\t\t\t\t<\/div>\n\n\t\n\n\t<div id=\"col-308346271\" class=\"col medium-6 small-12 large-6\"  >\n\t\t\t\t<div class=\"col-inner\"  >\n\t\t\t\n\t\t\t\n\n\t<div class=\"img has-hover x md-x lg-x y md-y lg-y\" id=\"image_1188940559\">\n\t\t\t\t\t\t\t\t<div class=\"img-inner dark\" >\n\t\t\t<img loading=\"lazy\" decoding=\"async\" width=\"616\" height=\"400\" src=\"https:\/\/test.cacciamani.com\/wp-content\/uploads\/2023\/03\/BATCHING-PLANTS1-616x400.jpg\" class=\"attachment-medium size-medium\" alt=\"\" srcset=\"https:\/\/test.cacciamani.com\/wp-content\/uploads\/2023\/03\/BATCHING-PLANTS1-616x400.jpg 616w, https:\/\/test.cacciamani.com\/wp-content\/uploads\/2023\/03\/BATCHING-PLANTS1-1232x800.jpg 1232w, https:\/\/test.cacciamani.com\/wp-content\/uploads\/2023\/03\/BATCHING-PLANTS1-768x499.jpg 768w, https:\/\/test.cacciamani.com\/wp-content\/uploads\/2023\/03\/BATCHING-PLANTS1-600x390.jpg 600w, https:\/\/test.cacciamani.com\/wp-content\/uploads\/2023\/03\/BATCHING-PLANTS1.jpg 1280w\" sizes=\"auto, (max-width: 616px) 100vw, 616px\" \/>\t\t\t\t\t\t\n\t\t\t\t\t<\/div>\n\t\t\t\t\t\t\t\t\n<style>\n#image_1188940559 {\n  width: 100%;\n}\n<\/style>\n\t<\/div>\n\t\n\n\n\t\t<\/div>\n\t\t\t\t\t<\/div>\n\n\t\n\n<\/div>\n\n\t\t<\/div>\n\t\t\t\t\t<\/div>\n\n\t\n\n<\/div>\n\n","protected":false},"excerpt":{"rendered":"","protected":false},"author":1,"featured_media":1148,"parent":0,"menu_order":0,"comment_status":"closed","ping_status":"closed","template":"page-blank.php","meta":{"footnotes":""},"class_list":["post-2138","page","type-page","status-publish","has-post-thumbnail","hentry"],"_links":{"self":[{"href":"https:\/\/test.cacciamani.com\/es\/wp-json\/wp\/v2\/pages\/2138","targetHints":{"allow":["GET"]}}],"collection":[{"href":"https:\/\/test.cacciamani.com\/es\/wp-json\/wp\/v2\/pages"}],"about":[{"href":"https:\/\/test.cacciamani.com\/es\/wp-json\/wp\/v2\/types\/page"}],"author":[{"embeddable":true,"href":"https:\/\/test.cacciamani.com\/es\/wp-json\/wp\/v2\/users\/1"}],"replies":[{"embeddable":true,"href":"https:\/\/test.cacciamani.com\/es\/wp-json\/wp\/v2\/comments?post=2138"}],"version-history":[{"count":1,"href":"https:\/\/test.cacciamani.com\/es\/wp-json\/wp\/v2\/pages\/2138\/revisions"}],"predecessor-version":[{"id":2140,"href":"https:\/\/test.cacciamani.com\/es\/wp-json\/wp\/v2\/pages\/2138\/revisions\/2140"}],"wp:featuredmedia":[{"embeddable":true,"href":"https:\/\/test.cacciamani.com\/es\/wp-json\/wp\/v2\/media\/1148"}],"wp:attachment":[{"href":"https:\/\/test.cacciamani.com\/es\/wp-json\/wp\/v2\/media?parent=2138"}],"curies":[{"name":"wp","href":"https:\/\/api.w.org\/{rel}","templated":true}]}}